{"id":4015,"date":"2023-04-09T01:03:19","date_gmt":"2023-04-09T01:03:19","guid":{"rendered":"http:\/\/magicgamesbolivia.com\/?post_type=product&#038;p=4015"},"modified":"2024-05-05T05:02:24","modified_gmt":"2024-05-05T05:02:24","slug":"pandemic-legacy-azul","status":"publish","type":"product","link":"https:\/\/magicgamesbolivia.com\/index.php\/product\/pandemic-legacy-azul\/","title":{"rendered":"PANDEMIC LEGACY AZUL"},"content":{"rendered":"<p><strong>Era un trabajo rutinario&#8230;<\/strong><\/p>\n<p><strong>Un virus m\u00e1s resistente de lo habitual<\/strong>, pero nada a lo que vuestro equipo no pudiera enfrentarse. Sin embargo, a principios de febrero\u2026<\/p>\n<p><strong>El resultado es un a\u00f1o que la humanidad recordar\u00e1 para siempre.<\/strong>\u00a0Porque nos se trata de un virus normal.\u00a0<strong>Vuestro equipo se enfrentar\u00e1 a retos nunca antes experimentados, pero vuestras acciones quiz\u00e1 podr\u00e1n salvar a la humanidad de desaparecer de la faz de la tierra.<\/strong><\/p>\n<p><strong>\u00bfEstar\u00e9is a la altura?<\/strong>\u00a0\u00bfPodr\u00e9is superar este a\u00f1o aciago? \u00bfPodr\u00e9is enfrentaros mes tras mes a sorpresas, contratiempos y a vuestra propia desesperaci\u00f3n?\u00bfSer\u00e9is capaces de transformar todo esto en una victoria de la ciencia y del trabajo en equipo?<strong>\u00a0\u00bfEst\u00e1is todos preparados para\u00a0Pandemia Legacy?<\/strong><\/p>\n<p><strong>Pandemia Legacy: Primera temporada<\/strong>\u00a0<strong>es un innovador juego cooperativo para 2 a 4 jugadores. A diferencia de la mayor\u00eda de juegos, las decisiones que tom\u00e9is en cada partida os acompa\u00f1ar\u00e1n en todas las posteriores, siempre luchando contra el juego.<\/strong><\/p>\n<p>En\u00a0<strong>Pandemia Legacy<\/strong>\u00a0a lo largo de una campa\u00f1a de un a\u00f1o tendr\u00e9is que ir abriendo paquetes sellados, descubrir informaci\u00f3n confidencial y revelar secretos ocultos. El tiempo avanza inexorablemente y solo ten\u00e9is dos oportunidades para vencer en cada mes antes de que llegue el siguiente.\u00a0<strong>Los personajes ganar\u00e1n experiencia a lo largo de las partidas, pero tambi\u00e9n sufrir\u00e1n graves secuelas<\/strong>; las ciudades se hundir\u00e1n en el caos y virus y bacterias mutar\u00e1n en el momento m\u00e1s inoportuno.<\/p>\n<p><strong>Pandemia Legacy: Primera temporada\u00a0es un juego independiente. No es necesario tener Pandemia ni sus expansiones para jugarlo. Disponible la caja en 2 colores azul y rojo.<\/strong><\/p>\n","protected":false},"excerpt":{"rendered":"<h1>PANDEMIC LEGACY AZUL<\/h1>\n<div id=\"short_description_block\">\n<div id=\"short_description_content\" class=\"rte align_justify\">\n<p><strong>El mundo est\u00e1 al borde del desastre.<\/strong>\u00a0<strong>En el juego de mesa cooperativo\u00a0Pandemia Legacy, vuestro equipo de lucha contra las epidemias debe mantener cuatro enfermedades mortales a raya<\/strong>\u00a0durante todo un a\u00f1o.\u00a0Cada mes traer\u00e1 nuevas sorpresas, y vuestras acciones en el juego tendr\u00e1n repercusiones en el futuro.\u00a0<strong>\u00bfVais a dejar que las ciudades caigan ante las enfermedades?<\/strong><\/p>\n<table class=\"table-data-sheet\">\n<tbody>\n<tr class=\"odd\">\n<td>N\u00famero de jugadores:<\/td>\n<td>De 2 a 4 jugadores<\/td>\n<\/tr>\n<tr class=\"even\">\n<td>Duraci\u00f3n aproximada del juego:<\/td>\n<td>60 minutos<\/td>\n<\/tr>\n<tr class=\"odd\">\n<td>Edad m\u00ednima recomendada:<\/td>\n<td>13 a\u00f1os<\/td>\n<\/tr>\n<tr class=\"even\">\n<td>Tipo:<\/td>\n<td>Juego de tablero<\/td>\n<\/tr>\n<tr class=\"odd\">\n<td>G\u00e9nero:<\/td>\n<td>Cooperativo<\/td>\n<\/tr>\n<tr class=\"even\">\n<td>Idioma:<\/td>\n<td>Espa\u00f1ol<\/td>\n<\/tr>\n<tr class=\"odd\">\n<td>Marca:<\/td>\n<td>Z-MAN gam<\/td>\n<\/tr>\n<\/tbody>\n<\/table>\n<\/div>\n<\/div>\n","protected":false},"featured_media":4016,"comment_status":"open","ping_status":"closed","template":"","meta":{"_themeisle_gutenberg_block_has_review":false},"product_brand":[],"product_cat":[123,29],"product_tag":[723,291,422,173,724],"class_list":{"0":"post-4015","1":"product","2":"type-product","3":"status-publish","4":"has-post-thumbnail","6":"product_cat-otros-juegos","7":"product_cat-juegos-de-mesa","8":"product_tag-cajaazul","9":"product_tag-coperativo","10":"product_tag-legacy","11":"product_tag-pandemic","12":"product_tag-primeratemporada","14":"first","15":"outofstock","16":"shipping-taxable","17":"purchasable","18":"product-type-simple"},"_links":{"self":[{"href":"https:\/\/magicgamesbolivia.com\/index.php\/wp-json\/wp\/v2\/product\/4015","targetHints":{"allow":["GET"]}}],"collection":[{"href":"https:\/\/magicgamesbolivia.com\/index.php\/wp-json\/wp\/v2\/product"}],"about":[{"href":"https:\/\/magicgamesbolivia.com\/index.php\/wp-json\/wp\/v2\/types\/product"}],"replies":[{"embeddable":true,"href":"https:\/\/magicgamesbolivia.com\/index.php\/wp-json\/wp\/v2\/comments?post=4015"}],"version-history":[{"count":1,"href":"https:\/\/magicgamesbolivia.com\/index.php\/wp-json\/wp\/v2\/product\/4015\/revisions"}],"predecessor-version":[{"id":4019,"href":"https:\/\/magicgamesbolivia.com\/index.php\/wp-json\/wp\/v2\/product\/4015\/revisions\/4019"}],"wp:featuredmedia":[{"embeddable":true,"href":"https:\/\/magicgamesbolivia.com\/index.php\/wp-json\/wp\/v2\/media\/4016"}],"wp:attachment":[{"href":"https:\/\/magicgamesbolivia.com\/index.php\/wp-json\/wp\/v2\/media?parent=4015"}],"wp:term":[{"taxonomy":"product_brand","embeddable":true,"href":"https:\/\/magicgamesbolivia.com\/index.php\/wp-json\/wp\/v2\/product_brand?post=4015"},{"taxonomy":"product_cat","embeddable":true,"href":"https:\/\/magicgamesbolivia.com\/index.php\/wp-json\/wp\/v2\/product_cat?post=4015"},{"taxonomy":"product_tag","embeddable":true,"href":"https:\/\/magicgamesbolivia.com\/index.php\/wp-json\/wp\/v2\/product_tag?post=4015"}],"curies":[{"name":"wp","href":"https:\/\/api.w.org\/{rel}","templated":true}]}}