{"id":3975,"date":"2023-03-28T13:26:21","date_gmt":"2023-03-28T13:26:21","guid":{"rendered":"http:\/\/magicgamesbolivia.com\/?post_type=product&#038;p=3975"},"modified":"2024-09-09T23:52:19","modified_gmt":"2024-09-09T23:52:19","slug":"hanabi-que-espectaculo","status":"publish","type":"product","link":"https:\/\/magicgamesbolivia.com\/index.php\/product\/hanabi-que-espectaculo\/","title":{"rendered":"HAnNABI: QUE ESPECTACULO"},"content":{"rendered":"<p><strong>Hanabi: Que Espectaculo<\/strong>\u00a0es un\u00a0<strong>juego de cartas<\/strong>\u00a0<strong>cooperativo<\/strong>\u00a0\u00fanico, con una mec\u00e1nica bastante especial, ya que\u00a0todos los jugadores\u00a0\u00a0<strong>tendr\u00e1n que sujetar las cartas al rev\u00e9s<\/strong>, \u00a1porque la p\u00f3lvora, las mechas y los cohetes se han mezclado!<\/p>\n<p>Los jugadores\u00a0<strong>trabajan codo con codo<\/strong>\u00a0para crear un\u00a0<strong>magn\u00edfico espect\u00e1culo pirot\u00e9cnico<\/strong>.\u00a0Nadie puede ver sus cartas con tanto humo&#8230; Tendr\u00e1s que\u00a0<strong>dar a tus compa\u00f1eros informaci\u00f3n<\/strong>\u00a0de vital importancia y\u00a0<strong>recordar la que recibas t\u00fa<\/strong>\u00a0de los dem\u00e1s. \u00a1Tendr\u00e9is que\u00a0<strong>ayudaros mutuamente<\/strong>\u00a0para ofrecer un espect\u00e1culo inolvidable!<\/p>\n<p>Esta edici\u00f3n contiene la\u00a0<strong>versi\u00f3n original del juego y tres nuevas expansiones.\u00a0<\/strong>Una buena oportunidad para disfrutar de\u00a0<strong>todo el contenido de Hanabi<\/strong>\u00a0en castellano y disfrutar de un juego divertido y diferente.<\/p>\n","protected":false},"excerpt":{"rendered":"<div id=\"short_description_block\">\n<div id=\"short_description_content\" class=\"rte align_justify\">\n<p><strong>Hanabi: Que Espectaculo<\/strong>\u00a0es un\u00a0<strong>juego de cartas<\/strong>\u00a0<strong>cooperativo<\/strong>\u00a0\u00fanico, con una mec\u00e1nica bastante especial, en donde los jugadores\u00a0<strong>trabajan codo con codo<\/strong>\u00a0para crear un\u00a0<strong>magn\u00edfico espect\u00e1culo pirot\u00e9cnico<\/strong>.<\/p>\n<\/div>\n<\/div>\n<div class=\"pb-right-column\">\n<form id=\"buy_block\" action=\"https:\/\/juegosdelamesaredonda.com\/carro-de-la-compra\" method=\"post\">\n<div class=\"box-info-product\">\n<div class=\"content_prices clearfix\">\n<div>\n<table class=\"table-data-sheet\">\n<tbody>\n<tr class=\"odd\">\n<td>N\u00famero de jugadores:<\/td>\n<td>De 2 a 5 jugadores<\/td>\n<\/tr>\n<tr class=\"even\">\n<td>Duraci\u00f3n aproximada del juego:<\/td>\n<td>20 minutos<\/td>\n<\/tr>\n<tr class=\"odd\">\n<td>Edad m\u00ednima recomendada:<\/td>\n<td>8 a\u00f1os<\/td>\n<\/tr>\n<tr class=\"even\">\n<td>Tipo:<\/td>\n<td>Juego de cartas<\/td>\n<\/tr>\n<tr class=\"odd\">\n<td>G\u00e9nero:<\/td>\n<td>Cooperativo<\/td>\n<\/tr>\n<tr class=\"even\">\n<td>Idioma:<\/td>\n<td>Espa\u00f1ol<\/td>\n<\/tr>\n<tr class=\"odd\">\n<td>Marca:<\/td>\n<td>Asmodee<\/td>\n<\/tr>\n<\/tbody>\n<\/table>\n<\/div>\n<\/div>\n<\/div>\n<\/form>\n<\/div>\n","protected":false},"featured_media":3976,"comment_status":"open","ping_status":"closed","template":"","meta":{"_themeisle_gutenberg_block_has_review":false},"product_brand":[],"product_cat":[352,29],"product_tag":[279,291,719,218],"class_list":{"0":"post-3975","1":"product","2":"type-product","3":"status-publish","4":"has-post-thumbnail","6":"product_cat-asmodee","7":"product_cat-juegos-de-mesa","8":"product_tag-asmodee","9":"product_tag-coperativo","10":"product_tag-hanabi","11":"product_tag-juegodemesa","13":"first","14":"outofstock","15":"shipping-taxable","16":"purchasable","17":"product-type-simple"},"_links":{"self":[{"href":"https:\/\/magicgamesbolivia.com\/index.php\/wp-json\/wp\/v2\/product\/3975","targetHints":{"allow":["GET"]}}],"collection":[{"href":"https:\/\/magicgamesbolivia.com\/index.php\/wp-json\/wp\/v2\/product"}],"about":[{"href":"https:\/\/magicgamesbolivia.com\/index.php\/wp-json\/wp\/v2\/types\/product"}],"replies":[{"embeddable":true,"href":"https:\/\/magicgamesbolivia.com\/index.php\/wp-json\/wp\/v2\/comments?post=3975"}],"version-history":[{"count":2,"href":"https:\/\/magicgamesbolivia.com\/index.php\/wp-json\/wp\/v2\/product\/3975\/revisions"}],"predecessor-version":[{"id":5258,"href":"https:\/\/magicgamesbolivia.com\/index.php\/wp-json\/wp\/v2\/product\/3975\/revisions\/5258"}],"wp:featuredmedia":[{"embeddable":true,"href":"https:\/\/magicgamesbolivia.com\/index.php\/wp-json\/wp\/v2\/media\/3976"}],"wp:attachment":[{"href":"https:\/\/magicgamesbolivia.com\/index.php\/wp-json\/wp\/v2\/media?parent=3975"}],"wp:term":[{"taxonomy":"product_brand","embeddable":true,"href":"https:\/\/magicgamesbolivia.com\/index.php\/wp-json\/wp\/v2\/product_brand?post=3975"},{"taxonomy":"product_cat","embeddable":true,"href":"https:\/\/magicgamesbolivia.com\/index.php\/wp-json\/wp\/v2\/product_cat?post=3975"},{"taxonomy":"product_tag","embeddable":true,"href":"https:\/\/magicgamesbolivia.com\/index.php\/wp-json\/wp\/v2\/product_tag?post=3975"}],"curies":[{"name":"wp","href":"https:\/\/api.w.org\/{rel}","templated":true}]}}