{"id":3951,"date":"2023-03-16T21:00:51","date_gmt":"2023-03-16T21:00:51","guid":{"rendered":"http:\/\/magicgamesbolivia.com\/?post_type=product&#038;p=3951"},"modified":"2024-11-11T22:47:35","modified_gmt":"2024-11-11T22:47:35","slug":"eldritch-horror-las-tierras-del-sueno","status":"publish","type":"product","link":"https:\/\/magicgamesbolivia.com\/index.php\/product\/eldritch-horror-las-tierras-del-sueno\/","title":{"rendered":"Eldritch Horror: Las Tierras del Sue\u00f1o"},"content":{"rendered":"<p><em>Hace meses que viste la ciudad de la puesta de sol en un sue\u00f1o, altos minaretes y c\u00fapulas, acariciados por la sombra y la luz rojiza del gentil orbe de fuego en permanente puesta a las afueras de la ciudad. Desde entonces, has\u00a0cruzado la frontera cada noche, buscando la ciudad, esperando poder hollarla. Has visto incomparables maravillas: los gatos sagrados de Ulthar y la ciudad turquesa de Celepha\u00efs sobre las laderas del Monte Aran. Casi has abandonado tu vida de contemplaci\u00f3n, comiendo cada vez menos, pasando m\u00e1s y m\u00e1s tiempo dormido. Pero esta noche es diferente. Aqu\u00ed, el plateado horizonte, delgado como el filo de un cuchillo,\u00a0entre la vigilia y el sue\u00f1o, las naves negras de la luna te han dado alcance&#8230;<\/em><\/p>\n<p><strong>Las Tierras del Sue\u00f1o<\/strong>\u00a0es una\u00a0<strong>expansi\u00f3n para el juego de mesa de misterio y terror Eldritch Horror<\/strong>, en el que tomar\u00e9is el papel de<strong>\u00a0investigadores que deben viajar por todo el mundo<\/strong>, trabajando contra las adversidades para contener el horror que se aproxima.\u00a0<strong>Horribles monstruos, oscuros misterios y brutales retos\u00a0te llevar\u00e1n hasta el l\u00edmite y m\u00e1s all\u00e1<\/strong>. Deb\u00e9is revelar los misterios de otros mundos con el objetivo de hacer retroceder al caos que se avecina y que amenaza con aniquilar a la humanidad.<\/p>\n<p><strong>Desciende a un mundo de sue\u00f1os y esplendor con Las tierras del Sue\u00f1o<\/strong>. Por primera vez podr\u00e1s caminar sobre la hierba de dulce olor del Bosque Encantado, viajar al Inframundo, o navegar m\u00e1s all\u00e1 del borde del mundo y viajar a la luna.<\/p>\n<p>Esta expansi\u00f3n presenta un\u00a0<strong>nuevo tablero<\/strong>, mostrando las et\u00e9reas y m\u00edsticas tierras del sue\u00f1o. A medida que el reino de los sue\u00f1os se filtra a nuestro mundo, encontrar\u00e1s\u00a0<strong>8 nuevos investigadores<\/strong>\u00a0unidos contras\u00a0<strong>dos insidiosos primigenios<\/strong>: Atlach-Nacha el Tejesue\u00f1os\u00a0e Hipnos, El se\u00f1or del sue\u00f1o. Con un gran n\u00famero de\u00a0<strong>nuevos hechizos, condiciones, aventuras, cartas de mitos y encuentros<\/strong>\u00a0para todas las localizaciones.\u00a0<strong>Las Tierras del Sue\u00f1o ofrece aventuras inimaginables<\/strong>\u00a0por nadie en el mundo de los despiertos.<\/p>\n<p><strong>La expansi\u00f3n\u00a0Las Tierras del Sue\u00f1o\u00a0contiene:<\/strong><\/p>\n<p>1 tablero de juego, 1 reglamento, 8 hojas de Investigador, 2 hojas de Primigenio, 24 cartas de Mitos, 32 cartas de Encuentro de Lugar, 48 cartas de Encuentro de Investigaci\u00f3n, 6 cartas de Encuentro de Otros Mundos, 6 cartas de Encuentro de B\u00fasqueda on\u00edrica, 24 cartas de Encuentro Especial, 12 cartas de Misterio, 8 cartas de Aventura, 6 cartas de Preludio, 4 cartas de Artefacto, 16 cartas de Apoyo, 19 cartas de Estado, 12 cartas de Hechizo, 25 cartas de Apoyo \u00fanico, 4 cartas de resumen de la ronda, 11 fichas de Monstruo, 7 fichas de Pista, 12 fichas de Concentraci\u00f3n, 3 fichas de Portal, 1 ficha de Aventura, 3 fichas de Puerta on\u00edrica, 1 ficha de B\u00fasqueda on\u00edrica, 4 fichas de Salud y Cordura, 8 fichas de Investigador y 8 soportes de pl\u00e1stico.<\/p>\n","protected":false},"excerpt":{"rendered":"<p>Desciende a un mundo de sue\u00f1os y esplendor con<strong>\u00a0Las tierras del Sue\u00f1o,\u00a0<\/strong>la \u00faltima\u00a0<strong>expansi\u00f3n para el juego de mesa<\/strong>\u00a0de misterio y terror<strong>\u00a0Eldritch Horror<\/strong>. Esta completa expansi\u00f3n contiene\u00a0<strong>8 nuevos investigadores<\/strong>, un\u00a0<strong>nuevo tablero<\/strong>,\u00a0<strong>dos primigenios<\/strong>\u00a0y\u00a0un gran n\u00famero de\u00a0<strong>nuevos hechizos, condiciones, aventuras, cartas de mitos y encuentros.<\/strong><\/p>\n<table class=\"table-data-sheet\">\n<tbody>\n<tr class=\"odd\">\n<td>Tipo:<\/td>\n<td>Juego de tablero<\/td>\n<\/tr>\n<tr class=\"even\">\n<td>G\u00e9nero:<\/td>\n<td>Misterio<\/td>\n<\/tr>\n<tr class=\"odd\">\n<td>Idioma:<\/td>\n<td>Espa\u00f1ol<\/td>\n<\/tr>\n<tr class=\"even\">\n<td>Marca:<\/td>\n<td>Fantasy Flight Games<\/td>\n<\/tr>\n<\/tbody>\n<\/table>\n","protected":false},"featured_media":3952,"comment_status":"open","ping_status":"closed","template":"","meta":{"_themeisle_gutenberg_block_has_review":false},"product_brand":[],"product_cat":[123,29],"product_tag":[288,714,172],"class_list":{"0":"post-3951","1":"product","2":"type-product","3":"status-publish","4":"has-post-thumbnail","6":"product_cat-otros-juegos","7":"product_cat-juegos-de-mesa","8":"product_tag-expansion","9":"product_tag-horror","10":"product_tag-lovecraft","12":"first","13":"outofstock","14":"shipping-taxable","15":"purchasable","16":"product-type-simple"},"_links":{"self":[{"href":"https:\/\/magicgamesbolivia.com\/index.php\/wp-json\/wp\/v2\/product\/3951","targetHints":{"allow":["GET"]}}],"collection":[{"href":"https:\/\/magicgamesbolivia.com\/index.php\/wp-json\/wp\/v2\/product"}],"about":[{"href":"https:\/\/magicgamesbolivia.com\/index.php\/wp-json\/wp\/v2\/types\/product"}],"replies":[{"embeddable":true,"href":"https:\/\/magicgamesbolivia.com\/index.php\/wp-json\/wp\/v2\/comments?post=3951"}],"version-history":[{"count":1,"href":"https:\/\/magicgamesbolivia.com\/index.php\/wp-json\/wp\/v2\/product\/3951\/revisions"}],"predecessor-version":[{"id":3954,"href":"https:\/\/magicgamesbolivia.com\/index.php\/wp-json\/wp\/v2\/product\/3951\/revisions\/3954"}],"wp:featuredmedia":[{"embeddable":true,"href":"https:\/\/magicgamesbolivia.com\/index.php\/wp-json\/wp\/v2\/media\/3952"}],"wp:attachment":[{"href":"https:\/\/magicgamesbolivia.com\/index.php\/wp-json\/wp\/v2\/media?parent=3951"}],"wp:term":[{"taxonomy":"product_brand","embeddable":true,"href":"https:\/\/magicgamesbolivia.com\/index.php\/wp-json\/wp\/v2\/product_brand?post=3951"},{"taxonomy":"product_cat","embeddable":true,"href":"https:\/\/magicgamesbolivia.com\/index.php\/wp-json\/wp\/v2\/product_cat?post=3951"},{"taxonomy":"product_tag","embeddable":true,"href":"https:\/\/magicgamesbolivia.com\/index.php\/wp-json\/wp\/v2\/product_tag?post=3951"}],"curies":[{"name":"wp","href":"https:\/\/api.w.org\/{rel}","templated":true}]}}