{"id":3947,"date":"2023-03-16T20:55:38","date_gmt":"2023-03-16T20:55:38","guid":{"rendered":"http:\/\/magicgamesbolivia.com\/?post_type=product&#038;p=3947"},"modified":"2024-12-30T01:27:36","modified_gmt":"2024-12-30T01:27:36","slug":"eldritch-horror-las-mascaras-de-nyarlathotep","status":"publish","type":"product","link":"https:\/\/magicgamesbolivia.com\/index.php\/product\/eldritch-horror-las-mascaras-de-nyarlathotep\/","title":{"rendered":"ELDRITCH HORROR: LAS MASCARAS DE NYARLATHOTEP"},"content":{"rendered":"<p><em>El Dios de las Mil Formas<\/em><\/p>\n<p><em>Sectas que aparentemente no tienen ninguna relaci\u00f3n y que manten\u00edan una actividad reducida han puesto en marcha un plan que trae la perdici\u00f3n a la humanidad. Trabajan por todo el mundo con un \u00fanico prop\u00f3sito: abrir el Gran Portal y provocar la ca\u00edda de la raza humana. \u00bfQu\u00e9 fuerza maligna podr\u00eda haber unido estas organizaciones tan dispares hasta el momento? Y m\u00e1s importante a\u00fan&#8230; \u00bfEs posible detenerlas?<\/em><\/p>\n<div class=\"p_collection\">\n<p><strong>Eldritch Horror:\u00a0Las mascaras de Nyarlathotep<\/strong>\u00a0es una\u00a0<strong>expansi\u00f3n<\/strong>\u00a0para el juego de mesa\u00a0<strong>Eldritch Horror\u00a0<\/strong>que env\u00eda a los\u00a0<strong>investigadores contra el Caos Reptante<\/strong>\u00a0en una\u00a0<strong>batalla por el alma de la humanidad<\/strong>. En este homenaje aventurero a una de las\u00a0<strong>mejores campa\u00f1as de rol<\/strong>\u00a0de todos los tiempos,\u00a0<strong>siete nuevos e intr\u00e9pidos investigadores<\/strong>\u00a0se unen a una misi\u00f3n en la que se ver\u00e1n forjados por el fuego del destino o consumidos por \u00e9l.<\/p>\n<p>Las m\u00e1scaras de Nyarlathotep\u00a0presenta\u00a0<strong>Historias personales espec\u00edficas de cada investigador<\/strong>, las\u00a0<strong>acciones de concentrarse y obtener Recursos<\/strong>\u00a0y una\u00a0<strong>gran variedad de Apoyos, Hechizos y Artefactos adicionales<\/strong>\u00a0para\u00a0Eldritch Horror.<\/p>\n<p>Esta expansi\u00f3n proporciona a los investigadores todo lo que necesitan para\u00a0<strong>medirse con sus dos nuevos Primigenios<\/strong>, as\u00ed como para afrontar el\u00a0<strong>nuevo modo de campa\u00f1a<\/strong>.<\/p>\n<p>\u00a1El Se\u00f1or de Kadath despierta!<\/p>\n<\/div>\n","protected":false},"excerpt":{"rendered":"<p><strong>Eldritch Horror: Las mascaras de Nyarlathotep<\/strong>\u00a0es una\u00a0<strong>expansi\u00f3n<\/strong>\u00a0para el juego de mesa\u00a0<strong>Eldritch Horror<\/strong>\u00a0en donde\u00a0los investigadores\u00a0<strong>luchar\u00e1n contra el Caos Reptante<\/strong>\u00a0en una batalla por\u00a0<strong>el alma de la humanidad<\/strong>, en un homenaje aventurero a una de las\u00a0<strong>mejores campa\u00f1as de rol<\/strong> de todos los tiempos.<\/p>\n<table class=\"table-data-sheet\">\n<tbody>\n<tr class=\"odd\">\n<td>N\u00famero de jugadores:<\/td>\n<td>De 1 a 8 jugadores<\/td>\n<\/tr>\n<tr class=\"even\">\n<td>Duraci\u00f3n aproximada del juego:<\/td>\n<td>120 minutos<\/td>\n<\/tr>\n<tr class=\"odd\">\n<td>Edad m\u00ednima recomendada:<\/td>\n<td>14 a\u00f1os<\/td>\n<\/tr>\n<tr class=\"even\">\n<td>Tipo:<\/td>\n<td>Juego de tablero<\/td>\n<\/tr>\n<tr class=\"odd\">\n<td>G\u00e9nero:<\/td>\n<td>Misterio<\/td>\n<\/tr>\n<tr class=\"even\">\n<td>Idioma:<\/td>\n<td>Espa\u00f1ol<\/td>\n<\/tr>\n<tr class=\"odd\">\n<td>Marca:<\/td>\n<td>Fantasy Flight Games<\/td>\n<\/tr>\n<\/tbody>\n<\/table>\n","protected":false},"featured_media":3948,"comment_status":"open","ping_status":"closed","template":"","meta":{"_themeisle_gutenberg_block_has_review":false},"product_brand":[],"product_cat":[123,29],"product_tag":[713,660,172],"class_list":{"0":"post-3947","1":"product","2":"type-product","3":"status-publish","4":"has-post-thumbnail","6":"product_cat-otros-juegos","7":"product_cat-juegos-de-mesa","8":"product_tag-eldritch-horror-las-mascaras-de-nyarlathotep","9":"product_tag-eldritchhorror","10":"product_tag-lovecraft","12":"first","13":"outofstock","14":"shipping-taxable","15":"purchasable","16":"product-type-simple"},"_links":{"self":[{"href":"https:\/\/magicgamesbolivia.com\/index.php\/wp-json\/wp\/v2\/product\/3947","targetHints":{"allow":["GET"]}}],"collection":[{"href":"https:\/\/magicgamesbolivia.com\/index.php\/wp-json\/wp\/v2\/product"}],"about":[{"href":"https:\/\/magicgamesbolivia.com\/index.php\/wp-json\/wp\/v2\/types\/product"}],"replies":[{"embeddable":true,"href":"https:\/\/magicgamesbolivia.com\/index.php\/wp-json\/wp\/v2\/comments?post=3947"}],"version-history":[{"count":1,"href":"https:\/\/magicgamesbolivia.com\/index.php\/wp-json\/wp\/v2\/product\/3947\/revisions"}],"predecessor-version":[{"id":3950,"href":"https:\/\/magicgamesbolivia.com\/index.php\/wp-json\/wp\/v2\/product\/3947\/revisions\/3950"}],"wp:featuredmedia":[{"embeddable":true,"href":"https:\/\/magicgamesbolivia.com\/index.php\/wp-json\/wp\/v2\/media\/3948"}],"wp:attachment":[{"href":"https:\/\/magicgamesbolivia.com\/index.php\/wp-json\/wp\/v2\/media?parent=3947"}],"wp:term":[{"taxonomy":"product_brand","embeddable":true,"href":"https:\/\/magicgamesbolivia.com\/index.php\/wp-json\/wp\/v2\/product_brand?post=3947"},{"taxonomy":"product_cat","embeddable":true,"href":"https:\/\/magicgamesbolivia.com\/index.php\/wp-json\/wp\/v2\/product_cat?post=3947"},{"taxonomy":"product_tag","embeddable":true,"href":"https:\/\/magicgamesbolivia.com\/index.php\/wp-json\/wp\/v2\/product_tag?post=3947"}],"curies":[{"name":"wp","href":"https:\/\/api.w.org\/{rel}","templated":true}]}}