{"id":3797,"date":"2023-02-05T14:57:17","date_gmt":"2023-02-05T14:57:17","guid":{"rendered":"http:\/\/magicgamesbolivia.com\/?post_type=product&#038;p=3797"},"modified":"2024-10-22T13:22:02","modified_gmt":"2024-10-22T13:22:02","slug":"virus-2-evolution-expansion","status":"publish","type":"product","link":"https:\/\/magicgamesbolivia.com\/index.php\/product\/virus-2-evolution-expansion\/","title":{"rendered":"Virus! 2 Evolution (Expansi\u00f3n)"},"content":{"rendered":"<h2><strong>\u00a1Los Virus han evolucionado!<\/strong><\/h2>\n<p>Justo cuando los esfuerzos de nuestros m\u00e9dicos empezaban a dar sus frutos, los problemas se complican. Las muestras almacenadas en el laboratorio para su estudio, revelan que los virus han mutado y se han vuelto<strong>\u00a0mucho m\u00e1s resistentes y agresivos<\/strong>.<\/p>\n<p>Toda la diversi\u00f3n de Virus! ahora duplicada con las\u00a0<strong>nuevas cartas<\/strong>\u00a0de la expansi\u00f3n\u00a0<strong>Virus 2! Evolution<\/strong>.<\/p>\n<ul>\n<li><strong>Consigue<\/strong>\u00a0cuatro \u00f3rganos de cada color.<\/li>\n<li><strong>Elimina<\/strong>\u00a0los virus e\u00a0<strong>inmuniza<\/strong>\u00a0tus \u00f3rganos para que no se puedan contagiar.<\/li>\n<li><strong>Sabotea<\/strong>\u00a0a tus rivales para ser la primera persona en tener los cuatro \u00f3rganos sanos.<\/li>\n<\/ul>\n<p>\u00a1Cont\u00e1giate con esta expansi\u00f3n y divi\u00e9rtete en familia o con amigos!<\/p>\n","protected":false},"excerpt":{"rendered":"<p><strong>ADVERTENCIA:<\/strong>\u00a0Virus! 2 Evolution es una expansi\u00f3n y se necesita\u00a0Virus!\u00a0para poder jugar.<\/p>\n<div class=\"game_attributes__item game_attributes__item--jugadores\">\n<div class=\"icon\"><img decoding=\"async\" src=\"https:\/\/tranjisgames.com\/wp-content\/themes\/kallyas-child\/images\/icono-jugadores.svg\" \/><\/div>\n<div class=\"desc\"><span class=\"intervalo\">2-6<\/span><\/div>\n<\/div>\n<div class=\"game_attributes__item game_attributes__item--tiempo\">\n<div class=\"icon\"><img decoding=\"async\" src=\"https:\/\/tranjisgames.com\/wp-content\/themes\/kallyas-child\/images\/icono-tiempo.svg\" \/><\/div>\n<div class=\"desc\">20 min<\/div>\n<\/div>\n<div class=\"game_attributes__item game_attributes__item--edad\">\n<div class=\"icon\"><img decoding=\"async\" src=\"https:\/\/tranjisgames.com\/wp-content\/themes\/kallyas-child\/images\/icono-edad.svg\" \/><\/div>\n<div class=\"desc\">8+<\/div>\n<\/div>\n","protected":false},"featured_media":3798,"comment_status":"open","ping_status":"closed","template":"","meta":{"_themeisle_gutenberg_block_has_review":false},"product_brand":[],"product_cat":[123,29],"product_tag":[288,216,155,265],"class_list":{"0":"post-3797","1":"product","2":"type-product","3":"status-publish","4":"has-post-thumbnail","6":"product_cat-otros-juegos","7":"product_cat-juegos-de-mesa","8":"product_tag-expansion","9":"product_tag-juegosdecartas","10":"product_tag-juegosdemesa","11":"product_tag-virus","13":"first","14":"instock","15":"shipping-taxable","16":"purchasable","17":"product-type-simple"},"_links":{"self":[{"href":"https:\/\/magicgamesbolivia.com\/index.php\/wp-json\/wp\/v2\/product\/3797","targetHints":{"allow":["GET"]}}],"collection":[{"href":"https:\/\/magicgamesbolivia.com\/index.php\/wp-json\/wp\/v2\/product"}],"about":[{"href":"https:\/\/magicgamesbolivia.com\/index.php\/wp-json\/wp\/v2\/types\/product"}],"replies":[{"embeddable":true,"href":"https:\/\/magicgamesbolivia.com\/index.php\/wp-json\/wp\/v2\/comments?post=3797"}],"version-history":[{"count":1,"href":"https:\/\/magicgamesbolivia.com\/index.php\/wp-json\/wp\/v2\/product\/3797\/revisions"}],"predecessor-version":[{"id":3799,"href":"https:\/\/magicgamesbolivia.com\/index.php\/wp-json\/wp\/v2\/product\/3797\/revisions\/3799"}],"wp:featuredmedia":[{"embeddable":true,"href":"https:\/\/magicgamesbolivia.com\/index.php\/wp-json\/wp\/v2\/media\/3798"}],"wp:attachment":[{"href":"https:\/\/magicgamesbolivia.com\/index.php\/wp-json\/wp\/v2\/media?parent=3797"}],"wp:term":[{"taxonomy":"product_brand","embeddable":true,"href":"https:\/\/magicgamesbolivia.com\/index.php\/wp-json\/wp\/v2\/product_brand?post=3797"},{"taxonomy":"product_cat","embeddable":true,"href":"https:\/\/magicgamesbolivia.com\/index.php\/wp-json\/wp\/v2\/product_cat?post=3797"},{"taxonomy":"product_tag","embeddable":true,"href":"https:\/\/magicgamesbolivia.com\/index.php\/wp-json\/wp\/v2\/product_tag?post=3797"}],"curies":[{"name":"wp","href":"https:\/\/api.w.org\/{rel}","templated":true}]}}