{"id":3789,"date":"2023-02-02T22:14:54","date_gmt":"2023-02-02T22:14:54","guid":{"rendered":"http:\/\/magicgamesbolivia.com\/?post_type=product&#038;p=3789"},"modified":"2023-07-21T17:16:45","modified_gmt":"2023-07-21T17:16:45","slug":"zombicide-segunda-edicion-extra-players-upgrade-set","status":"publish","type":"product","link":"https:\/\/magicgamesbolivia.com\/index.php\/product\/zombicide-segunda-edicion-extra-players-upgrade-set\/","title":{"rendered":"Zombicide Segunda Edici\u00f3n Extra Players Upgrade Set"},"content":{"rendered":"<h2>Detalle del juego<\/h2>\n<p>La gran ciudad est\u00e1 infestada de zombis, y a los Supervivientes no les vendr\u00eda mal contar con m\u00e1s amigos. \u00a1Con este pack de ampliaci\u00f3n para\u00a0<i>Zombicide 2\u00aa edici\u00f3n<\/i>\u00a0podr\u00e9is jugar partidas con un total de 12 jugadores! Se incluyen 6 paneles de control, cartas de Equipo inicial, peanas de colores e indicadores de 6 colores nuevos y diferentes.<\/p>\n","protected":false},"excerpt":{"rendered":"<h2>Detalle del juego<\/h2>\n<p>La gran ciudad est\u00e1 infestada de zombis, y a los Supervivientes no les vendr\u00eda mal contar con m\u00e1s amigos. \u00a1Con este pack de ampliaci\u00f3n para\u00a0<i>Zombicide 2\u00aa edici\u00f3n<\/i>\u00a0podr\u00e9is jugar partidas con un total de 12 jugadores! Se incluyen 6 paneles de control, cartas de Equipo inicial, peanas de colores e indicadores de 6 colores nuevos y diferentes.<\/p>\n","protected":false},"featured_media":3790,"comment_status":"open","ping_status":"closed","template":"","meta":{"_themeisle_gutenberg_block_has_review":false},"product_brand":[],"product_cat":[123,29],"product_tag":[674,191,675],"class_list":{"0":"post-3789","1":"product","2":"type-product","3":"status-publish","4":"has-post-thumbnail","6":"product_cat-otros-juegos","7":"product_cat-juegos-de-mesa","8":"product_tag-extraplay","9":"product_tag-zombicide","10":"product_tag-zombicidesegundaedicion","12":"first","13":"outofstock","14":"shipping-taxable","15":"purchasable","16":"product-type-simple"},"_links":{"self":[{"href":"https:\/\/magicgamesbolivia.com\/index.php\/wp-json\/wp\/v2\/product\/3789","targetHints":{"allow":["GET"]}}],"collection":[{"href":"https:\/\/magicgamesbolivia.com\/index.php\/wp-json\/wp\/v2\/product"}],"about":[{"href":"https:\/\/magicgamesbolivia.com\/index.php\/wp-json\/wp\/v2\/types\/product"}],"replies":[{"embeddable":true,"href":"https:\/\/magicgamesbolivia.com\/index.php\/wp-json\/wp\/v2\/comments?post=3789"}],"version-history":[{"count":1,"href":"https:\/\/magicgamesbolivia.com\/index.php\/wp-json\/wp\/v2\/product\/3789\/revisions"}],"predecessor-version":[{"id":3792,"href":"https:\/\/magicgamesbolivia.com\/index.php\/wp-json\/wp\/v2\/product\/3789\/revisions\/3792"}],"wp:featuredmedia":[{"embeddable":true,"href":"https:\/\/magicgamesbolivia.com\/index.php\/wp-json\/wp\/v2\/media\/3790"}],"wp:attachment":[{"href":"https:\/\/magicgamesbolivia.com\/index.php\/wp-json\/wp\/v2\/media?parent=3789"}],"wp:term":[{"taxonomy":"product_brand","embeddable":true,"href":"https:\/\/magicgamesbolivia.com\/index.php\/wp-json\/wp\/v2\/product_brand?post=3789"},{"taxonomy":"product_cat","embeddable":true,"href":"https:\/\/magicgamesbolivia.com\/index.php\/wp-json\/wp\/v2\/product_cat?post=3789"},{"taxonomy":"product_tag","embeddable":true,"href":"https:\/\/magicgamesbolivia.com\/index.php\/wp-json\/wp\/v2\/product_tag?post=3789"}],"curies":[{"name":"wp","href":"https:\/\/api.w.org\/{rel}","templated":true}]}}