{"id":3767,"date":"2023-01-31T01:20:27","date_gmt":"2023-01-31T01:20:27","guid":{"rendered":"http:\/\/magicgamesbolivia.com\/?post_type=product&#038;p=3767"},"modified":"2024-08-30T15:05:38","modified_gmt":"2024-08-30T15:05:38","slug":"tranvia-mortal-expansion-vias-modificadores","status":"publish","type":"product","link":"https:\/\/magicgamesbolivia.com\/index.php\/product\/tranvia-mortal-expansion-vias-modificadores\/","title":{"rendered":"Tranv\u00eda Mortal Expansi\u00f3n V\u00edas + Modificadores"},"content":{"rendered":"<h2>Detalle del juego<\/h2>\n<p>Esta expansi\u00f3n contiene 100 cartas de un mal gusto inimaginable con Inocentes y Culpables horrorosos, y otras 100 cartas de Modificador a\u00fan peores para que puedas quedarte a gusto con tu tranv\u00eda. \u00a1Te hemos avisado! \u00a1Luego no nos vengas llorando!<\/p>\n<p>CONTENIDO: 200 cartas<\/p>\n","protected":false},"excerpt":{"rendered":"<h2>Detalle del juego<\/h2>\n<p>Esta expansi\u00f3n contiene 100 cartas de un mal gusto inimaginable con Inocentes y Culpables horrorosos, y otras 100 cartas de Modificador a\u00fan peores para que puedas quedarte a gusto con tu tranv\u00eda. \u00a1Te hemos avisado! \u00a1Luego no nos vengas llorando!<\/p>\n<p>CONTENIDO: 200 cartas<\/p>\n","protected":false},"featured_media":3768,"comment_status":"open","ping_status":"closed","template":"","meta":{"_themeisle_gutenberg_block_has_review":false},"product_brand":[],"product_cat":[123,29],"product_tag":[288,308,671,652],"class_list":{"0":"post-3767","1":"product","2":"type-product","3":"status-publish","4":"has-post-thumbnail","6":"product_cat-otros-juegos","7":"product_cat-juegos-de-mesa","8":"product_tag-expansion","9":"product_tag-partygame","10":"product_tag-tranvia-mortal-expansion-vias-modificadores","11":"product_tag-tranviamortal","13":"first","14":"instock","15":"shipping-taxable","16":"purchasable","17":"product-type-simple"},"_links":{"self":[{"href":"https:\/\/magicgamesbolivia.com\/index.php\/wp-json\/wp\/v2\/product\/3767","targetHints":{"allow":["GET"]}}],"collection":[{"href":"https:\/\/magicgamesbolivia.com\/index.php\/wp-json\/wp\/v2\/product"}],"about":[{"href":"https:\/\/magicgamesbolivia.com\/index.php\/wp-json\/wp\/v2\/types\/product"}],"replies":[{"embeddable":true,"href":"https:\/\/magicgamesbolivia.com\/index.php\/wp-json\/wp\/v2\/comments?post=3767"}],"version-history":[{"count":1,"href":"https:\/\/magicgamesbolivia.com\/index.php\/wp-json\/wp\/v2\/product\/3767\/revisions"}],"predecessor-version":[{"id":3769,"href":"https:\/\/magicgamesbolivia.com\/index.php\/wp-json\/wp\/v2\/product\/3767\/revisions\/3769"}],"wp:featuredmedia":[{"embeddable":true,"href":"https:\/\/magicgamesbolivia.com\/index.php\/wp-json\/wp\/v2\/media\/3768"}],"wp:attachment":[{"href":"https:\/\/magicgamesbolivia.com\/index.php\/wp-json\/wp\/v2\/media?parent=3767"}],"wp:term":[{"taxonomy":"product_brand","embeddable":true,"href":"https:\/\/magicgamesbolivia.com\/index.php\/wp-json\/wp\/v2\/product_brand?post=3767"},{"taxonomy":"product_cat","embeddable":true,"href":"https:\/\/magicgamesbolivia.com\/index.php\/wp-json\/wp\/v2\/product_cat?post=3767"},{"taxonomy":"product_tag","embeddable":true,"href":"https:\/\/magicgamesbolivia.com\/index.php\/wp-json\/wp\/v2\/product_tag?post=3767"}],"curies":[{"name":"wp","href":"https:\/\/api.w.org\/{rel}","templated":true}]}}