{"id":3760,"date":"2023-01-31T01:00:37","date_gmt":"2023-01-31T01:00:37","guid":{"rendered":"http:\/\/magicgamesbolivia.com\/?post_type=product&#038;p=3760"},"modified":"2026-02-24T14:14:25","modified_gmt":"2026-02-24T14:14:25","slug":"zombicide-segunda-edicion-fort-hendrix","status":"publish","type":"product","link":"https:\/\/magicgamesbolivia.com\/index.php\/product\/zombicide-segunda-edicion-fort-hendrix\/","title":{"rendered":"Zombicide Segunda Edici\u00f3n Fort Hendrix"},"content":{"rendered":"<h2>Detalle del juego<\/h2>\n<p><i>A veces merece la pena jugarse la vida por descubrir la verdad. Sobre todo si explica por qu\u00e9 los zombis aparecieron de la nada. \u00c9sta es nuestra historia, la historia de nuestra guerra contra el ej\u00e9rcito zombi. Es el fin del mundo, y nuestra amiga necesita ayuda. Penny podr\u00eda tener una pista que nos ayude a comprender lo que est\u00e1 ocurriendo. Su madre, la doctora Kirkland, trabajaba como bi\u00f3loga en el Fuerte Hendrix, una base militar. Tal vez all\u00ed descubramos el origen de la plaga zombi.<\/i><br \/>\n\u00a1Vive una experiencia Zombicide como nunca antes! Fort Hendrix presenta a 6 nuevos Supervivientes y una campa\u00f1a completa ambientada en una base militar estadounidense. Con las reglas avanzadas de esta expansi\u00f3n, la trama se desarrolla a lo largo de 10 misiones que plantean desaf\u00edos y oportunidades en funci\u00f3n de las decisiones que tomen los jugadores. \u00a1Explora las nuevas mec\u00e1nicas que permiten a los Supervivientes conservar cartas de Equipo para futuras misiones y conseguir logros que les brindar\u00e1n aptitudes exclusivas en los cap\u00edtulos posteriores de su aventura! Enfr\u00e9ntate a los mort\u00edferos Caminantes fusileros, soldados no muertos que a\u00fan recuerdan c\u00f3mo disparar sus fusiles de asalto. Toma decisiones cruciales usando cartas de Objetivo. Emplea las reglas de A por todas para desatar todo su potencial aun a riesgo de romperlas. La ficha especial de Reloj y las reglas de nocturnidad permiten a los Supervivientes luchar durante toda la noche. Fort Hendrix oculta turbios secretos y muchas otras cosas que aguardan a ser descubiertos.<\/p>\n","protected":false},"excerpt":{"rendered":"<p><strong>CONTENIDO<\/strong><br \/>\n\u2022 13 miniaturas: &#8211; 6 Supervivientes &#8211; 1 Acompa\u00f1ante &#8211; 6 Caminantes fusileros<br \/>\n\u2022 97 cartas de Equipo<br \/>\n\u2022 40 cartas de Zombi<br \/>\n\u2022 6 tarjetas de Superviviente<br \/>\n\u2022 91 cartas de Objetivo<br \/>\n\u2022 6 m\u00f3dulos de tablero de doble cara<br \/>\n\u2022 6 dados de A por todas<br \/>\n\u2022 7 fichas<br \/>\n\u2022 1 cuaderno de reglas<br \/>\n\u2022 1 bloc de hojas de campa\u00f1a<\/p>\n<p><strong>NOTA<\/strong><br \/>\nZombicide: Fort Hendrix es una expansi\u00f3n para el juego de tablero Zombicide: 2\u00aa edici\u00f3n.<\/p>\n","protected":false},"featured_media":3761,"comment_status":"open","ping_status":"closed","template":"","meta":{"_themeisle_gutenberg_block_has_review":false},"product_brand":[],"product_cat":[123,29],"product_tag":[288,191,670],"class_list":{"0":"post-3760","1":"product","2":"type-product","3":"status-publish","4":"has-post-thumbnail","6":"product_cat-otros-juegos","7":"product_cat-juegos-de-mesa","8":"product_tag-expansion","9":"product_tag-zombicide","10":"product_tag-zombicide-segunda-edicion-fort-hendrix","12":"first","13":"instock","14":"shipping-taxable","15":"purchasable","16":"product-type-simple"},"_links":{"self":[{"href":"https:\/\/magicgamesbolivia.com\/index.php\/wp-json\/wp\/v2\/product\/3760","targetHints":{"allow":["GET"]}}],"collection":[{"href":"https:\/\/magicgamesbolivia.com\/index.php\/wp-json\/wp\/v2\/product"}],"about":[{"href":"https:\/\/magicgamesbolivia.com\/index.php\/wp-json\/wp\/v2\/types\/product"}],"replies":[{"embeddable":true,"href":"https:\/\/magicgamesbolivia.com\/index.php\/wp-json\/wp\/v2\/comments?post=3760"}],"version-history":[{"count":1,"href":"https:\/\/magicgamesbolivia.com\/index.php\/wp-json\/wp\/v2\/product\/3760\/revisions"}],"predecessor-version":[{"id":3764,"href":"https:\/\/magicgamesbolivia.com\/index.php\/wp-json\/wp\/v2\/product\/3760\/revisions\/3764"}],"wp:featuredmedia":[{"embeddable":true,"href":"https:\/\/magicgamesbolivia.com\/index.php\/wp-json\/wp\/v2\/media\/3761"}],"wp:attachment":[{"href":"https:\/\/magicgamesbolivia.com\/index.php\/wp-json\/wp\/v2\/media?parent=3760"}],"wp:term":[{"taxonomy":"product_brand","embeddable":true,"href":"https:\/\/magicgamesbolivia.com\/index.php\/wp-json\/wp\/v2\/product_brand?post=3760"},{"taxonomy":"product_cat","embeddable":true,"href":"https:\/\/magicgamesbolivia.com\/index.php\/wp-json\/wp\/v2\/product_cat?post=3760"},{"taxonomy":"product_tag","embeddable":true,"href":"https:\/\/magicgamesbolivia.com\/index.php\/wp-json\/wp\/v2\/product_tag?post=3760"}],"curies":[{"name":"wp","href":"https:\/\/api.w.org\/{rel}","templated":true}]}}