{"id":3752,"date":"2023-01-27T18:44:55","date_gmt":"2023-01-27T18:44:55","guid":{"rendered":"http:\/\/magicgamesbolivia.com\/?post_type=product&#038;p=3752"},"modified":"2025-12-11T18:42:54","modified_gmt":"2025-12-11T18:42:54","slug":"munchkin","status":"publish","type":"product","link":"https:\/\/magicgamesbolivia.com\/index.php\/product\/munchkin\/","title":{"rendered":"Munchkin"},"content":{"rendered":"<p><em><strong>\u00bfAlguna vez has deseado matar monstruos y quedarte con sus tesoros? \u00bfY si te digo que a la vez puedes apu\u00f1alar a tus amigos para conseguir toda la gloria? Esto y mucho m\u00e1s es\u00a0Munchkin.<\/strong><\/em><\/p>\n<p>&nbsp;<\/p>\n<p><strong>Munchkin<\/strong>\u00a0es un divertido juego de cartas en el que tendremos que convertirnos en mago, elfo, enano o incluso ladr\u00f3n y matar a todo lo que encontremos a nuestro paso para subir de nivel y ganar la fama y la gloria mientras no perdemos de vista a\u00a0<strong>\u201cnuestros amigos\u201d<\/strong>\u00a0a los cuales tendremos que apu\u00f1alar vilmente para que bajen sus puntuaciones y no puedan hacerse con nuestra gloria.<\/p>\n<p><em><strong>Baja a la mazmorra. Mata todo lo que encuentres. Apu\u00f1ala a tus amigos y qu\u00e9date con sus cosas. Toma el tesoro y corre. Adm\u00edtelo. Te encanta.<\/strong><\/em><\/p>\n<p><strong>Munchkin<\/strong>\u00a0captura la esencia de la\u00a0<strong>\u00abExperiencia Dungeon\u00bb.<\/strong>\u00a0Todo lo que tienes que hacer es matar monstruos y coger objetos m\u00e1gicos.<strong>\u00a0\u00a1Y qu\u00e9 objetos m\u00e1gicos!<\/strong>\u00a0Ponte el Yelmo Cornudo y las Botas de Invocaci\u00f3n de Hemorroides. Blande el B\u00e1culo de Napalm o quiz\u00e1s la Motosierra de Mutilaci\u00f3n Sangrienta. Empieza masacrando a la Planta en un Tiesto y a la Babosa Babeante, y encuentra la manera de llegar al Drag\u00f3n de Plutonio.<\/p>\n<p><em><strong>Incluye 168 cartas y un dado Munchkin<\/strong><\/em><\/p>\n<p><em><strong>Munchkin\u00a0es r\u00e1pido de jugar y muy, muy divertido. \u00a1Disfruta de una nueva forma de jugar a juegos de mazmorras!<\/strong><\/em><\/p>\n","protected":false},"excerpt":{"rendered":"<p>\u00bfAlguna vez has deseado matar monstruos y quedarte con sus tesoros? \u00bfY si te digo que a la vez puedes apu\u00f1alar a tus amigos para conseguir toda la gloria? Esto y mucho m\u00e1s es\u00a0<strong>Munchkin.<\/strong><\/p>\n<p>Baja a la mazmorra. Mata todo lo que encuentres. Apu\u00f1ala a tus amigos y qu\u00e9date con sus cosas. Toma el tesoro y corre.\u00a0<strong>Adm\u00edtelo. Te encanta.<\/strong><\/p>\n<table class=\"table-data-sheet\">\n<tbody>\n<tr class=\"odd\">\n<td>N\u00famero de jugadores:<\/td>\n<td>De 3 a 6 Jugadores<\/td>\n<\/tr>\n<tr class=\"even\">\n<td>Duraci\u00f3n aproximada del juego:<\/td>\n<td>60 minutos<\/td>\n<\/tr>\n<tr class=\"odd\">\n<td>Edad m\u00ednima recomendada:<\/td>\n<td>10 a\u00f1os<\/td>\n<\/tr>\n<tr class=\"even\">\n<td>Tipo:<\/td>\n<td>Juego de cartas<\/td>\n<\/tr>\n<tr class=\"odd\">\n<td>G\u00e9nero:<\/td>\n<td>Humor<\/td>\n<\/tr>\n<tr class=\"even\">\n<td>Idioma:<\/td>\n<td>Espa\u00f1ol<\/td>\n<\/tr>\n<tr class=\"odd\">\n<td>Marca:<\/td>\n<td>Edge Entertainment<\/td>\n<\/tr>\n<\/tbody>\n<\/table>\n","protected":false},"featured_media":3753,"comment_status":"open","ping_status":"closed","template":"","meta":{"_themeisle_gutenberg_block_has_review":false},"product_brand":[],"product_cat":[29,104],"product_tag":[219,667,108,308],"class_list":{"0":"post-3752","1":"product","2":"type-product","3":"status-publish","4":"has-post-thumbnail","6":"product_cat-juegos-de-mesa","7":"product_cat-edge","8":"product_tag-juegodecartas","9":"product_tag-juegoderol","10":"product_tag-munchkin","11":"product_tag-partygame","13":"first","14":"instock","15":"shipping-taxable","16":"purchasable","17":"product-type-simple"},"_links":{"self":[{"href":"https:\/\/magicgamesbolivia.com\/index.php\/wp-json\/wp\/v2\/product\/3752","targetHints":{"allow":["GET"]}}],"collection":[{"href":"https:\/\/magicgamesbolivia.com\/index.php\/wp-json\/wp\/v2\/product"}],"about":[{"href":"https:\/\/magicgamesbolivia.com\/index.php\/wp-json\/wp\/v2\/types\/product"}],"replies":[{"embeddable":true,"href":"https:\/\/magicgamesbolivia.com\/index.php\/wp-json\/wp\/v2\/comments?post=3752"}],"version-history":[{"count":1,"href":"https:\/\/magicgamesbolivia.com\/index.php\/wp-json\/wp\/v2\/product\/3752\/revisions"}],"predecessor-version":[{"id":3754,"href":"https:\/\/magicgamesbolivia.com\/index.php\/wp-json\/wp\/v2\/product\/3752\/revisions\/3754"}],"wp:featuredmedia":[{"embeddable":true,"href":"https:\/\/magicgamesbolivia.com\/index.php\/wp-json\/wp\/v2\/media\/3753"}],"wp:attachment":[{"href":"https:\/\/magicgamesbolivia.com\/index.php\/wp-json\/wp\/v2\/media?parent=3752"}],"wp:term":[{"taxonomy":"product_brand","embeddable":true,"href":"https:\/\/magicgamesbolivia.com\/index.php\/wp-json\/wp\/v2\/product_brand?post=3752"},{"taxonomy":"product_cat","embeddable":true,"href":"https:\/\/magicgamesbolivia.com\/index.php\/wp-json\/wp\/v2\/product_cat?post=3752"},{"taxonomy":"product_tag","embeddable":true,"href":"https:\/\/magicgamesbolivia.com\/index.php\/wp-json\/wp\/v2\/product_tag?post=3752"}],"curies":[{"name":"wp","href":"https:\/\/api.w.org\/{rel}","templated":true}]}}