{"id":3740,"date":"2023-01-27T18:29:10","date_gmt":"2023-01-27T18:29:10","guid":{"rendered":"http:\/\/magicgamesbolivia.com\/?post_type=product&#038;p=3740"},"modified":"2025-10-03T01:56:20","modified_gmt":"2025-10-03T01:56:20","slug":"times-up-family","status":"publish","type":"product","link":"https:\/\/magicgamesbolivia.com\/index.php\/product\/times-up-family\/","title":{"rendered":"Time&#8217;s Up Family"},"content":{"rendered":"<p>Time\u2019s Up es el juego de adivinar personajes que cada d\u00eda gana m\u00e1s adeptos. Tu objetivo es sencillo: tendr\u00e1s que hacer adivinar personajes famosos, reales o ficticios, a tus compa\u00f1eros de equipo.<\/p>\n<p>En esta edici\u00f3n de Time\u2019s Up! Family podr\u00e1s pasar un rato muy divertido con toda la familia, grandes o peque\u00f1os. Se juega en tres rondas, con 2 o m\u00e1s equipos. El objetivo es adivinar objetos, animales, acciones, oficios\u2026 El equipo con m\u00e1s puntos al final de la partida, gana.<\/p>\n<p>Contenido: 220 cartas, 1 libreta de puntuaci\u00f3n, 1 reloj de arena, Bolsa de transporte y Reglas.<\/p>\n<p>Time\u2019s Up es el juego de adivinar personajes que cada d\u00eda gana m\u00e1s adeptos. Tu objetivo es sencillo: tendr\u00e1s que hacer adivinar personajes famosos, reales o ficticios, a tus compa\u00f1eros de equipo.<\/p>\n<p>En esta edici\u00f3n de Time\u2019s Up! Family podr\u00e1s pasar un rato muy divertido con toda la familia, grandes o peque\u00f1os. Se juega en tres rondas, con 2 o m\u00e1s equipos. El objetivo es adivinar objetos, animales, acciones, oficios\u2026 El equipo con m\u00e1s puntos al final de la partida, gana.<\/p>\n<p>Contenido: 220 cartas, 1 libreta de puntuaci\u00f3n, 1 reloj de arena, Bolsa de transporte y Reglas.<\/p>\n<div class=\"col d-flex center px-4 py-2\">Idioma Espa\u00f1ol<\/div>\n<div class=\"col d-flex center px-4 py-2\"><i class=\"mr-3 fa fa-hourglass-half\"><\/i>\u00a030 Minutos<\/div>\n<div class=\"col d-flex center px-4 py-2\"><i class=\"mr-3 fa fa-users\"><\/i>\u00a0De 4 a 8 jugadores<\/div>\n<div>edad 8 o +<\/div>\n","protected":false},"excerpt":{"rendered":"<p>Time\u2019s Up es el juego de adivinar personajes que cada d\u00eda gana m\u00e1s adeptos. Tu objetivo es sencillo: tendr\u00e1s que hacer adivinar personajes famosos, reales o ficticios, a tus compa\u00f1eros de equipo.<\/p>\n<p>En esta edici\u00f3n de Time\u2019s Up! Family podr\u00e1s pasar un rato muy divertido con toda la familia, grandes o peque\u00f1os. Se juega en tres rondas, con 2 o m\u00e1s equipos. El objetivo es adivinar objetos, animales, acciones, oficios\u2026 El equipo con m\u00e1s puntos al final de la partida, gana.<\/p>\n<p>Contenido: 220 cartas, 1 libreta de puntuaci\u00f3n, 1 reloj de arena, Bolsa de transporte y Reglas.<\/p>\n","protected":false},"featured_media":3741,"comment_status":"open","ping_status":"closed","template":"","meta":{"_themeisle_gutenberg_block_has_review":false},"product_brand":[],"product_cat":[123,29],"product_tag":[382,326,308],"class_list":{"0":"post-3740","1":"product","2":"type-product","3":"status-publish","4":"has-post-thumbnail","6":"product_cat-otros-juegos","7":"product_cat-juegos-de-mesa","8":"product_tag-divertido","9":"product_tag-familia","10":"product_tag-partygame","12":"first","13":"instock","14":"shipping-taxable","15":"purchasable","16":"product-type-simple"},"_links":{"self":[{"href":"https:\/\/magicgamesbolivia.com\/index.php\/wp-json\/wp\/v2\/product\/3740","targetHints":{"allow":["GET"]}}],"collection":[{"href":"https:\/\/magicgamesbolivia.com\/index.php\/wp-json\/wp\/v2\/product"}],"about":[{"href":"https:\/\/magicgamesbolivia.com\/index.php\/wp-json\/wp\/v2\/types\/product"}],"replies":[{"embeddable":true,"href":"https:\/\/magicgamesbolivia.com\/index.php\/wp-json\/wp\/v2\/comments?post=3740"}],"version-history":[{"count":1,"href":"https:\/\/magicgamesbolivia.com\/index.php\/wp-json\/wp\/v2\/product\/3740\/revisions"}],"predecessor-version":[{"id":3743,"href":"https:\/\/magicgamesbolivia.com\/index.php\/wp-json\/wp\/v2\/product\/3740\/revisions\/3743"}],"wp:featuredmedia":[{"embeddable":true,"href":"https:\/\/magicgamesbolivia.com\/index.php\/wp-json\/wp\/v2\/media\/3741"}],"wp:attachment":[{"href":"https:\/\/magicgamesbolivia.com\/index.php\/wp-json\/wp\/v2\/media?parent=3740"}],"wp:term":[{"taxonomy":"product_brand","embeddable":true,"href":"https:\/\/magicgamesbolivia.com\/index.php\/wp-json\/wp\/v2\/product_brand?post=3740"},{"taxonomy":"product_cat","embeddable":true,"href":"https:\/\/magicgamesbolivia.com\/index.php\/wp-json\/wp\/v2\/product_cat?post=3740"},{"taxonomy":"product_tag","embeddable":true,"href":"https:\/\/magicgamesbolivia.com\/index.php\/wp-json\/wp\/v2\/product_tag?post=3740"}],"curies":[{"name":"wp","href":"https:\/\/api.w.org\/{rel}","templated":true}]}}