{"id":3707,"date":"2023-01-09T01:06:37","date_gmt":"2023-01-09T01:06:37","guid":{"rendered":"http:\/\/magicgamesbolivia.com\/?post_type=product&#038;p=3707"},"modified":"2025-04-01T20:25:18","modified_gmt":"2025-04-01T20:25:18","slug":"eldritch-horror","status":"publish","type":"product","link":"https:\/\/magicgamesbolivia.com\/index.php\/product\/eldritch-horror\/","title":{"rendered":"ELDRITCH HORROR"},"content":{"rendered":"<p>En\u00a0<strong>Eldritch Horror,<\/strong>\u00a0un\u00a0<strong>juego de mesa de misterio y terror<\/strong>, t\u00fa y hasta siete amigos tomar\u00e9is el papel de\u00a0<strong>investigadores trotamundos<\/strong>\u00a0que deben viajar por todo el mundo, trabajando contra todas las adversidades para contener el horror que se aproxima.\u00a0<em><strong>Horribles monstruos, oscuros misterios y brutales retos te llevar\u00e1n hasta el l\u00edmite y m\u00e1s all\u00e1.<\/strong><\/em>\u00a0Mientras tanto, t\u00fa y tus compa\u00f1eros investigadores deb\u00e9is revelar los misterios de otros mudos diseminados por todo el mundo con el objetivo de hacer retroceder al caos que se avecina y que amenaza con aniquilar a la humanidad.<em><strong>\u00a0\u00a1El final se dibuja pr\u00f3ximo! \u00bfTienes el valor para evitar la destrucci\u00f3n global?<\/strong><\/em><\/p>\n<p><strong>Eldritch Horror<\/strong>\u00a0es una\u00a0<strong>carrera contra el mal<\/strong>\u00a0que se extiende a lo largo de todo el mundo. T\u00fa y tu grupo de investigadores viajar\u00e9is a las mayores ciudades del mundo, a sus m\u00e1s remotas tierras salvajes y a cualquier lugar entre medio mientras trabaj\u00e1is para prevenir la inminente perdici\u00f3n global.<\/p>\n<p>Cada elemento de\u00a0<strong>Eldritch Horror<\/strong>\u00a0est\u00e1 dise\u00f1ado para sumergirte en su trama narrativa de expansi\u00f3n del horror por todo el mundo y aventura. Mientras el juego se desarrolla, la trama entre todas y cada una de las mec\u00e1nicas intensifica la presi\u00f3n.<\/p>\n<p>Mientras t\u00fa y tus compa\u00f1eros investigadores trabaj\u00e1is contra todas las adversidades para retener el horror que se aproxima,\u00a0<strong>inmundos monstruos, oscuros misterios y retos brutales<\/strong>\u00a0os llevar\u00e1n a vuestro l\u00edmite y m\u00e1s all\u00e1. Con el horror extendi\u00e9ndose alrededor de todo el mundo, te ver\u00e1s envuelto en este singular esfuerzo de \u00faltima hora para salvar a la humanidad de la completa desesperaci\u00f3n. La tensi\u00f3n se eleva, y el destino del mundo est\u00e1 en tus manos en estos \u00faltimos y desesperados d\u00edas. Las opciones que tu grupo elija podr\u00edan tener devastadoras consecuencias.<\/p>\n<p>Incluso los\u00a0<strong>componentes<\/strong>\u00a0de\u00a0<strong>Eldritch Horror<\/strong>\u00a0suman a la historia y te sumergen m\u00e1s a\u00fan en esta \u00e9pica y global aventura. Las hojas de personajes se asemejan a pasaportes desgastados. Las fichas parecen billetes de tren o de barco. Incluso el tablero de juego muestra un amarillento mapa del mundo. Cada pieza en\u00a0<strong>Eldritch Horror<\/strong>\u00a0trabaja conjuntamente para tejer una cautivadora historia de una odisea global para salvar la civilizaci\u00f3n.<\/p>\n<p>Dirige tus pasos a trav\u00e9s de las bulliciosas metr\u00f3polis de San Francisco o Londres, donde puedes encontrarte cara a cara con el sindicato del crimen, o luchar por tu vida contra depravados monstruos en una remota isla. Avent\u00farate en el Coraz\u00f3n de \u00c1frica en la b\u00fasqueda de una reliquia antigua de innombrable poder. No importa a donde te conduzca tu viaje, siempre debes estar en la vig\u00eda de se\u00f1ales y pistas que podr\u00edan ayudarte en la consecuci\u00f3n de tu \u00faltima meta:\u00a0<em><strong>resolver los misterios que rodean al terror\u00edfico Primigenio, cuya llegada se esboza m\u00e1s cercana con el paso de cada d\u00eda.<\/strong><\/em><\/p>\n","protected":false},"excerpt":{"rendered":"<p><em>5 de enero. La luna llena parece agitar la sangre de todas las bestias. Incluso los ap\u00e1ticos y viejos sabuesos parecen pose\u00eddos por el esp\u00edritu de alg\u00fan fiero antecesor, cruel y malvado. Los augurios se vuelven m\u00e1s y m\u00e1s oscuros. Las malignas fuerzas del mal, grandes y ocultas, son sentidas por todos. Incluso aquellos que no saben nada del horror que queda por delante act\u00faan extra\u00f1amente. Todo se acabar\u00e1 pronto. Un d\u00eda u otro.<\/em><\/p>\n<p><strong>Eldritch Horror<\/strong>\u00a0es un\u00a0<strong>juego de mesa de misterio y terror<\/strong>, en el que tomar\u00e9is el papel de investigadores que deben viajar por todo el mundo, trabajando contra las adversidades para contener el horror que se aproxima.\u00a0<strong>Horribles monstruos, oscuros misterios y brutales retos<\/strong>\u00a0te llevar\u00e1n hasta el l\u00edmite y m\u00e1s all\u00e1.<\/p>\n<table class=\"table-data-sheet\">\n<tbody>\n<tr class=\"odd\">\n<td>N\u00famero de jugadores:<\/td>\n<td>De 1 a 8 jugadores<\/td>\n<\/tr>\n<tr class=\"even\">\n<td>Duraci\u00f3n aproximada del juego:<\/td>\n<td>120 minutos<\/td>\n<\/tr>\n<tr class=\"odd\">\n<td>Edad m\u00ednima recomendada:<\/td>\n<td>14 a\u00f1os<\/td>\n<\/tr>\n<tr class=\"even\">\n<td>Tipo:<\/td>\n<td>Juego de tablero<\/td>\n<\/tr>\n<tr class=\"odd\">\n<td>G\u00e9nero:<\/td>\n<td>Misterio<\/td>\n<\/tr>\n<tr class=\"even\">\n<td>Idioma:<\/td>\n<td>Espa\u00f1ol<\/td>\n<\/tr>\n<tr class=\"odd\">\n<td>Marca:<\/td>\n<td>Edge Entertainment<\/td>\n<\/tr>\n<\/tbody>\n<\/table>\n","protected":false},"featured_media":3708,"comment_status":"open","ping_status":"closed","template":"","meta":{"_themeisle_gutenberg_block_has_review":false},"product_brand":[],"product_cat":[29,104],"product_tag":[291,660,218,172,661],"class_list":{"0":"post-3707","1":"product","2":"type-product","3":"status-publish","4":"has-post-thumbnail","6":"product_cat-juegos-de-mesa","7":"product_cat-edge","8":"product_tag-coperativo","9":"product_tag-eldritchhorror","10":"product_tag-juegodemesa","11":"product_tag-lovecraft","12":"product_tag-misterio","14":"first","15":"outofstock","16":"shipping-taxable","17":"purchasable","18":"product-type-simple"},"_links":{"self":[{"href":"https:\/\/magicgamesbolivia.com\/index.php\/wp-json\/wp\/v2\/product\/3707","targetHints":{"allow":["GET"]}}],"collection":[{"href":"https:\/\/magicgamesbolivia.com\/index.php\/wp-json\/wp\/v2\/product"}],"about":[{"href":"https:\/\/magicgamesbolivia.com\/index.php\/wp-json\/wp\/v2\/types\/product"}],"replies":[{"embeddable":true,"href":"https:\/\/magicgamesbolivia.com\/index.php\/wp-json\/wp\/v2\/comments?post=3707"}],"version-history":[{"count":1,"href":"https:\/\/magicgamesbolivia.com\/index.php\/wp-json\/wp\/v2\/product\/3707\/revisions"}],"predecessor-version":[{"id":3711,"href":"https:\/\/magicgamesbolivia.com\/index.php\/wp-json\/wp\/v2\/product\/3707\/revisions\/3711"}],"wp:featuredmedia":[{"embeddable":true,"href":"https:\/\/magicgamesbolivia.com\/index.php\/wp-json\/wp\/v2\/media\/3708"}],"wp:attachment":[{"href":"https:\/\/magicgamesbolivia.com\/index.php\/wp-json\/wp\/v2\/media?parent=3707"}],"wp:term":[{"taxonomy":"product_brand","embeddable":true,"href":"https:\/\/magicgamesbolivia.com\/index.php\/wp-json\/wp\/v2\/product_brand?post=3707"},{"taxonomy":"product_cat","embeddable":true,"href":"https:\/\/magicgamesbolivia.com\/index.php\/wp-json\/wp\/v2\/product_cat?post=3707"},{"taxonomy":"product_tag","embeddable":true,"href":"https:\/\/magicgamesbolivia.com\/index.php\/wp-json\/wp\/v2\/product_tag?post=3707"}],"curies":[{"name":"wp","href":"https:\/\/api.w.org\/{rel}","templated":true}]}}