{"id":3703,"date":"2023-01-09T00:49:01","date_gmt":"2023-01-09T00:49:01","guid":{"rendered":"http:\/\/magicgamesbolivia.com\/?post_type=product&#038;p=3703"},"modified":"2024-07-23T19:57:43","modified_gmt":"2024-07-23T19:57:43","slug":"nemesis-carnomorfos-exp","status":"publish","type":"product","link":"https:\/\/magicgamesbolivia.com\/index.php\/product\/nemesis-carnomorfos-exp\/","title":{"rendered":"NEMESIS : CARNOMORFOS  ( EXP)"},"content":{"rendered":"<div class=\"col-12\">\n<div class=\"row\">\n<div class=\"col-5 d-flex center text-indicator\">Nombre<\/div>\n<div class=\"col-7 d-flex center text-description\">Nemesis: Carnomorfos<\/div>\n<\/div>\n<\/div>\n<div class=\"col-12\">\n<div class=\"row\">\n<div class=\"col-5 d-flex center text-indicator\">Marca<\/div>\n<div class=\"col-7 d-flex center text-description\">Awaken Realms<\/div>\n<\/div>\n<\/div>\n<div class=\"col-12\">\n<div class=\"row\">\n<div class=\"col-5 d-flex center text-indicator\">Familia Nemesis<\/div>\n<div>\n<div class=\"col-12 pb-3\">\n<p><strong>NOTAS<\/strong><br \/>\nRequiere una copia de Nemesis.<\/p>\n<\/div>\n<div class=\"col-12 game-info\">\n<div class=\"row py-2\">\n<div class=\"col d-flex center px-4 py-2\"><\/div>\n<\/div>\n<\/div>\n<\/div>\n<\/div>\n<\/div>\n","protected":false},"excerpt":{"rendered":"<h2>Detalle del juego<\/h2>\n<p><i>Huyes de la cabina que arde y cierras el mamparo tras de ti antes de respirar profundamente\u2026 \u00a1por fin algo de ox\u00edgeno! Entonces escuchas un desagradable ruido a tus espaldas, como sonidos org\u00e1nicos de huesos quebr\u00e1ndose, tendones que se rompen y l\u00edquidos que salpican. Avanzas con cautela y, al asomarte al pasillo, tu coraz\u00f3n se acelera: \u00a1tienes delante una masacre! Todo est\u00e1 salpicado de sangre y unos monstruos devoran cad\u00e1veres tanto humanos como de los suyos propios. Quiz\u00e1 al final resulte que el compartimento en llamas no era un mal lugar donde pasar el rato.<\/i><\/p>\n<p>La expansi\u00f3n\u00a0<i>Carnomorfos<\/i>\u00a0incluye todo lo necesario para a\u00f1adir al juego una nueva raza de Intruso: miniaturas, fichas y cartas de Evento espec\u00edficas. Adem\u00e1s, aporta una nueva regla de juego: las Mutaciones de personaje.<\/p>\n<p><strong>CONTENIDO<\/strong><br \/>\n20 miniaturas de Carnomorfo, 65 cartas, 15 fichas de cart\u00f3n, un tablero de Carnomorpho, un manual de juego y un inserto de pl\u00e1stico.<\/p>\n","protected":false},"featured_media":3704,"comment_status":"open","ping_status":"closed","template":"","meta":{"_themeisle_gutenberg_block_has_review":false},"product_brand":[],"product_cat":[123,29],"product_tag":[659,288,358,159],"class_list":{"0":"post-3703","1":"product","2":"type-product","3":"status-publish","4":"has-post-thumbnail","6":"product_cat-otros-juegos","7":"product_cat-juegos-de-mesa","8":"product_tag-carnomorfos","9":"product_tag-expansion","10":"product_tag-miniaturas","11":"product_tag-nemesis","13":"first","14":"outofstock","15":"shipping-taxable","16":"purchasable","17":"product-type-simple"},"_links":{"self":[{"href":"https:\/\/magicgamesbolivia.com\/index.php\/wp-json\/wp\/v2\/product\/3703","targetHints":{"allow":["GET"]}}],"collection":[{"href":"https:\/\/magicgamesbolivia.com\/index.php\/wp-json\/wp\/v2\/product"}],"about":[{"href":"https:\/\/magicgamesbolivia.com\/index.php\/wp-json\/wp\/v2\/types\/product"}],"replies":[{"embeddable":true,"href":"https:\/\/magicgamesbolivia.com\/index.php\/wp-json\/wp\/v2\/comments?post=3703"}],"version-history":[{"count":1,"href":"https:\/\/magicgamesbolivia.com\/index.php\/wp-json\/wp\/v2\/product\/3703\/revisions"}],"predecessor-version":[{"id":3706,"href":"https:\/\/magicgamesbolivia.com\/index.php\/wp-json\/wp\/v2\/product\/3703\/revisions\/3706"}],"wp:featuredmedia":[{"embeddable":true,"href":"https:\/\/magicgamesbolivia.com\/index.php\/wp-json\/wp\/v2\/media\/3704"}],"wp:attachment":[{"href":"https:\/\/magicgamesbolivia.com\/index.php\/wp-json\/wp\/v2\/media?parent=3703"}],"wp:term":[{"taxonomy":"product_brand","embeddable":true,"href":"https:\/\/magicgamesbolivia.com\/index.php\/wp-json\/wp\/v2\/product_brand?post=3703"},{"taxonomy":"product_cat","embeddable":true,"href":"https:\/\/magicgamesbolivia.com\/index.php\/wp-json\/wp\/v2\/product_cat?post=3703"},{"taxonomy":"product_tag","embeddable":true,"href":"https:\/\/magicgamesbolivia.com\/index.php\/wp-json\/wp\/v2\/product_tag?post=3703"}],"curies":[{"name":"wp","href":"https:\/\/api.w.org\/{rel}","templated":true}]}}