{"id":3539,"date":"2023-01-01T04:10:00","date_gmt":"2023-01-01T04:10:00","guid":{"rendered":"http:\/\/magicgamesbolivia.com\/?post_type=product&#038;p=3539"},"modified":"2025-04-29T20:30:01","modified_gmt":"2025-04-29T20:30:01","slug":"las-mansiones-de-la-locura-2ed-viajes-escalofriantes","status":"publish","type":"product","link":"https:\/\/magicgamesbolivia.com\/index.php\/product\/las-mansiones-de-la-locura-2ed-viajes-escalofriantes\/","title":{"rendered":"LAS MANSIONES  DE LA LOCURA 2Ed: Viajes Escalofriantes"},"content":{"rendered":"<div class=\"col-12\">\n<div id=\"thumbcarousel\" class=\"carousel slide col-12\" data-interval=\"false\">\n<div class=\"carousel-inner\">\n<div class=\"carousel-item active\">\n<div class=\"row\">\n<div class=\"row\">\n<p>Detalle del juego<\/p>\n<\/div>\n<\/div>\n<\/div>\n<\/div>\n<\/div>\n<\/div>\n<div class=\"col-12 pb-3\">\n<p>La expansi\u00f3n Viajes escalofriantes presenta tres nuevos escenarios que llevan a los investigadores lejos de Arkham. Resuelve peligrosos misterios a bordo de un avi\u00f3n lleno de pasajeros, un transatl\u00e1ntico de lujo o un pintoresco tren. Los investigadores tendr\u00e1n que enfrentarse contra horribles criaturas anfibias surgidas del fondo del oc\u00e9ano, criaturas interdimensionales atravesando el tejido de la realidad y el omnipresente peligro de que un movimiento equivocado puede destruir todo lo que est\u00e1n intentando proteger. Tendr\u00e1n que hacer uso de todo lo que tienen, desde peligrosos rituales arcanos hasta el equipaje que lleven, si quieren derrotar a estas nuevas amenazas. Para poder llegar a su destino, \u00a1primero tendr\u00e1n que sobrevivir al viaje!<\/p>\n<\/div>\n<div class=\"col-12 game-info\">\n<div class=\"row py-2\">\n<div class=\"col d-flex center px-4 py-2\"><i class=\"mr-3 fa fa-globe\"><\/i>Espa\u00f1ol<\/div>\n<div class=\"col d-flex center px-4 py-2\"><i class=\"mr-3 fa fa-hourglass-half\"><\/i>120 Minutos o m\u00e1s<\/div>\n<div class=\"col d-flex center px-4 py-2\"><i class=\"mr-3 fa fa-users\"><\/i>De 1 a 5<\/div>\n<\/div>\n<\/div>\n","protected":false},"excerpt":{"rendered":"<div class=\"col-12\">\n<div id=\"thumbcarousel\" class=\"carousel slide col-12\" data-interval=\"false\">\n<div class=\"carousel-inner\">\n<div class=\"carousel-item active\">\n<div class=\"row\">\n<div class=\"row\">\n<p>Detalle\u00a0 del juego<\/p>\n<\/div>\n<\/div>\n<\/div>\n<\/div>\n<\/div>\n<\/div>\n<div class=\"col-12 pb-3\">\n<p>La expansi\u00f3n Viajes escalofriantes presenta tres nuevos escenarios que llevan a los investigadores lejos de Arkham. Resuelve peligrosos misterios a bordo de un avi\u00f3n lleno de pasajeros, un transatl\u00e1ntico de lujo o un pintoresco tren. Los investigadores tendr\u00e1n que enfrentarse contra horribles criaturas anfibias surgidas del fondo del oc\u00e9ano, criaturas interdimensionales atravesando el tejido de la realidad y el omnipresente peligro de que un movimiento equivocado puede destruir todo lo que est\u00e1n intentando proteger. Tendr\u00e1n que hacer uso de todo lo que tienen, desde peligrosos rituales arcanos hasta el equipaje que lleven, si quieren derrotar a estas nuevas amenazas. Para poder llegar a su destino, \u00a1primero tendr\u00e1n que sobrevivir al viaje!<\/p>\n<\/div>\n<div class=\"col-12 game-info\">\n<div class=\"row py-2\">\n<div class=\"col d-flex center px-4 py-2\"><i class=\"mr-3 fa fa-globe\"><\/i>Espa\u00f1ol<\/div>\n<div class=\"col d-flex center px-4 py-2\"><i class=\"mr-3 fa fa-hourglass-half\"><\/i>120 Minutos o m\u00e1s<\/div>\n<div class=\"col d-flex center px-4 py-2\"><i class=\"mr-3 fa fa-users\"><\/i>De 1 a 5<\/div>\n<\/div>\n<\/div>\n","protected":false},"featured_media":3540,"comment_status":"open","ping_status":"closed","template":"","meta":{"_themeisle_gutenberg_block_has_review":false},"product_brand":[],"product_cat":[29,104],"product_tag":[228,155,172,161],"class_list":{"0":"post-3539","1":"product","2":"type-product","3":"status-publish","4":"has-post-thumbnail","6":"product_cat-juegos-de-mesa","7":"product_cat-edge","8":"product_tag-coperativos","9":"product_tag-juegosdemesa","10":"product_tag-lovecraft","11":"product_tag-mansionesdelalocura","13":"first","14":"outofstock","15":"shipping-taxable","16":"purchasable","17":"product-type-simple"},"_links":{"self":[{"href":"https:\/\/magicgamesbolivia.com\/index.php\/wp-json\/wp\/v2\/product\/3539","targetHints":{"allow":["GET"]}}],"collection":[{"href":"https:\/\/magicgamesbolivia.com\/index.php\/wp-json\/wp\/v2\/product"}],"about":[{"href":"https:\/\/magicgamesbolivia.com\/index.php\/wp-json\/wp\/v2\/types\/product"}],"replies":[{"embeddable":true,"href":"https:\/\/magicgamesbolivia.com\/index.php\/wp-json\/wp\/v2\/comments?post=3539"}],"version-history":[{"count":1,"href":"https:\/\/magicgamesbolivia.com\/index.php\/wp-json\/wp\/v2\/product\/3539\/revisions"}],"predecessor-version":[{"id":3541,"href":"https:\/\/magicgamesbolivia.com\/index.php\/wp-json\/wp\/v2\/product\/3539\/revisions\/3541"}],"wp:featuredmedia":[{"embeddable":true,"href":"https:\/\/magicgamesbolivia.com\/index.php\/wp-json\/wp\/v2\/media\/3540"}],"wp:attachment":[{"href":"https:\/\/magicgamesbolivia.com\/index.php\/wp-json\/wp\/v2\/media?parent=3539"}],"wp:term":[{"taxonomy":"product_brand","embeddable":true,"href":"https:\/\/magicgamesbolivia.com\/index.php\/wp-json\/wp\/v2\/product_brand?post=3539"},{"taxonomy":"product_cat","embeddable":true,"href":"https:\/\/magicgamesbolivia.com\/index.php\/wp-json\/wp\/v2\/product_cat?post=3539"},{"taxonomy":"product_tag","embeddable":true,"href":"https:\/\/magicgamesbolivia.com\/index.php\/wp-json\/wp\/v2\/product_tag?post=3539"}],"curies":[{"name":"wp","href":"https:\/\/api.w.org\/{rel}","templated":true}]}}