{"id":3533,"date":"2022-12-31T23:43:11","date_gmt":"2022-12-31T23:43:11","guid":{"rendered":"http:\/\/magicgamesbolivia.com\/?post_type=product&#038;p=3533"},"modified":"2023-11-06T02:18:52","modified_gmt":"2023-11-06T02:18:52","slug":"cthulhu-death-may-die","status":"publish","type":"product","link":"https:\/\/magicgamesbolivia.com\/index.php\/product\/cthulhu-death-may-die\/","title":{"rendered":"CTHULHU: DEATH MAY DIE"},"content":{"rendered":"<div class=\"col-12 pb-3\">\n<h2>Detalle del juego<\/h2>\n<p>El ritual casi se ha completado.<br \/>\nLos abominables Primigenios acceder\u00e1n a nuestro mundo.<br \/>\nNo pod\u00e9is detenerlos, ten\u00e9is que destruirlos.<\/p>\n<p>Una antigua secta apocal\u00edptica est\u00e1 a punto de invocar a un Primigenio en nuestro mundo. \u00a1Su devastadora llegada es inminente! \u00bfQu\u00e9 vais a hacer?<\/p>\n<p>Cthulhu: Death May Die es un juego de tablero cooperativo lleno de acci\u00f3n para 1-5 jugadores. Para derrotar a los espeluznantes horrores que vienen de fuera del espacio y el tiempo, deb\u00e9is sumiros en la locura y trabajar en equipo.<\/p>\n<p>Tendr\u00e9is que desvelar y resolver los misterios de hasta seis historias epis\u00f3dicas diferentes vali\u00e9ndoos de unas combinaciones particulares de capacidades y locuras, y luchando contra una gran variedad de terribles monstruos extra\u00eddos del acervo de los Mitos.<\/p>\n<p>A continuaci\u00f3n, tendr\u00e9is que interrumpir el ritual el tiempo suficiente para hacer que el Primigenio sea vulnerable&#8230; y acabar con \u00e9l. Matarlo.<\/p>\n<p>Lo m\u00e1s probable es que sea un viaje de solo ida, pero est\u00e1is preparados para ello, \u00bfno es as\u00ed?<\/p>\n<p>Contenido: 45 miniaturas de pl\u00e1stico de gran detalle, 1 libro de reglas, 17 piezas de tablero de doble cara, 1 tablero de la historia, 10 tableros de Investigador, 64 cartas de Mitos, 90 cartas de Descubrimiento, 12 cartas de Locura, 8 cartas de Etapa del Primigenio, 2 cartas de secuaces del Primigenio, 6 cartas de Episodio, 6 cartas de monstruos del Episodio, 8 dados personalizados, 5 peanas coloreadas, 30 marcadores de pl\u00e1stico, 147 fichas.<\/p><\/div>\n<div class=\"col-12 game-info\">\n<div class=\"row py-2\">\n<div class=\"col d-flex center px-4 py-2\"><i class=\"mr-3 fa fa-globe\"><\/i>Espa\u00f1ol<\/div>\n<div class=\"col d-flex center px-4 py-2\"><i class=\"mr-3 fa fa-hourglass-half\"><\/i>120 Minutos<\/div>\n<div class=\"col d-flex center px-4 py-2\"><i class=\"mr-3 fa fa-users\"><\/i>De 1 a 5<\/div>\n<\/div>\n<div class=\"row\"><\/div>\n<\/div>\n<div class=\"col-12 p-0\">\n<div class=\"pt-5 px-0 col-12\">\n<div id=\"accordion\" class=\"accordion\">\n<div class=\"card products-card\">\n<div id=\"accesorios\">\n<h2 class=\"mb-0\"><\/h2>\n<div id=\"accesorios1\" class=\"collapse show\" aria-labelledby=\"accesorios\" data-parent=\"#accordion\">\n<div class=\"card-body\">\n<div class=\"row p-2 item\">\n<div class=\"col-12 container-game-list\">\n<div class=\"row\">\n<div class=\"col-12 col-md-3 d-flex center\"><\/div>\n<\/div>\n<\/div>\n<\/div>\n<\/div>\n<\/div>\n<\/div>\n<\/div>\n<\/div>\n<\/div>\n<\/div>\n","protected":false},"excerpt":{"rendered":"<div class=\"col-12 pb-3\">\n<h2>Detalle del juego<\/h2>\n<p>El ritual casi se ha completado.<br \/>\nLos abominables Primigenios acceder\u00e1n a nuestro mundo.<br \/>\nNo pod\u00e9is detenerlos, ten\u00e9is que destruirlos.<\/p>\n<p>Una antigua secta apocal\u00edptica est\u00e1 a punto de invocar a un Primigenio en nuestro mundo. \u00a1Su devastadora llegada es inminente! \u00bfQu\u00e9 vais a hacer?<\/p>\n<p>Cthulhu: Death May Die es un juego de tablero cooperativo lleno de acci\u00f3n para 1-5 jugadores. Para derrotar a los espeluznantes horrores que vienen de fuera del espacio y el tiempo, deb\u00e9is sumiros en la locura y trabajar en equipo.<\/p>\n<p>Tendr\u00e9is que desvelar y resolver los misterios de hasta seis historias epis\u00f3dicas diferentes vali\u00e9ndoos de unas combinaciones particulares de capacidades y locuras, y luchando contra una gran variedad de terribles monstruos extra\u00eddos del acervo de los Mitos.<\/p>\n<p>A continuaci\u00f3n, tendr\u00e9is que interrumpir el ritual el tiempo suficiente para hacer que el Primigenio sea vulnerable&#8230; y acabar con \u00e9l. Matarlo.<\/p>\n<p>Lo m\u00e1s probable es que sea un viaje de solo ida, pero est\u00e1is preparados para ello, \u00bfno es as\u00ed?<\/p>\n<p>Contenido: 45 miniaturas de pl\u00e1stico de gran detalle, 1 libro de reglas, 17 piezas de tablero de doble cara, 1 tablero de la historia, 10 tableros de Investigador, 64 cartas de Mitos, 90 cartas de Descubrimiento, 12 cartas de Locura, 8 cartas de Etapa del Primigenio, 2 cartas de secuaces del Primigenio, 6 cartas de Episodio, 6 cartas de monstruos del Episodio, 8 dados personalizados, 5 peanas coloreadas, 30 marcadores de pl\u00e1stico, 147 fichas.<\/p><\/div>\n<div class=\"col-12 game-info\">\n<div class=\"row py-2\">\n<div class=\"col d-flex center px-4 py-2\"><i class=\"mr-3 fa fa-globe\"><\/i>Espa\u00f1ol<\/div>\n<div class=\"col d-flex center px-4 py-2\"><i class=\"mr-3 fa fa-hourglass-half\"><\/i>120 Minutos<\/div>\n<div class=\"col d-flex center px-4 py-2\"><i class=\"mr-3 fa fa-users\"><\/i>De 1 a 5<\/div>\n<\/div>\n<div class=\"row\"><\/div>\n<\/div>\n<div class=\"col-12 p-0\">\n<div class=\"pt-5 px-0 col-12\">\n<div id=\"accordion\" class=\"accordion\">\n<div class=\"card products-card\">\n<div id=\"accesorios\">\n<div id=\"accesorios1\" class=\"collapse show\" aria-labelledby=\"accesorios\" data-parent=\"#accordion\">\n<div class=\"card-body\">\n<div class=\"row p-2 item\">\n<div class=\"col-12 container-game-list\">\n<div class=\"row\">\n<div class=\"col-12 col-md-3 d-flex center\"><\/div>\n<\/div>\n<\/div>\n<\/div>\n<\/div>\n<\/div>\n<\/div>\n<\/div>\n<\/div>\n<\/div>\n<\/div>\n","protected":false},"featured_media":3534,"comment_status":"open","ping_status":"closed","template":"","meta":{"_themeisle_gutenberg_block_has_review":false},"product_brand":[],"product_cat":[123,29],"product_tag":[653,218,172,358],"class_list":{"0":"post-3533","1":"product","2":"type-product","3":"status-publish","4":"has-post-thumbnail","6":"product_cat-otros-juegos","7":"product_cat-juegos-de-mesa","8":"product_tag-cthulhu","9":"product_tag-juegodemesa","10":"product_tag-lovecraft","11":"product_tag-miniaturas","13":"first","14":"outofstock","15":"shipping-taxable","16":"purchasable","17":"product-type-simple"},"_links":{"self":[{"href":"https:\/\/magicgamesbolivia.com\/index.php\/wp-json\/wp\/v2\/product\/3533","targetHints":{"allow":["GET"]}}],"collection":[{"href":"https:\/\/magicgamesbolivia.com\/index.php\/wp-json\/wp\/v2\/product"}],"about":[{"href":"https:\/\/magicgamesbolivia.com\/index.php\/wp-json\/wp\/v2\/types\/product"}],"replies":[{"embeddable":true,"href":"https:\/\/magicgamesbolivia.com\/index.php\/wp-json\/wp\/v2\/comments?post=3533"}],"version-history":[{"count":2,"href":"https:\/\/magicgamesbolivia.com\/index.php\/wp-json\/wp\/v2\/product\/3533\/revisions"}],"predecessor-version":[{"id":3678,"href":"https:\/\/magicgamesbolivia.com\/index.php\/wp-json\/wp\/v2\/product\/3533\/revisions\/3678"}],"wp:featuredmedia":[{"embeddable":true,"href":"https:\/\/magicgamesbolivia.com\/index.php\/wp-json\/wp\/v2\/media\/3534"}],"wp:attachment":[{"href":"https:\/\/magicgamesbolivia.com\/index.php\/wp-json\/wp\/v2\/media?parent=3533"}],"wp:term":[{"taxonomy":"product_brand","embeddable":true,"href":"https:\/\/magicgamesbolivia.com\/index.php\/wp-json\/wp\/v2\/product_brand?post=3533"},{"taxonomy":"product_cat","embeddable":true,"href":"https:\/\/magicgamesbolivia.com\/index.php\/wp-json\/wp\/v2\/product_cat?post=3533"},{"taxonomy":"product_tag","embeddable":true,"href":"https:\/\/magicgamesbolivia.com\/index.php\/wp-json\/wp\/v2\/product_tag?post=3533"}],"curies":[{"name":"wp","href":"https:\/\/api.w.org\/{rel}","templated":true}]}}