{"id":3526,"date":"2022-12-31T22:37:50","date_gmt":"2022-12-31T22:37:50","guid":{"rendered":"http:\/\/magicgamesbolivia.com\/?post_type=product&#038;p=3526"},"modified":"2023-01-10T20:50:30","modified_gmt":"2023-01-10T20:50:30","slug":"wolfenstein-el-juego-de-tablero","status":"publish","type":"product","link":"https:\/\/magicgamesbolivia.com\/index.php\/product\/wolfenstein-el-juego-de-tablero\/","title":{"rendered":"WOLFSTEIN EL JUEGO DEL TABLERO"},"content":{"rendered":"<div class=\"col-12 pb-3\">\n<p><i>Bienvenido al Castillo Wolfenstein, donde t\u00fa y un equipo de resistencia van a encontrar y asesinar al mism\u00edsimo Adolf Hitler.<\/i><\/p>\n<p><i>\u00c1brete camino disparando a trav\u00e9s de los soldados nazis o escabull\u00e9ndote de los guardias\u2014 t\u00fa decides. Explora \u00e1reas ocultas, descubre los secretos del castillo, o mantente enfocado en la misi\u00f3n.<\/i><\/p>\n<p><i>Trabaja como un equipo de h\u00e1biles h\u00e9roes, listos para combinar fuerzas y hacer que los nazis desearan no haber ganado nunca la guerra. Causa estragos en los pasillos del Castillo Wolfenstein con un arsenal de armas superpoderosas y derrota a potentes jefes.<\/i><\/p>\n<p><i>Todo comenz\u00f3 aqu\u00ed, en Castle Wolfenstein, y aqu\u00ed terminar\u00e1.<\/i><\/p>\n<p><i>Wolfenstein es un juego de mesa cooperativo con misiones para 1-4 jugadores. El juego permite elegir misiones espec\u00edficas o jugarlo en modo campa\u00f1a. En el libro de misiones del juego base te enfrentar\u00e1s a un total de 10 misiones y 4 niveles de dificultad para todo tipo de jugadores, desde principiantes hasta expertos. En cada misi\u00f3n se explica su preparaci\u00f3n, objetivo y reglas especiales.<\/i><\/p>\n<\/div>\n<div class=\"col-12 game-info\">\n<div class=\"row py-2\">\n<div class=\"col d-flex center px-4 py-2\"><i class=\"mr-3 fa fa-globe\"><\/i>Espa\u00f1ol<\/div>\n<div class=\"col d-flex center px-4 py-2\"><i class=\"mr-3 fa fa-hourglass-half\"><\/i>60-90 minutos<\/div>\n<div class=\"col d-flex center px-4 py-2\"><i class=\"mr-3 fa fa-users\"><\/i>De 1 a 4<\/div>\n<\/div>\n<\/div>\n","protected":false},"excerpt":{"rendered":"<div class=\"col-12 pb-3\">\n<p><i>Bienvenido al Castillo Wolfenstein, donde t\u00fa y un equipo de resistencia van a encontrar y asesinar al mism\u00edsimo Adolf Hitler.<\/i><\/p>\n<p><i>\u00c1brete camino disparando a trav\u00e9s de los soldados nazis o escabull\u00e9ndote de los guardias\u2014 t\u00fa decides. Explora \u00e1reas ocultas, descubre los secretos del castillo, o mantente enfocado en la misi\u00f3n.<\/i><\/p>\n<p><i>Trabaja como un equipo de h\u00e1biles h\u00e9roes, listos para combinar fuerzas y hacer que los nazis desearan no haber ganado nunca la guerra. Causa estragos en los pasillos del Castillo Wolfenstein con un arsenal de armas superpoderosas y derrota a potentes jefes.<\/i><\/p>\n<p><i>Todo comenz\u00f3 aqu\u00ed, en Castle Wolfenstein, y aqu\u00ed terminar\u00e1.<\/i><\/p>\n<p><i>Wolfenstein es un juego de mesa cooperativo con misiones para 1-4 jugadores. El juego permite elegir misiones espec\u00edficas o jugarlo en modo campa\u00f1a. En el libro de misiones del juego base te enfrentar\u00e1s a un total de 10 misiones y 4 niveles de dificultad para todo tipo de jugadores, desde principiantes hasta expertos. En cada misi\u00f3n se explica su preparaci\u00f3n, objetivo y reglas especiales.<\/i><\/p>\n<\/div>\n<div class=\"col-12 game-info\">\n<div class=\"row py-2\">\n<div class=\"col d-flex center px-4 py-2\"><i class=\"mr-3 fa fa-globe\"><\/i>Espa\u00f1ol<\/div>\n<div class=\"col d-flex center px-4 py-2\"><i class=\"mr-3 fa fa-hourglass-half\"><\/i>60-90 minutos<\/div>\n<div class=\"col d-flex center px-4 py-2\"><i class=\"mr-3 fa fa-users\"><\/i>De 1 a 4<\/div>\n<\/div>\n<\/div>\n","protected":false},"featured_media":3527,"comment_status":"open","ping_status":"closed","template":"","meta":{"_themeisle_gutenberg_block_has_review":false},"product_brand":[],"product_cat":[123,29],"product_tag":[155,358,651],"class_list":{"0":"post-3526","1":"product","2":"type-product","3":"status-publish","4":"has-post-thumbnail","6":"product_cat-otros-juegos","7":"product_cat-juegos-de-mesa","8":"product_tag-juegosdemesa","9":"product_tag-miniaturas","10":"product_tag-wolfenstein","12":"first","13":"instock","14":"shipping-taxable","15":"purchasable","16":"product-type-simple"},"_links":{"self":[{"href":"https:\/\/magicgamesbolivia.com\/index.php\/wp-json\/wp\/v2\/product\/3526","targetHints":{"allow":["GET"]}}],"collection":[{"href":"https:\/\/magicgamesbolivia.com\/index.php\/wp-json\/wp\/v2\/product"}],"about":[{"href":"https:\/\/magicgamesbolivia.com\/index.php\/wp-json\/wp\/v2\/types\/product"}],"replies":[{"embeddable":true,"href":"https:\/\/magicgamesbolivia.com\/index.php\/wp-json\/wp\/v2\/comments?post=3526"}],"version-history":[{"count":2,"href":"https:\/\/magicgamesbolivia.com\/index.php\/wp-json\/wp\/v2\/product\/3526\/revisions"}],"predecessor-version":[{"id":3718,"href":"https:\/\/magicgamesbolivia.com\/index.php\/wp-json\/wp\/v2\/product\/3526\/revisions\/3718"}],"wp:featuredmedia":[{"embeddable":true,"href":"https:\/\/magicgamesbolivia.com\/index.php\/wp-json\/wp\/v2\/media\/3527"}],"wp:attachment":[{"href":"https:\/\/magicgamesbolivia.com\/index.php\/wp-json\/wp\/v2\/media?parent=3526"}],"wp:term":[{"taxonomy":"product_brand","embeddable":true,"href":"https:\/\/magicgamesbolivia.com\/index.php\/wp-json\/wp\/v2\/product_brand?post=3526"},{"taxonomy":"product_cat","embeddable":true,"href":"https:\/\/magicgamesbolivia.com\/index.php\/wp-json\/wp\/v2\/product_cat?post=3526"},{"taxonomy":"product_tag","embeddable":true,"href":"https:\/\/magicgamesbolivia.com\/index.php\/wp-json\/wp\/v2\/product_tag?post=3526"}],"curies":[{"name":"wp","href":"https:\/\/api.w.org\/{rel}","templated":true}]}}