{"id":3517,"date":"2022-12-27T18:43:08","date_gmt":"2022-12-27T18:43:08","guid":{"rendered":"http:\/\/magicgamesbolivia.com\/?post_type=product&#038;p=3517"},"modified":"2025-01-20T22:56:58","modified_gmt":"2025-01-20T22:56:58","slug":"el-juego-del-calamar","status":"publish","type":"product","link":"https:\/\/magicgamesbolivia.com\/index.php\/product\/el-juego-del-calamar\/","title":{"rendered":"EL JUEGO DEL CALAMAR"},"content":{"rendered":"<div class=\"col-12 pb-3\">\n<h2>Detalle del juego<\/h2>\n<p>\u00a1Bienvenidos al mundo de El juego del calamar, jugadores!<br \/>\nTienes ante ti la oportunidad de ganar 45.600 millones de wons. Si sobrevives a estos seis juegos, habr\u00e1s ganado. Y \u00absobrevivir\u00bb es la palabra clave. Porque si pierdes, te eliminar\u00e1n.<br \/>\nLidera a tu equipo y supera seis juegos mort\u00edferos. Solo los miembros de tu equipo que sobrevivan pasar\u00e1n al siguiente juego. Si llegas al final del sexto juego con al menos un miembro de tu equipo, ganar\u00e1s. Mira bien en qui\u00e9n conf\u00edas&#8230;<\/p>\n<p><strong>CONTENIDO<\/strong><br \/>\n2 tableros, 72 fichas de Equipo, 36 cartas de Jugado, 7 cartas de Mu\u00f1eca, 11 cartas de Galleta, 24 cartas de Calamar, 4 fichas de Canica troqueladas, 8 fichas de Pelda\u00f1os, 4 secciones de Maniqu\u00edes y Pared, 1 cron\u00f3metro, 2 fichas de Cron\u00f3metro, 1 ficha de Velocidad, 1 reglamento<\/p>\n<\/div>\n<div class=\"col-12 game-info\">\n<div class=\"row py-2\">\n<div class=\"col d-flex center px-4 py-2\"><i class=\"mr-3 fa fa-globe\"><\/i>Espa\u00f1ol<\/div>\n<div class=\"col d-flex center px-4 py-2\"><i class=\"mr-3 fa fa-hourglass-half\"><\/i>45 minutos<\/div>\n<div class=\"col d-flex center px-4 py-2\"><i class=\"mr-3 fa fa-users\"><\/i>De 3 a 6<\/div>\n<\/div>\n<\/div>\n","protected":false},"excerpt":{"rendered":"<div class=\"col-12 pb-3\">\n<h2>Detalle del juego<\/h2>\n<p>\u00a1Bienvenidos al mundo de El juego del calamar, jugadores!<br \/>\nTienes ante ti la oportunidad de ganar 45.600 millones de wons. Si sobrevives a estos seis juegos, habr\u00e1s ganado. Y \u00absobrevivir\u00bb es la palabra clave. Porque si pierdes, te eliminar\u00e1n.<br \/>\nLidera a tu equipo y supera seis juegos mort\u00edferos. Solo los miembros de tu equipo que sobrevivan pasar\u00e1n al siguiente juego. Si llegas al final del sexto juego con al menos un miembro de tu equipo, ganar\u00e1s. Mira bien en qui\u00e9n conf\u00edas&#8230;<\/p>\n<p><strong>CONTENIDO<\/strong><br \/>\n2 tableros, 72 fichas de Equipo, 36 cartas de Jugado, 7 cartas de Mu\u00f1eca, 11 cartas de Galleta, 24 cartas de Calamar, 4 fichas de Canica troqueladas, 8 fichas de Pelda\u00f1os, 4 secciones de Maniqu\u00edes y Pared, 1 cron\u00f3metro, 2 fichas de Cron\u00f3metro, 1 ficha de Velocidad, 1 reglamento<\/p>\n<\/div>\n<div class=\"col-12 game-info\">\n<div class=\"row py-2\">\n<div class=\"col d-flex center px-4 py-2\"><i class=\"mr-3 fa fa-globe\"><\/i>Espa\u00f1ol<\/div>\n<div class=\"col d-flex center px-4 py-2\"><i class=\"mr-3 fa fa-hourglass-half\"><\/i>45 minutos<\/div>\n<div class=\"col d-flex center px-4 py-2\"><i class=\"mr-3 fa fa-users\"><\/i>De 3 a 6<\/div>\n<\/div>\n<\/div>\n","protected":false},"featured_media":3518,"comment_status":"open","ping_status":"closed","template":"","meta":{"_themeisle_gutenberg_block_has_review":false},"product_brand":[],"product_cat":[123,29],"product_tag":[649,218,650],"class_list":{"0":"post-3517","1":"product","2":"type-product","3":"status-publish","4":"has-post-thumbnail","6":"product_cat-otros-juegos","7":"product_cat-juegos-de-mesa","8":"product_tag-eljuegodecalamar","9":"product_tag-juegodemesa","10":"product_tag-netflix","12":"first","13":"outofstock","14":"shipping-taxable","15":"purchasable","16":"product-type-simple"},"_links":{"self":[{"href":"https:\/\/magicgamesbolivia.com\/index.php\/wp-json\/wp\/v2\/product\/3517","targetHints":{"allow":["GET"]}}],"collection":[{"href":"https:\/\/magicgamesbolivia.com\/index.php\/wp-json\/wp\/v2\/product"}],"about":[{"href":"https:\/\/magicgamesbolivia.com\/index.php\/wp-json\/wp\/v2\/types\/product"}],"replies":[{"embeddable":true,"href":"https:\/\/magicgamesbolivia.com\/index.php\/wp-json\/wp\/v2\/comments?post=3517"}],"version-history":[{"count":2,"href":"https:\/\/magicgamesbolivia.com\/index.php\/wp-json\/wp\/v2\/product\/3517\/revisions"}],"predecessor-version":[{"id":3595,"href":"https:\/\/magicgamesbolivia.com\/index.php\/wp-json\/wp\/v2\/product\/3517\/revisions\/3595"}],"wp:featuredmedia":[{"embeddable":true,"href":"https:\/\/magicgamesbolivia.com\/index.php\/wp-json\/wp\/v2\/media\/3518"}],"wp:attachment":[{"href":"https:\/\/magicgamesbolivia.com\/index.php\/wp-json\/wp\/v2\/media?parent=3517"}],"wp:term":[{"taxonomy":"product_brand","embeddable":true,"href":"https:\/\/magicgamesbolivia.com\/index.php\/wp-json\/wp\/v2\/product_brand?post=3517"},{"taxonomy":"product_cat","embeddable":true,"href":"https:\/\/magicgamesbolivia.com\/index.php\/wp-json\/wp\/v2\/product_cat?post=3517"},{"taxonomy":"product_tag","embeddable":true,"href":"https:\/\/magicgamesbolivia.com\/index.php\/wp-json\/wp\/v2\/product_tag?post=3517"}],"curies":[{"name":"wp","href":"https:\/\/api.w.org\/{rel}","templated":true}]}}