{"id":3512,"date":"2022-12-27T12:44:47","date_gmt":"2022-12-27T12:44:47","guid":{"rendered":"http:\/\/magicgamesbolivia.com\/?post_type=product&#038;p=3512"},"modified":"2025-07-23T22:53:25","modified_gmt":"2025-07-23T22:53:25","slug":"lama","status":"publish","type":"product","link":"https:\/\/magicgamesbolivia.com\/index.php\/product\/lama\/","title":{"rendered":"LAMA"},"content":{"rendered":"<div class=\"trh\">\n<div class=\"tr\">\n<div class=\"col data\" data-th=\"Si buscas...\">Familiares, Fiesta, R\u00e1pido, Viaje<\/div>\n<\/div>\n<div class=\"tr\">\n<div class=\"col label\">N\u00fam. jugadores<\/div>\n<div class=\"col data\" data-th=\"N\u00fam. jugadores\">2, 3, 4, 5, 6<\/div>\n<\/div>\n<div class=\"tr\">\n<div class=\"col label\">Tiempo de juego<\/div>\n<div class=\"col data\" data-th=\"Tiempo de juego\">20 minutos<\/div>\n<\/div>\n<\/div>\n<div class=\"tr\">\n<div class=\"col label\">Autor<\/div>\n<div class=\"col data\" data-th=\"Autor\">Reiner Knizia<\/div>\n<\/div>\n<div class=\"tr\">\n<div class=\"col label\">Mec\u00e1nica<\/div>\n<div class=\"col data\" data-th=\"Mec\u00e1nica\">Gesti\u00f3n de cartas, Tienta la suerte<\/div>\n<\/div>\n<div class=\"tr\">\n<div class=\"col label\">Tem\u00e1tica<\/div>\n<div class=\"col data\" data-th=\"Tem\u00e1tica\">Animales<\/div>\n<\/div>\n<div class=\"tr\">\n<div class=\"col label\">Edad<\/div>\n<div class=\"col data\" data-th=\"Edad\">de 8 a 10 a\u00f1os, de 10 a 14 a\u00f1os, de 14 a 18 a\u00f1os, m\u00e1s de 18 a\u00f1os<\/div>\n<\/div>\n<div class=\"tr\">\n<div class=\"col label\">Complejidad<\/div>\n<div class=\"col data\" data-th=\"Complejidad\">F\u00e1cil<\/div>\n<\/div>\n<div class=\"tr\">\n<div class=\"col label\">Editorial<\/div>\n<div class=\"col data\" data-th=\"Editorial\">Mercurio<\/div>\n<\/div>\n<div class=\"tr\">\n<div class=\"col label\">Contenido<\/div>\n<div class=\"col data\" data-th=\"Contenido\">\n<ul>\n<li>56 cartas<\/li>\n<li>70 fichas<\/li>\n<li>Reglamento<\/li>\n<\/ul>\n<\/div>\n<\/div>\n","protected":false},"excerpt":{"rendered":"<p><strong>Lama<\/strong>\u00a0es un divertido juego de cartas r\u00e1pido y \u00e1gil donde el riesgo juega un papel primordial.<\/p>\n<p>Juega bien las cartas tirando el mismo n\u00famero o uno superior que la carta anterior. Tira la carta de Lama en el momento oportuno para no quedarte con ella y pl\u00e1ntate si no quieres arriesgar mucho.<\/p>\n<p>\u00a1Haz caso a la Lama, la llama que te llama!<\/p>\n","protected":false},"featured_media":3513,"comment_status":"open","ping_status":"closed","template":"","meta":{"_themeisle_gutenberg_block_has_review":false},"product_brand":[],"product_cat":[123,29],"product_tag":[219,155,648,351],"class_list":{"0":"post-3512","1":"product","2":"type-product","3":"status-publish","4":"has-post-thumbnail","6":"product_cat-otros-juegos","7":"product_cat-juegos-de-mesa","8":"product_tag-juegodecartas","9":"product_tag-juegosdemesa","10":"product_tag-lama","11":"product_tag-partygames","13":"first","14":"instock","15":"shipping-taxable","16":"purchasable","17":"product-type-simple"},"_links":{"self":[{"href":"https:\/\/magicgamesbolivia.com\/index.php\/wp-json\/wp\/v2\/product\/3512","targetHints":{"allow":["GET"]}}],"collection":[{"href":"https:\/\/magicgamesbolivia.com\/index.php\/wp-json\/wp\/v2\/product"}],"about":[{"href":"https:\/\/magicgamesbolivia.com\/index.php\/wp-json\/wp\/v2\/types\/product"}],"replies":[{"embeddable":true,"href":"https:\/\/magicgamesbolivia.com\/index.php\/wp-json\/wp\/v2\/comments?post=3512"}],"version-history":[{"count":2,"href":"https:\/\/magicgamesbolivia.com\/index.php\/wp-json\/wp\/v2\/product\/3512\/revisions"}],"predecessor-version":[{"id":3590,"href":"https:\/\/magicgamesbolivia.com\/index.php\/wp-json\/wp\/v2\/product\/3512\/revisions\/3590"}],"wp:featuredmedia":[{"embeddable":true,"href":"https:\/\/magicgamesbolivia.com\/index.php\/wp-json\/wp\/v2\/media\/3513"}],"wp:attachment":[{"href":"https:\/\/magicgamesbolivia.com\/index.php\/wp-json\/wp\/v2\/media?parent=3512"}],"wp:term":[{"taxonomy":"product_brand","embeddable":true,"href":"https:\/\/magicgamesbolivia.com\/index.php\/wp-json\/wp\/v2\/product_brand?post=3512"},{"taxonomy":"product_cat","embeddable":true,"href":"https:\/\/magicgamesbolivia.com\/index.php\/wp-json\/wp\/v2\/product_cat?post=3512"},{"taxonomy":"product_tag","embeddable":true,"href":"https:\/\/magicgamesbolivia.com\/index.php\/wp-json\/wp\/v2\/product_tag?post=3512"}],"curies":[{"name":"wp","href":"https:\/\/api.w.org\/{rel}","templated":true}]}}