{"id":3496,"date":"2022-12-26T01:43:18","date_gmt":"2022-12-26T01:43:18","guid":{"rendered":"http:\/\/magicgamesbolivia.com\/?post_type=product&#038;p=3496"},"modified":"2025-06-04T21:06:29","modified_gmt":"2025-06-04T21:06:29","slug":"nemesis-lockdown","status":"publish","type":"product","link":"https:\/\/magicgamesbolivia.com\/index.php\/product\/nemesis-lockdown\/","title":{"rendered":"NEMESIS LOCKDOWN"},"content":{"rendered":"<div class=\"col-12 pb-3\">\n<p>Nemesis: Lockdown es la secuela del aclamado juego de tablero Nemesis.<br \/>\nEsta experiencia espacial de terror y supervivencia para partidas de entre 1 y 5 jugadores te enfrenta a una nueva aventura que lleva m\u00e1s all\u00e1 las cautivadoras reglas del juego original, adem\u00e1s de constituir una forma novedosa de adentrarse en el mundo de Nemesis.<\/p>\n<p><strong>CONTENIDO<\/strong><br \/>\n26 miniaturas de gran calidad, m\u00e1s de 350 cartas, 22 piezas de compartimento de cart\u00f3n, m\u00e1s de 250 componentes<br \/>\nadicionales, 1 tablero r\u00edgido de dos caras, un inserto de pl\u00e1stico.<\/p>\n<p><strong>NOTA<\/strong><br \/>\nEste es un juego completo. No necesitas el juego Nemesis original para jugar Nemesis: Lockdown<\/p>\n<\/div>\n<div class=\"col-12 game-info\">\n<div class=\"row py-2\">\n<div class=\"col d-flex center px-4 py-2\"><i class=\"mr-3 fa fa-globe\"><\/i>Espa\u00f1ol<\/div>\n<div class=\"col d-flex center px-4 py-2\"><i class=\"mr-3 fa fa-hourglass-half\"><\/i>60-120 minutos<\/div>\n<div class=\"col d-flex center px-4 py-2\"><i class=\"mr-3 fa fa-users\"><\/i>De 1 a 5<\/div>\n<\/div>\n<\/div>\n","protected":false},"excerpt":{"rendered":"<p>Dicen que el accidente me dej\u00f3 la cabeza hecha un l\u00edo, que estoy alucinando por todo lo que viv\u00ed a bordo de la Nemesis. Sin embargo, cada vez que pego la oreja a estas rocas desnudas de color rojo, oigo algo: ecos que vienen de lo m\u00e1s profundo de este planeta y que rebosan de hambre y rabia. En breve despertaremos a los vengativos fantasmas de una \u00e9poca remota de Marte&#8230;<br \/>\nY tengo que escapar antes de que suceda.<br \/>\nCuando te enfrentes al mayor de los terrores, \u00bfconfiar\u00e1s en tus compa\u00f1eros?<\/p>\n","protected":false},"featured_media":3497,"comment_status":"open","ping_status":"closed","template":"","meta":{"_themeisle_gutenberg_block_has_review":false},"product_brand":[],"product_cat":[123,29],"product_tag":[155,358,645],"class_list":{"0":"post-3496","1":"product","2":"type-product","3":"status-publish","4":"has-post-thumbnail","6":"product_cat-otros-juegos","7":"product_cat-juegos-de-mesa","8":"product_tag-juegosdemesa","9":"product_tag-miniaturas","10":"product_tag-nemesislockdown","12":"first","13":"outofstock","14":"shipping-taxable","15":"purchasable","16":"product-type-simple"},"_links":{"self":[{"href":"https:\/\/magicgamesbolivia.com\/index.php\/wp-json\/wp\/v2\/product\/3496","targetHints":{"allow":["GET"]}}],"collection":[{"href":"https:\/\/magicgamesbolivia.com\/index.php\/wp-json\/wp\/v2\/product"}],"about":[{"href":"https:\/\/magicgamesbolivia.com\/index.php\/wp-json\/wp\/v2\/types\/product"}],"replies":[{"embeddable":true,"href":"https:\/\/magicgamesbolivia.com\/index.php\/wp-json\/wp\/v2\/comments?post=3496"}],"version-history":[{"count":2,"href":"https:\/\/magicgamesbolivia.com\/index.php\/wp-json\/wp\/v2\/product\/3496\/revisions"}],"predecessor-version":[{"id":3641,"href":"https:\/\/magicgamesbolivia.com\/index.php\/wp-json\/wp\/v2\/product\/3496\/revisions\/3641"}],"wp:featuredmedia":[{"embeddable":true,"href":"https:\/\/magicgamesbolivia.com\/index.php\/wp-json\/wp\/v2\/media\/3497"}],"wp:attachment":[{"href":"https:\/\/magicgamesbolivia.com\/index.php\/wp-json\/wp\/v2\/media?parent=3496"}],"wp:term":[{"taxonomy":"product_brand","embeddable":true,"href":"https:\/\/magicgamesbolivia.com\/index.php\/wp-json\/wp\/v2\/product_brand?post=3496"},{"taxonomy":"product_cat","embeddable":true,"href":"https:\/\/magicgamesbolivia.com\/index.php\/wp-json\/wp\/v2\/product_cat?post=3496"},{"taxonomy":"product_tag","embeddable":true,"href":"https:\/\/magicgamesbolivia.com\/index.php\/wp-json\/wp\/v2\/product_tag?post=3496"}],"curies":[{"name":"wp","href":"https:\/\/api.w.org\/{rel}","templated":true}]}}