{"id":3471,"date":"2022-12-20T01:23:30","date_gmt":"2022-12-20T01:23:30","guid":{"rendered":"http:\/\/magicgamesbolivia.com\/?post_type=product&#038;p=3471"},"modified":"2026-03-30T01:16:16","modified_gmt":"2026-03-30T01:16:16","slug":"hombres-lobo-de-castronegro-blister","status":"publish","type":"product","link":"https:\/\/magicgamesbolivia.com\/index.php\/product\/hombres-lobo-de-castronegro-blister\/","title":{"rendered":"HOMBRES LOBO DE CASTONEGRO (Blister)"},"content":{"rendered":"<div class=\"col-12 pb-3\">\n<h2>Detalle del juego<\/h2>\n<p>En lo m\u00e1s profundo del bosque, la peque\u00f1a aldea de Castronegro es desde hace alg\u00fan tiempo presa del ataque de los Hombres Lobo. Los aldeanos deben superar su miedo para poder erradicar esta plaga venida de la noche de los tiempos, antes de que la aldea pierda sus \u00faltimos habitantes&#8230;<\/p>\n<\/div>\n<div class=\"col-12 game-info\">\n<div class=\"row py-2\">\n<div class=\"col d-flex center px-4 py-2\"><i class=\"mr-3 fa fa-globe\"><\/i>Espa\u00f1ol<\/div>\n<div class=\"col d-flex center px-4 py-2\"><i class=\"mr-3 fa fa-hourglass-half\"><\/i>30 Minutos<\/div>\n<div class=\"col d-flex center px-4 py-2\"><i class=\"mr-3 fa fa-users\"><\/i>De 8 a 18<\/div>\n<\/div>\n<\/div>\n","protected":false},"excerpt":{"rendered":"<div class=\"col-12 pb-3\">\n<h2>Detalle del juego<\/h2>\n<p>En lo m\u00e1s profundo del bosque, la peque\u00f1a aldea de Castronegro es desde hace alg\u00fan tiempo presa del ataque de los Hombres Lobo. Los aldeanos deben superar su miedo para poder erradicar esta plaga venida de la noche de los tiempos, antes de que la aldea pierda sus \u00faltimos habitantes&#8230;<\/p>\n<\/div>\n<div class=\"col-12 game-info\">\n<div class=\"row py-2\">\n<div class=\"col d-flex center px-4 py-2\"><i class=\"mr-3 fa fa-globe\"><\/i>Espa\u00f1ol<\/div>\n<div class=\"col d-flex center px-4 py-2\"><i class=\"mr-3 fa fa-hourglass-half\"><\/i>30 Minutos<\/div>\n<div class=\"col d-flex center px-4 py-2\"><i class=\"mr-3 fa fa-users\"><\/i>De 8 a 18<\/div>\n<\/div>\n<\/div>\n","protected":false},"featured_media":3473,"comment_status":"open","ping_status":"closed","template":"","meta":{"_themeisle_gutenberg_block_has_review":false},"product_brand":[],"product_cat":[123,29],"product_tag":[170,639,219,640],"class_list":{"0":"post-3471","1":"product","2":"type-product","3":"status-publish","4":"has-post-thumbnail","6":"product_cat-otros-juegos","7":"product_cat-juegos-de-mesa","8":"product_tag-hombreslobo","9":"product_tag-hombreslobosdecastonegro","10":"product_tag-juegodecartas","11":"product_tag-juegosderoles","13":"first","14":"instock","15":"shipping-taxable","16":"purchasable","17":"product-type-simple"},"_links":{"self":[{"href":"https:\/\/magicgamesbolivia.com\/index.php\/wp-json\/wp\/v2\/product\/3471","targetHints":{"allow":["GET"]}}],"collection":[{"href":"https:\/\/magicgamesbolivia.com\/index.php\/wp-json\/wp\/v2\/product"}],"about":[{"href":"https:\/\/magicgamesbolivia.com\/index.php\/wp-json\/wp\/v2\/types\/product"}],"replies":[{"embeddable":true,"href":"https:\/\/magicgamesbolivia.com\/index.php\/wp-json\/wp\/v2\/comments?post=3471"}],"version-history":[{"count":2,"href":"https:\/\/magicgamesbolivia.com\/index.php\/wp-json\/wp\/v2\/product\/3471\/revisions"}],"predecessor-version":[{"id":3719,"href":"https:\/\/magicgamesbolivia.com\/index.php\/wp-json\/wp\/v2\/product\/3471\/revisions\/3719"}],"wp:featuredmedia":[{"embeddable":true,"href":"https:\/\/magicgamesbolivia.com\/index.php\/wp-json\/wp\/v2\/media\/3473"}],"wp:attachment":[{"href":"https:\/\/magicgamesbolivia.com\/index.php\/wp-json\/wp\/v2\/media?parent=3471"}],"wp:term":[{"taxonomy":"product_brand","embeddable":true,"href":"https:\/\/magicgamesbolivia.com\/index.php\/wp-json\/wp\/v2\/product_brand?post=3471"},{"taxonomy":"product_cat","embeddable":true,"href":"https:\/\/magicgamesbolivia.com\/index.php\/wp-json\/wp\/v2\/product_cat?post=3471"},{"taxonomy":"product_tag","embeddable":true,"href":"https:\/\/magicgamesbolivia.com\/index.php\/wp-json\/wp\/v2\/product_tag?post=3471"}],"curies":[{"name":"wp","href":"https:\/\/api.w.org\/{rel}","templated":true}]}}