{"id":3468,"date":"2022-12-20T00:51:21","date_gmt":"2022-12-20T00:51:21","guid":{"rendered":"http:\/\/magicgamesbolivia.com\/?post_type=product&#038;p=3468"},"modified":"2026-01-07T17:31:44","modified_gmt":"2026-01-07T17:31:44","slug":"mysterium","status":"publish","type":"product","link":"https:\/\/magicgamesbolivia.com\/index.php\/product\/mysterium\/","title":{"rendered":"MYSTERIUM"},"content":{"rendered":"<div class=\"col-12 pb-3\">Incapaz de hablar, el fantasma amn\u00e9sico se comunica con los mediums a trav\u00e9s de visiones, que se representan en el juego de mesa por las cartas ilustradas. Los mediums deben descifrar las im\u00e1genes para ayudar al fantasma a recordar c\u00f3mo fue asesinado: \u00bfQui\u00e9n perpetr\u00f3 el crimen? \u00bfDonde tuvo lugar? \u00bfQu\u00e9 arma caus\u00f3 la muerte? Cuanto m\u00e1s cooper\u00e9is y adivin\u00e9is m\u00e1s f\u00e1cil ser\u00e1 detener al culpable.<\/div>\n<div class=\"col-12 game-info\">\n<div class=\"row py-2\">\n<div class=\"col d-flex center px-4 py-2\"><i class=\"mr-3 fa fa-globe\"><\/i>Espa\u00f1ol<\/div>\n<div class=\"col d-flex center px-4 py-2\"><i class=\"mr-3 fa fa-hourglass-half\"><\/i>45 minutos<\/div>\n<div class=\"col d-flex center px-4 py-2\"><i class=\"mr-3 fa fa-users\"><\/i>De 2 a 7<\/div>\n<\/div>\n<\/div>\n","protected":false},"excerpt":{"rendered":"<p>Mysterium es un juego de mesa cooperativo en el que t\u00fa\u00a0y tus amigos se aventuran\u00a0mentalmente en la mansi\u00f3n encantada de Mysterium. U<span id=\"result_box\" lang=\"es\" xml:lang=\"es\"><span title=\"In Mysterium, a reworking of the game system present in Tajemnicze Domostwo, one player takes the role of ghost while everyone else represents a medium.\">n jugador representa el papel de fantasma mientras todos los dem\u00e1s son mediums.\u00a0<\/span><span title=\"To solve the crime, the ghost must first recall (with the aid of the mediums) all of the suspects present on the night of the murder.\">Para resolver el crimen, el fantasma debe primero recordar (con vuestra ayuda) los detalles y sospechosos.<\/span><\/span><\/p>\n<p>1920, el Sr. MacDowell, el astr\u00f3logo , inmediatamente detect\u00f3 un ser sobrenatural al entrar en su nueva casa en Escocia. Reuni\u00f3 a los mas eminentes mediums de su tiempo para una sesi\u00f3n de espiritismo extraordinaria, hay siete horas para contactar el fantasma e investigar cualquier pista que pueda proporcionar para desbloquear un antiguo misterio.<\/p>\n","protected":false},"featured_media":3469,"comment_status":"open","ping_status":"closed","template":"","meta":{"_themeisle_gutenberg_block_has_review":false},"product_brand":[],"product_cat":[123,29],"product_tag":[291,638,218,637],"class_list":{"0":"post-3468","1":"product","2":"type-product","3":"status-publish","4":"has-post-thumbnail","6":"product_cat-otros-juegos","7":"product_cat-juegos-de-mesa","8":"product_tag-coperativo","9":"product_tag-investigacion","10":"product_tag-juegodemesa","11":"product_tag-mysterium","13":"first","14":"instock","15":"shipping-taxable","16":"purchasable","17":"product-type-simple"},"_links":{"self":[{"href":"https:\/\/magicgamesbolivia.com\/index.php\/wp-json\/wp\/v2\/product\/3468","targetHints":{"allow":["GET"]}}],"collection":[{"href":"https:\/\/magicgamesbolivia.com\/index.php\/wp-json\/wp\/v2\/product"}],"about":[{"href":"https:\/\/magicgamesbolivia.com\/index.php\/wp-json\/wp\/v2\/types\/product"}],"replies":[{"embeddable":true,"href":"https:\/\/magicgamesbolivia.com\/index.php\/wp-json\/wp\/v2\/comments?post=3468"}],"version-history":[{"count":2,"href":"https:\/\/magicgamesbolivia.com\/index.php\/wp-json\/wp\/v2\/product\/3468\/revisions"}],"predecessor-version":[{"id":3592,"href":"https:\/\/magicgamesbolivia.com\/index.php\/wp-json\/wp\/v2\/product\/3468\/revisions\/3592"}],"wp:featuredmedia":[{"embeddable":true,"href":"https:\/\/magicgamesbolivia.com\/index.php\/wp-json\/wp\/v2\/media\/3469"}],"wp:attachment":[{"href":"https:\/\/magicgamesbolivia.com\/index.php\/wp-json\/wp\/v2\/media?parent=3468"}],"wp:term":[{"taxonomy":"product_brand","embeddable":true,"href":"https:\/\/magicgamesbolivia.com\/index.php\/wp-json\/wp\/v2\/product_brand?post=3468"},{"taxonomy":"product_cat","embeddable":true,"href":"https:\/\/magicgamesbolivia.com\/index.php\/wp-json\/wp\/v2\/product_cat?post=3468"},{"taxonomy":"product_tag","embeddable":true,"href":"https:\/\/magicgamesbolivia.com\/index.php\/wp-json\/wp\/v2\/product_tag?post=3468"}],"curies":[{"name":"wp","href":"https:\/\/api.w.org\/{rel}","templated":true}]}}