{"id":3455,"date":"2022-12-17T00:15:02","date_gmt":"2022-12-17T00:15:02","guid":{"rendered":"http:\/\/magicgamesbolivia.com\/?post_type=product&#038;p=3455"},"modified":"2023-11-22T14:41:15","modified_gmt":"2023-11-22T14:41:15","slug":"tokaido","status":"publish","type":"product","link":"https:\/\/magicgamesbolivia.com\/index.php\/product\/tokaido\/","title":{"rendered":"TOKAIDO"},"content":{"rendered":"<p>Bienvenido a Tokaido,\u00a0<strong>la legendaria ruta del Mar del Este que enlaza Kioto con Edo.<\/strong>\u00a0Aqu\u00ed empezar\u00e1s un\u00a0<strong>viaje extraordinario<\/strong>\u00a0durante el cual descubrir\u00e1s mil maravillas por primera vez.<\/p>\n<p>El juego de mesa\u00a0<strong>Tokaido<\/strong>\u00a0te lleva a un\u00a0<strong>viaje por el antiguo Jap\u00f3n.<\/strong>\u00a0En \u00e9l, los jugadores representan a caminantes que viajan por el antiguo Jap\u00f3n y que avanzar\u00e1n por la famosa ruta t\u014dkaid\u014d, intentando que su viaje se convierta en una experiencia lo m\u00e1s enriquecedora posible. Para ello,\u00a0<strong>atravesar\u00e1n unos parajes magn\u00edficos, saborear\u00e1n unas deliciosas especialidades culinarias, comprar\u00e1n souvenirs, se beneficiar\u00e1n de las virtudes de las aguas termales y vivir\u00e1n unos encuentros inolvidables.<\/strong><\/p>\n<p>T\u00f3mate tu tiempo para contemplar las\u00a0<strong>suntuosas vistas<\/strong>\u00a0que aparecer\u00e1n ante ti: las majestuosas monta\u00f1as, el apacible litoral o los inmensos arrozales\u2026 Deja que las pinceladas de la naturaleza sirvan de amarre para tus recuerdos.<\/p>\n<p>Disfruta de las<strong>\u00a0acogedoras escalas repartidas por el camino,<\/strong>\u00a0ya sea la tranquilidad reparadora de las fuentes termales o las incontables exquisiteces gastron\u00f3micas que sorprender\u00e1n tu paladar.<\/p>\n<p>Acumula junto a tus pertrechos unos\u00a0<strong>souvenirs sorprendentes,<\/strong>\u00a0que van desde lo m\u00e1s modesto hasta lo m\u00e1s sofisticado, y atesora un sinf\u00edn de encuentros que pueden llegar a cambiar el curso de tu periplo.<\/p>\n<p><strong>El tiempo<\/strong>\u00a0puede ser tu mejor aliado a la hora de ser perspicaz, met\u00f3dico y paciente. S\u00f3lo as\u00ed te asegurar\u00e1s de no perderte nada\u00a0 y saborear al m\u00e1ximo la experiencia de la ruta Tokaido.<\/p>\n","protected":false},"excerpt":{"rendered":"<p>El juego de mesa\u00a0<strong>Tokaido<\/strong>\u00a0te lleva a un\u00a0<strong>viaje por el antiguo Jap\u00f3n.<\/strong>\u00a0En \u00e9l, los jugadores representan a caminantes que viajan por el antiguo Jap\u00f3n y que avanzar\u00e1n por la famosa ruta t\u014dkaid\u014d. Atravesar\u00e1n unos parajes magn\u00edficos, saborear\u00e1n unas deliciosas especialidades culinarias, comprar\u00e1n souvenirs, se beneficiar\u00e1n de las virtudes de las aguas termales y vivir\u00e1n unos encuentros inolvidables.<\/p>\n<section class=\"tm-tabcontent\">\n<div class=\"center_bottom\">\n<div class=\"tab-content\">\n<table class=\"table-data-sheet\">\n<tbody>\n<tr class=\"odd\">\n<td>N\u00famero de jugadores:<\/td>\n<td>De 2 a 5 jugadores<\/td>\n<\/tr>\n<tr class=\"even\">\n<td>Duraci\u00f3n aproximada del juego:<\/td>\n<td>45 minutos<\/td>\n<\/tr>\n<tr class=\"odd\">\n<td>Edad m\u00ednima recomendada:<\/td>\n<td>14 a\u00f1os<\/td>\n<\/tr>\n<tr class=\"even\">\n<td>Tipo:<\/td>\n<td>Juego de cartas<\/td>\n<\/tr>\n<tr class=\"odd\">\n<td>G\u00e9nero:<\/td>\n<td>Estrategia<\/td>\n<\/tr>\n<tr class=\"even\">\n<td>Idioma:<\/td>\n<td>Espa\u00f1ol<\/td>\n<\/tr>\n<tr class=\"odd\">\n<td>Marca:<\/td>\n<td>Asmodee<\/td>\n<\/tr>\n<\/tbody>\n<\/table>\n<\/div>\n<\/div>\n<\/section>\n<div class=\"center_bottom\">\n<div class=\"center_top1\"><\/div>\n<\/div>\n","protected":false},"featured_media":3456,"comment_status":"open","ping_status":"closed","template":"","meta":{"_themeisle_gutenberg_block_has_review":false},"product_brand":[],"product_cat":[352,29],"product_tag":[279,267,218,633],"class_list":{"0":"post-3455","1":"product","2":"type-product","3":"status-publish","4":"has-post-thumbnail","6":"product_cat-asmodee","7":"product_cat-juegos-de-mesa","8":"product_tag-asmodee","9":"product_tag-familiar","10":"product_tag-juegodemesa","11":"product_tag-tokaido","13":"first","14":"outofstock","15":"shipping-taxable","16":"purchasable","17":"product-type-simple"},"_links":{"self":[{"href":"https:\/\/magicgamesbolivia.com\/index.php\/wp-json\/wp\/v2\/product\/3455","targetHints":{"allow":["GET"]}}],"collection":[{"href":"https:\/\/magicgamesbolivia.com\/index.php\/wp-json\/wp\/v2\/product"}],"about":[{"href":"https:\/\/magicgamesbolivia.com\/index.php\/wp-json\/wp\/v2\/types\/product"}],"replies":[{"embeddable":true,"href":"https:\/\/magicgamesbolivia.com\/index.php\/wp-json\/wp\/v2\/comments?post=3455"}],"version-history":[{"count":4,"href":"https:\/\/magicgamesbolivia.com\/index.php\/wp-json\/wp\/v2\/product\/3455\/revisions"}],"predecessor-version":[{"id":4008,"href":"https:\/\/magicgamesbolivia.com\/index.php\/wp-json\/wp\/v2\/product\/3455\/revisions\/4008"}],"wp:featuredmedia":[{"embeddable":true,"href":"https:\/\/magicgamesbolivia.com\/index.php\/wp-json\/wp\/v2\/media\/3456"}],"wp:attachment":[{"href":"https:\/\/magicgamesbolivia.com\/index.php\/wp-json\/wp\/v2\/media?parent=3455"}],"wp:term":[{"taxonomy":"product_brand","embeddable":true,"href":"https:\/\/magicgamesbolivia.com\/index.php\/wp-json\/wp\/v2\/product_brand?post=3455"},{"taxonomy":"product_cat","embeddable":true,"href":"https:\/\/magicgamesbolivia.com\/index.php\/wp-json\/wp\/v2\/product_cat?post=3455"},{"taxonomy":"product_tag","embeddable":true,"href":"https:\/\/magicgamesbolivia.com\/index.php\/wp-json\/wp\/v2\/product_tag?post=3455"}],"curies":[{"name":"wp","href":"https:\/\/api.w.org\/{rel}","templated":true}]}}