{"id":3420,"date":"2022-12-12T13:29:41","date_gmt":"2022-12-12T13:29:41","guid":{"rendered":"http:\/\/magicgamesbolivia.com\/?post_type=product&#038;p=3420"},"modified":"2026-01-16T20:41:53","modified_gmt":"2026-01-16T20:41:53","slug":"zombicide-segunda-edicion-clasicos-renovados","status":"publish","type":"product","link":"https:\/\/magicgamesbolivia.com\/index.php\/product\/zombicide-segunda-edicion-clasicos-renovados\/","title":{"rendered":"Zombicide Segunda Edici\u00f3n Cl\u00e1sicos Renovados"},"content":{"rendered":"<h2>Detalle del juego<\/h2>\n<p>\u00a1Con este pack de conversi\u00f3n podr\u00e1s usar todos los zombis especiales, Acompa\u00f1antes y Supervivientes del\u00a0<i>Zombicide\u00a0<\/i>cl\u00e1sico, con reglas actualizadas para la segunda edici\u00f3n!<\/p>\n<p><strong>CONTENIDO<\/strong><br \/>\n70 tarjetas de Superviviente, 3 cartas de Abominaci\u00f3n, 12 cartas de Zombi t\u00f3xico, 12 cartas de Zombi bers\u00e9rker, 40 cartas de Zombi descarnado, 12 cartas de Zombi rastreador, 12 cartas de Perros zombi, 12 cartas de Bandada de cuervos, 12 cartas de Zombi VIP, 6 cartas de Zombiviente Perdido, 14 cartas de Acompa\u00f1ante.<\/p>\n<p><strong>NOTA<\/strong><br \/>\nPARA USAR EL CONTENIDO DE ESTA EXPANSI\u00d3N SE NECESITA UNA CAJA B\u00c1SICA DE ZOMBICIDE 2\u00aa EDICI\u00d3N.<\/p>\n","protected":false},"excerpt":{"rendered":"<h2>Detalle del juego<\/h2>\n<p>\u00a1Con este pack de conversi\u00f3n podr\u00e1s usar todos los zombis especiales, Acompa\u00f1antes y Supervivientes del\u00a0<i>Zombicide\u00a0<\/i>cl\u00e1sico, con reglas actualizadas para la segunda edici\u00f3n!<\/p>\n<p><strong>CONTENIDO<\/strong><br \/>\n70 tarjetas de Superviviente, 3 cartas de Abominaci\u00f3n, 12 cartas de Zombi t\u00f3xico, 12 cartas de Zombi bers\u00e9rker, 40 cartas de Zombi descarnado, 12 cartas de Zombi rastreador, 12 cartas de Perros zombi, 12 cartas de Bandada de cuervos, 12 cartas de Zombi VIP, 6 cartas de Zombiviente Perdido, 14 cartas de Acompa\u00f1ante.<\/p>\n<p><strong>NOTA<\/strong><br \/>\nPARA USAR EL CONTENIDO DE ESTA EXPANSI\u00d3N SE NECESITA UNA CAJA B\u00c1SICA DE ZOMBICIDE 2\u00aa EDICI\u00d3N.<\/p>\n","protected":false},"featured_media":3421,"comment_status":"open","ping_status":"closed","template":"","meta":{"_themeisle_gutenberg_block_has_review":false},"product_brand":[],"product_cat":[123,29],"product_tag":[623,621,622],"class_list":{"0":"post-3420","1":"product","2":"type-product","3":"status-publish","4":"has-post-thumbnail","6":"product_cat-otros-juegos","7":"product_cat-juegos-de-mesa","8":"product_tag-2edicion","9":"product_tag-zombicide-segunda-edicion-clasicos-renovados","10":"product_tag-zomibice","12":"first","13":"outofstock","14":"shipping-taxable","15":"purchasable","16":"product-type-simple"},"_links":{"self":[{"href":"https:\/\/magicgamesbolivia.com\/index.php\/wp-json\/wp\/v2\/product\/3420","targetHints":{"allow":["GET"]}}],"collection":[{"href":"https:\/\/magicgamesbolivia.com\/index.php\/wp-json\/wp\/v2\/product"}],"about":[{"href":"https:\/\/magicgamesbolivia.com\/index.php\/wp-json\/wp\/v2\/types\/product"}],"replies":[{"embeddable":true,"href":"https:\/\/magicgamesbolivia.com\/index.php\/wp-json\/wp\/v2\/comments?post=3420"}],"version-history":[{"count":1,"href":"https:\/\/magicgamesbolivia.com\/index.php\/wp-json\/wp\/v2\/product\/3420\/revisions"}],"predecessor-version":[{"id":3423,"href":"https:\/\/magicgamesbolivia.com\/index.php\/wp-json\/wp\/v2\/product\/3420\/revisions\/3423"}],"wp:featuredmedia":[{"embeddable":true,"href":"https:\/\/magicgamesbolivia.com\/index.php\/wp-json\/wp\/v2\/media\/3421"}],"wp:attachment":[{"href":"https:\/\/magicgamesbolivia.com\/index.php\/wp-json\/wp\/v2\/media?parent=3420"}],"wp:term":[{"taxonomy":"product_brand","embeddable":true,"href":"https:\/\/magicgamesbolivia.com\/index.php\/wp-json\/wp\/v2\/product_brand?post=3420"},{"taxonomy":"product_cat","embeddable":true,"href":"https:\/\/magicgamesbolivia.com\/index.php\/wp-json\/wp\/v2\/product_cat?post=3420"},{"taxonomy":"product_tag","embeddable":true,"href":"https:\/\/magicgamesbolivia.com\/index.php\/wp-json\/wp\/v2\/product_tag?post=3420"}],"curies":[{"name":"wp","href":"https:\/\/api.w.org\/{rel}","templated":true}]}}