{"id":3405,"date":"2022-12-12T01:36:46","date_gmt":"2022-12-12T01:36:46","guid":{"rendered":"http:\/\/magicgamesbolivia.com\/?post_type=product&#038;p=3405"},"modified":"2026-01-07T17:11:36","modified_gmt":"2026-01-07T17:11:36","slug":"exit-el-museo-misterioso","status":"publish","type":"product","link":"https:\/\/magicgamesbolivia.com\/index.php\/product\/exit-el-museo-misterioso\/","title":{"rendered":"EXIT: EL MUSEO MISTERIOSO"},"content":{"rendered":"<p>Exit: El museo misterioso es el d\u00e9cimo juego de la serie Exit, creado por Inka y Markus Brand, y se trata del segundo juego con la dificultad para principiante. Es un juego del a\u00f1o 2018 que ofrece un desaf\u00edo de entre 45 a 90 minutos de duraci\u00f3n.<\/p>\n<p>Esta visita es excepcional. Aqu\u00ed te apasiona a la entrada del museo de las t\u00e9cnicas de Florencia. No todos los d\u00edas tenemos la oportunidad de descubrir el tesoro de la Santa Mar\u00eda. Pero todo se desliza de repente, y la visita toma un giro incre\u00edble. Aclarar el misterio que est\u00e1 planando sobre este museo.<\/p>\n<p>EXIT es un juego que retoma las sensaciones de los juegos de escape. Con indicaciones, material y decodificador, tendr\u00e1s la misi\u00f3n de salir del juego lo m\u00e1s r\u00e1pido posible. M\u00e1s que un juego: una experiencia \u00fanica y envolvente en la que tendr\u00e1s que probar la observaci\u00f3n y la l\u00f3gica.<\/p>\n","protected":false},"excerpt":{"rendered":"<h1 class=\"product_title entry-title\">EXIT: El Museo Misterioso<\/h1>\n<div class=\"description woocommerce-product-details__short-description\">\n<p>Exit: El museo misterioso es el d\u00e9cimo juego de la colecci\u00f3n. Un juego de nivel de dificultad para principiantes, en la que viajar\u00e9is en una incre\u00edble m\u00e1quina del tiempo dentro de un museo misterioso \u00a1Una aventura inolvidable!<\/p>\n<div class=\"atributo col-md-4 col-sm-4 col-xs-4\">antidad de Jugadores<\/p>\n<div class=\"at-desc\">\n<p>1-4<\/p>\n<\/div>\n<\/div>\n<div class=\"atributo col-md-4 col-sm-4 col-xs-4\"><i class=\"far fa-clock\" aria-hidden=\"true\"><\/i>Tiempo de Juego<\/p>\n<div class=\"at-desc\">\n<p>90<\/p>\n<\/div>\n<\/div>\n<div class=\"atributo col-md-4 col-sm-4 col-xs-4\"><i class=\"fas fa-birthday-cake\" aria-hidden=\"true\"><\/i>Edad recomendada<\/p>\n<div class=\"at-desc\">\n<p>10<\/p>\n<\/div>\n<\/div>\n<\/div>\n","protected":false},"featured_media":3406,"comment_status":"open","ping_status":"closed","template":"","meta":{"_themeisle_gutenberg_block_has_review":false},"product_brand":[],"product_cat":[29,30],"product_tag":[31,399,218],"class_list":{"0":"post-3405","1":"product","2":"type-product","3":"status-publish","4":"has-post-thumbnail","6":"product_cat-juegos-de-mesa","7":"product_cat-devir","8":"product_tag-devir","9":"product_tag-exit","10":"product_tag-juegodemesa","12":"first","13":"outofstock","14":"shipping-taxable","15":"purchasable","16":"product-type-simple"},"_links":{"self":[{"href":"https:\/\/magicgamesbolivia.com\/index.php\/wp-json\/wp\/v2\/product\/3405","targetHints":{"allow":["GET"]}}],"collection":[{"href":"https:\/\/magicgamesbolivia.com\/index.php\/wp-json\/wp\/v2\/product"}],"about":[{"href":"https:\/\/magicgamesbolivia.com\/index.php\/wp-json\/wp\/v2\/types\/product"}],"replies":[{"embeddable":true,"href":"https:\/\/magicgamesbolivia.com\/index.php\/wp-json\/wp\/v2\/comments?post=3405"}],"version-history":[{"count":2,"href":"https:\/\/magicgamesbolivia.com\/index.php\/wp-json\/wp\/v2\/product\/3405\/revisions"}],"predecessor-version":[{"id":3680,"href":"https:\/\/magicgamesbolivia.com\/index.php\/wp-json\/wp\/v2\/product\/3405\/revisions\/3680"}],"wp:featuredmedia":[{"embeddable":true,"href":"https:\/\/magicgamesbolivia.com\/index.php\/wp-json\/wp\/v2\/media\/3406"}],"wp:attachment":[{"href":"https:\/\/magicgamesbolivia.com\/index.php\/wp-json\/wp\/v2\/media?parent=3405"}],"wp:term":[{"taxonomy":"product_brand","embeddable":true,"href":"https:\/\/magicgamesbolivia.com\/index.php\/wp-json\/wp\/v2\/product_brand?post=3405"},{"taxonomy":"product_cat","embeddable":true,"href":"https:\/\/magicgamesbolivia.com\/index.php\/wp-json\/wp\/v2\/product_cat?post=3405"},{"taxonomy":"product_tag","embeddable":true,"href":"https:\/\/magicgamesbolivia.com\/index.php\/wp-json\/wp\/v2\/product_tag?post=3405"}],"curies":[{"name":"wp","href":"https:\/\/api.w.org\/{rel}","templated":true}]}}