{"id":3362,"date":"2022-11-20T23:31:36","date_gmt":"2022-11-20T23:31:36","guid":{"rendered":"http:\/\/magicgamesbolivia.com\/?post_type=product&#038;p=3362"},"modified":"2025-06-27T19:15:22","modified_gmt":"2025-06-27T19:15:22","slug":"pocimas-y-brebajes-las-brujas-herboristas","status":"publish","type":"product","link":"https:\/\/magicgamesbolivia.com\/index.php\/product\/pocimas-y-brebajes-las-brujas-herboristas\/","title":{"rendered":"Pocimas y Brebajes las Brujas herboristas"},"content":{"rendered":"<p>P\u00f3cimas y brebajes: Las brujas herboristas es la primera expansi\u00f3n para el estupendo juego<a href=\"https:\/\/devir.es\/pocimas-y-brebajes\">\u00a0P\u00f3cimas y brebajes.<\/a>\u00a0Se trata de una expansi\u00f3n publicada en el a\u00f1o 2019 para el que fue ganador del Kennerspiel des Jahres (Mejor juego estrat\u00e9gico del a\u00f1o) en 2018.<\/p>\n<p>Las brujas herboristas no solo te permite jugar con hasta 5 jugadores, sino que dotar\u00e1 a tus partidas de muchos elementos nuevos, como libros de conjuros o las propias brujas, que a\u00f1aden nuevas habilidades especiales. Estas son algunas de las novedades que incluye Las brujas herboristas:<\/p>\n<p>Las brujas, que son nuevos personajes con habilidades especiales y que los jugadores pueden usar una vez por partida.<\/p>\n<p>Se incluye un nuevo ingrediente, la hierbaloca, cuyo valor est\u00e1 determinado por su capacidad en lugar de ser fijo.<\/p>\n<p>Existen nuevos libros de ingredientes, aumentando la variedad disponible.<\/p>\n<p>Y, finalmente, nuevos componentes del jugador en color negro, lo que aumenta la diversi\u00f3n y el n\u00famero de jugadores hasta 5.<\/p>\n","protected":false},"excerpt":{"rendered":"<p>P\u00f3cimas y brebajes: Las brujas herboristas es la primera expansi\u00f3n para el estupendo juego<a href=\"https:\/\/devir.es\/pocimas-y-brebajes\">\u00a0P\u00f3cimas y brebajes.<\/a>\u00a0Se trata de una expansi\u00f3n publicada en el a\u00f1o 2019 para el que fue ganador del Kennerspiel des Jahres (Mejor juego estrat\u00e9gico del a\u00f1o) en 2018.<\/p>\n<p>Las brujas herboristas no solo te permite jugar con hasta 5 jugadores, sino que dotar\u00e1 a tus partidas de muchos elementos nuevos, como libros de conjuros o las propias brujas, que a\u00f1aden nuevas habilidades especiales. Estas son algunas de las novedades que incluye Las brujas herboristas:<\/p>\n<p>Las brujas, que son nuevos personajes con habilidades especiales y que los jugadores pueden usar una vez por partida.<\/p>\n<p>Se incluye un nuevo ingrediente, la hierbaloca, cuyo valor est\u00e1 determinado por su capacidad en lugar de ser fijo.<\/p>\n<p>Existen nuevos libros de ingredientes, aumentando la variedad disponible.<\/p>\n<p>Y, finalmente, nuevos componentes del jugador en color negro, lo que aumenta la diversi\u00f3n y el n\u00famero de jugadores hasta 5.<\/p>\n","protected":false},"featured_media":3363,"comment_status":"open","ping_status":"closed","template":"","meta":{"_themeisle_gutenberg_block_has_review":false},"product_brand":[],"product_cat":[29,30],"product_tag":[31,288,610],"class_list":{"0":"post-3362","1":"product","2":"type-product","3":"status-publish","4":"has-post-thumbnail","6":"product_cat-juegos-de-mesa","7":"product_cat-devir","8":"product_tag-devir","9":"product_tag-expansion","10":"product_tag-pocimasybrebajes","12":"first","13":"outofstock","14":"shipping-taxable","15":"purchasable","16":"product-type-simple"},"_links":{"self":[{"href":"https:\/\/magicgamesbolivia.com\/index.php\/wp-json\/wp\/v2\/product\/3362","targetHints":{"allow":["GET"]}}],"collection":[{"href":"https:\/\/magicgamesbolivia.com\/index.php\/wp-json\/wp\/v2\/product"}],"about":[{"href":"https:\/\/magicgamesbolivia.com\/index.php\/wp-json\/wp\/v2\/types\/product"}],"replies":[{"embeddable":true,"href":"https:\/\/magicgamesbolivia.com\/index.php\/wp-json\/wp\/v2\/comments?post=3362"}],"version-history":[{"count":1,"href":"https:\/\/magicgamesbolivia.com\/index.php\/wp-json\/wp\/v2\/product\/3362\/revisions"}],"predecessor-version":[{"id":3365,"href":"https:\/\/magicgamesbolivia.com\/index.php\/wp-json\/wp\/v2\/product\/3362\/revisions\/3365"}],"wp:featuredmedia":[{"embeddable":true,"href":"https:\/\/magicgamesbolivia.com\/index.php\/wp-json\/wp\/v2\/media\/3363"}],"wp:attachment":[{"href":"https:\/\/magicgamesbolivia.com\/index.php\/wp-json\/wp\/v2\/media?parent=3362"}],"wp:term":[{"taxonomy":"product_brand","embeddable":true,"href":"https:\/\/magicgamesbolivia.com\/index.php\/wp-json\/wp\/v2\/product_brand?post=3362"},{"taxonomy":"product_cat","embeddable":true,"href":"https:\/\/magicgamesbolivia.com\/index.php\/wp-json\/wp\/v2\/product_cat?post=3362"},{"taxonomy":"product_tag","embeddable":true,"href":"https:\/\/magicgamesbolivia.com\/index.php\/wp-json\/wp\/v2\/product_tag?post=3362"}],"curies":[{"name":"wp","href":"https:\/\/api.w.org\/{rel}","templated":true}]}}