{"id":3347,"date":"2022-11-20T22:28:53","date_gmt":"2022-11-20T22:28:53","guid":{"rendered":"http:\/\/magicgamesbolivia.com\/?post_type=product&#038;p=3347"},"modified":"2026-01-25T22:17:57","modified_gmt":"2026-01-25T22:17:57","slug":"dobble-blister-eco","status":"publish","type":"product","link":"https:\/\/magicgamesbolivia.com\/index.php\/product\/dobble-blister-eco\/","title":{"rendered":"DOBBLE BLITSER ECO"},"content":{"rendered":"<p>Dobble es un juego de cartas que se basa en la velocidad, observaci\u00f3n y reflejos, en el que los jugadores compiten por encontrar el s\u00edmbolo que coincide entre las cartas<\/p>\n<p>M\u00e1s de 50 s\u00edmbolos y 55 cartas, con uno, y solamente un s\u00edmbolo id\u00e9ntico entre cada carta. \u00bfSer\u00e1s capaz de descubrirlo?<\/p>\n<p>En esta nueva version solo cambia el empaque que viene sin pl\u00e1stico, para que sea mas amigable con el medio ambiente.<\/p>\n","protected":false},"excerpt":{"rendered":"<p>Dobble es un juego de cartas que se basa en la velocidad, observaci\u00f3n y reflejos, en el que los jugadores compiten por encontrar el s\u00edmbolo que coincide entre las cartas<\/p>\n<p>M\u00e1s de 50 s\u00edmbolos y 55 cartas, con uno, y solamente un s\u00edmbolo id\u00e9ntico entre cada carta. \u00bfSer\u00e1s capaz de descubrirlo?<\/p>\n<p>En esta nueva version solo cambia el empaque que viene sin pl\u00e1stico, para que sea mas amigable con el medio ambiente.<\/p>\n","protected":false},"featured_media":3350,"comment_status":"open","ping_status":"closed","template":"","meta":{"_themeisle_gutenberg_block_has_review":false},"product_brand":[],"product_cat":[123,29],"product_tag":[296,275,218],"class_list":{"0":"post-3347","1":"product","2":"type-product","3":"status-publish","4":"has-post-thumbnail","6":"product_cat-otros-juegos","7":"product_cat-juegos-de-mesa","8":"product_tag-clasico","9":"product_tag-dobble","10":"product_tag-juegodemesa","12":"first","13":"instock","14":"shipping-taxable","15":"purchasable","16":"product-type-simple"},"_links":{"self":[{"href":"https:\/\/magicgamesbolivia.com\/index.php\/wp-json\/wp\/v2\/product\/3347","targetHints":{"allow":["GET"]}}],"collection":[{"href":"https:\/\/magicgamesbolivia.com\/index.php\/wp-json\/wp\/v2\/product"}],"about":[{"href":"https:\/\/magicgamesbolivia.com\/index.php\/wp-json\/wp\/v2\/types\/product"}],"replies":[{"embeddable":true,"href":"https:\/\/magicgamesbolivia.com\/index.php\/wp-json\/wp\/v2\/comments?post=3347"}],"version-history":[{"count":2,"href":"https:\/\/magicgamesbolivia.com\/index.php\/wp-json\/wp\/v2\/product\/3347\/revisions"}],"predecessor-version":[{"id":3724,"href":"https:\/\/magicgamesbolivia.com\/index.php\/wp-json\/wp\/v2\/product\/3347\/revisions\/3724"}],"wp:featuredmedia":[{"embeddable":true,"href":"https:\/\/magicgamesbolivia.com\/index.php\/wp-json\/wp\/v2\/media\/3350"}],"wp:attachment":[{"href":"https:\/\/magicgamesbolivia.com\/index.php\/wp-json\/wp\/v2\/media?parent=3347"}],"wp:term":[{"taxonomy":"product_brand","embeddable":true,"href":"https:\/\/magicgamesbolivia.com\/index.php\/wp-json\/wp\/v2\/product_brand?post=3347"},{"taxonomy":"product_cat","embeddable":true,"href":"https:\/\/magicgamesbolivia.com\/index.php\/wp-json\/wp\/v2\/product_cat?post=3347"},{"taxonomy":"product_tag","embeddable":true,"href":"https:\/\/magicgamesbolivia.com\/index.php\/wp-json\/wp\/v2\/product_tag?post=3347"}],"curies":[{"name":"wp","href":"https:\/\/api.w.org\/{rel}","templated":true}]}}