{"id":3340,"date":"2022-11-20T21:33:12","date_gmt":"2022-11-20T21:33:12","guid":{"rendered":"http:\/\/magicgamesbolivia.com\/?post_type=product&#038;p=3340"},"modified":"2026-01-14T13:43:07","modified_gmt":"2026-01-14T13:43:07","slug":"la-asamblea-del-mal","status":"publish","type":"product","link":"https:\/\/magicgamesbolivia.com\/index.php\/product\/la-asamblea-del-mal\/","title":{"rendered":"LA ASAMBLEA DEL MAL"},"content":{"rendered":"<p>Imagina que est\u00e1s en un reino dominado por el caos y la desgracia, un reino tan inh\u00f3spito y oscuro que solo los Villanos m\u00e1s despiadados \u00a0pueden sobrevivir y prosperar en \u00e9l.<br \/>\nAh\u00ed es donde se encuentran ahora los Villanos de Disney y sus Secuaces, sin saber exactamente c\u00f3mo han llegado hasta ah\u00ed. \u00bfSer\u00e1 por los efectos adversos de alguna de sus maldiciones? Solo tienen la certeza de que, en un abrir y cerrar de ojos, como por arte de magia, han pasado de conspirar en sus respectivos mundos a vivir en este reino olvidado y cruel.<br \/>\nAl tenerse frente a frente y mirarse a la cara solo se les ocurre fundar&#8230; \u00a1la Asamblea del Mal!<br \/>\nEn un mundo en el que todos son malvados, \u00bfhay alguien en quien puedas confiar?<br \/>\n\u00a1Juega en el papel de tu Villano de Disney favorito o en el de uno de sus Secuaces!<br \/>\n\u00bfTe unir\u00e1s al equipo de los V\u00e1ndalos o sembrar\u00e1s el caso en el equipo de los Malhechores?<br \/>\nUn juego sencillo de identidades ocultas con los ic\u00f3nicos Villanos de Disney.<br \/>\nUn nuevo concepto de Los hombres lobo de Castronegro<\/p>\n","protected":false},"excerpt":{"rendered":"<p>Imagina que est\u00e1s en un reino dominado por el caos y la desgracia, un reino tan inh\u00f3spito y oscuro que solo los Villanos m\u00e1s despiadados \u00a0pueden sobrevivir y prosperar en \u00e9l. Ah\u00ed es donde se encuentran ahora los Villanos de Disney y sus Secuaces, sin saber exactamente c\u00f3mo han llegado hasta ah\u00ed.<\/p>\n","protected":false},"featured_media":3341,"comment_status":"open","ping_status":"closed","template":"","meta":{"_themeisle_gutenberg_block_has_review":false},"product_brand":[],"product_cat":[29,123],"product_tag":[604,151,219,241,605],"class_list":{"0":"post-3340","1":"product","2":"type-product","3":"status-publish","4":"has-post-thumbnail","6":"product_cat-juegos-de-mesa","7":"product_cat-otros-juegos","8":"product_tag-asambleadelmal","9":"product_tag-disney","10":"product_tag-juegodecartas","11":"product_tag-magicgames","12":"product_tag-rolesocultos","14":"first","15":"instock","16":"shipping-taxable","17":"purchasable","18":"product-type-simple"},"_links":{"self":[{"href":"https:\/\/magicgamesbolivia.com\/index.php\/wp-json\/wp\/v2\/product\/3340","targetHints":{"allow":["GET"]}}],"collection":[{"href":"https:\/\/magicgamesbolivia.com\/index.php\/wp-json\/wp\/v2\/product"}],"about":[{"href":"https:\/\/magicgamesbolivia.com\/index.php\/wp-json\/wp\/v2\/types\/product"}],"replies":[{"embeddable":true,"href":"https:\/\/magicgamesbolivia.com\/index.php\/wp-json\/wp\/v2\/comments?post=3340"}],"version-history":[{"count":2,"href":"https:\/\/magicgamesbolivia.com\/index.php\/wp-json\/wp\/v2\/product\/3340\/revisions"}],"predecessor-version":[{"id":3683,"href":"https:\/\/magicgamesbolivia.com\/index.php\/wp-json\/wp\/v2\/product\/3340\/revisions\/3683"}],"wp:featuredmedia":[{"embeddable":true,"href":"https:\/\/magicgamesbolivia.com\/index.php\/wp-json\/wp\/v2\/media\/3341"}],"wp:attachment":[{"href":"https:\/\/magicgamesbolivia.com\/index.php\/wp-json\/wp\/v2\/media?parent=3340"}],"wp:term":[{"taxonomy":"product_brand","embeddable":true,"href":"https:\/\/magicgamesbolivia.com\/index.php\/wp-json\/wp\/v2\/product_brand?post=3340"},{"taxonomy":"product_cat","embeddable":true,"href":"https:\/\/magicgamesbolivia.com\/index.php\/wp-json\/wp\/v2\/product_cat?post=3340"},{"taxonomy":"product_tag","embeddable":true,"href":"https:\/\/magicgamesbolivia.com\/index.php\/wp-json\/wp\/v2\/product_tag?post=3340"}],"curies":[{"name":"wp","href":"https:\/\/api.w.org\/{rel}","templated":true}]}}