{"id":3320,"date":"2022-10-27T19:44:48","date_gmt":"2022-10-27T19:44:48","guid":{"rendered":"http:\/\/magicgamesbolivia.com\/?post_type=product&#038;p=3320"},"modified":"2025-06-23T23:04:48","modified_gmt":"2025-06-23T23:04:48","slug":"king-of-tokyo-monster-box","status":"publish","type":"product","link":"https:\/\/magicgamesbolivia.com\/index.php\/product\/king-of-tokyo-monster-box\/","title":{"rendered":"KING OF TOKYO : MONSTER BOX"},"content":{"rendered":"<p>Creado por Richard Garfield, el autor del aclamado juego de cartas Magic: The Gathering,\u00a0<a href=\"https:\/\/devir.es\/devirpedia\/king-of-tokyo\">King of Tokyo<\/a>\u00a0nos reta a ponernos en la piel de monstruos mutantes, robots gigantes o fieros alien\u00edgenas en un combate salvaje por dominar la capital de Jap\u00f3n. Las partidas, en las que pueden participar entre 2 y 6 personas, son r\u00e1pidas y fren\u00e9ticas, de apenas 30 minutos. Elige tu mejor estrategia, lanza los dados, derrota a todos tus enemigos, gana puntos de fama y convi\u00e9rtete en el \u00fanico e indiscutible gran rey de Tokyo.<\/p>\n<p>\u00bfC\u00f3mo empezar a sembrar el caos?<a href=\"https:\/\/devir.es\/trailer-king-of-tokyo\">\u00a0King of Tokyo<\/a>\u00a0tiene una mec\u00e1nica innovadora de<a href=\"https:\/\/devir.es\/devirpedia\/tirar-dados\">\u00a0lanzamiento de dados:\u00a0<\/a>deberemos lanzar tres veces en nuestro turno y elegir con los que nos quedamos para conseguir la mejor tirada posible. Debemos tirar seis dados con cuatro tipos de s\u00edmbolos: si sacas tres veces el mismo resultado en los s\u00edmbolos de n\u00famero (1, 2 o 3), esa ser\u00e1 la cantidad de puntos de victoria que obtienes, y por cada resultado adicional del mismo n\u00famero obtendr\u00e1s otro punto de victoria. Cada s\u00edmbolo otorga diferentes capacidades que nos ayudar\u00e1n, o bien a conseguir 20 puntos de victoria, o bien a derrotar al resto de monstruos.<\/p>\n<p>La expansi\u00f3n<a href=\"https:\/\/devir.es\/king-of-tokyo-halloween\">\u00a0King of Tokyo: Halloween<\/a>, tambi\u00e9n incluida en la Monster Box, incorpora dos nuevos monstruos con sus cartas de evoluci\u00f3n para aterrorizarnos: el ardiente Pumpkin Jack y el espeluznante Boogie Woogie. Tambi\u00e9n incluye una nueva mec\u00e1nica: los disfraces. Se barajan las doce cartas de disfraz que incluye la expansi\u00f3n y cada jugador obtiene una al inicio. Las cartas de disfraces se usan como cartas permanentes durante toda la partida y se pueden comprar al final del turno. No hay un l\u00edmite a la cantidad de disfraces que puede tener un monstruo, as\u00ed que puedes hacer las combinaciones que quieras. Tambi\u00e9n puedes robar los disfraces de otros jugadores, para lo que debes conseguir una tirada con al menos tres garras, causar este da\u00f1o y poder pagar el coste de energ\u00eda.<\/p>\n<p>La expansi\u00f3n\u00a0<a href=\"https:\/\/devir.es\/king-of-ny-power-up\">King of Tokyo: power Up<\/a>, que tambi\u00e9n se encuentra en la Monster Box, a\u00f1ade un monstruo al elenco, Pandaka\u00ef, y 56 cartas de evoluci\u00f3n que dotan de profundidad al juego base. Con estas cartas, la elecci\u00f3n de nuestro monstruo ya no ser\u00e1 indiferente, pues cada uno dispondr\u00e1 de caracter\u00edsticas \u00fanicas, cosa que ampl\u00eda las posibilidades estrat\u00e9gicas del juego.<\/p>\n<p>Los amantes de\u00a0<a href=\"https:\/\/devir.es\/como-jugar-a-king-of-tokyo\">King of Tokyo<\/a>\u00a0y los coleccionistas no pueden dejar escapar la edici\u00f3n Monster Box, ya que incluye en exclusiva un nuevo modelo de monstruo, el Baby\u00a0Gigazaur, as\u00ed como tambi\u00e9n once cartas nuevas y una bandeja para los dados. Un pack monstruosamente completo para vivir la experiencia completa de\u00a0<a href=\"https:\/\/devir.es\/king-of-tokyo\">King of Tokyo<\/a>. Ideal tanto para jugar en familia como con los amigos, prep\u00e1rate para vivir \u00e9picas peleas entre monstruos gigantes en la capital de Jap\u00f3n.<\/p>\n","protected":false},"excerpt":{"rendered":"<p><a href=\"https:\/\/devir.es\/king-of-tokyo\">King of Tokyo\u00a0<\/a>Monster Box es la edici\u00f3n m\u00e1s completa que se ha publicado hasta la fecha del juego. Adem\u00e1s del t\u00edtulo base incluye las expansiones\u00a0<a href=\"https:\/\/devir.es\/king-of-tokyo-halloween\">King of Tokyo: Halloween<\/a>\u00a0y\u00a0<a href=\"https:\/\/devir.es\/king-of-ny-power-up\">King of Tokyo: Power Up!<\/a>; once cartas exclusivas; el modelo de Baby Gigazaur con sus cartas Power Up y una bandeja de dados.<\/p>\n<ul class=\"group-items\">\n<li><span class=\"label\">Autor<\/span>\u00a0Richard Garfield<\/li>\n<li><span class=\"label\">Ilustrador<\/span>\u00a0Gabriel Butik, Romain Gaschet, Jonathan Silvestre, Igor Polouchine, Benjamin Raynal, Jean-Baptiste Reynaud, R\u00e9gis Torres, Anthony Wolff<\/li>\n<li><span class=\"label\">Mec\u00e1nicas<\/span>\u00a0<a href=\"https:\/\/devir.es\/devirpedia\/Atrapa-al-lider\">Atrapa al l\u00edder<\/a>,<a href=\"https:\/\/devir.es\/devirpedia\/Gestion-de-mano\">\u00a0Gesti\u00f3n de mano<\/a>,<a href=\"https:\/\/devir.es\/devirpedia\/Push-your-luck\">\u00a0Push your luck<\/a>,<a href=\"https:\/\/devir.es\/devirpedia\/Tirar-dados\">\u00a0Tirar dados<\/a><\/li>\n<li><span class=\"label\">Tipo de Jugador<\/span>\u00a0<a href=\"https:\/\/devir.es\/devirpedia\/Asesino\">Asesino<\/a>,<a href=\"https:\/\/devir.es\/devirpedia\/Esporadico\">\u00a0Espor\u00e1dico<\/a>,<a href=\"https:\/\/devir.es\/devirpedia\/Familiar\">\u00a0Familiar<\/a>,<a href=\"https:\/\/devir.es\/devirpedia\/Habitual\">\u00a0Habitual<\/a>,<a href=\"https:\/\/devir.es\/devirpedia\/Sociable\">\u00a0Sociable<\/a><\/li>\n<\/ul>\n","protected":false},"featured_media":3321,"comment_status":"open","ping_status":"closed","template":"","meta":{"_themeisle_gutenberg_block_has_review":false},"product_brand":[],"product_cat":[29,30],"product_tag":[31,155,598,599],"class_list":{"0":"post-3320","1":"product","2":"type-product","3":"status-publish","4":"has-post-thumbnail","6":"product_cat-juegos-de-mesa","7":"product_cat-devir","8":"product_tag-devir","9":"product_tag-juegosdemesa","10":"product_tag-kingoftokyo","11":"product_tag-monterbox","13":"first","14":"outofstock","15":"shipping-taxable","16":"purchasable","17":"product-type-simple"},"_links":{"self":[{"href":"https:\/\/magicgamesbolivia.com\/index.php\/wp-json\/wp\/v2\/product\/3320","targetHints":{"allow":["GET"]}}],"collection":[{"href":"https:\/\/magicgamesbolivia.com\/index.php\/wp-json\/wp\/v2\/product"}],"about":[{"href":"https:\/\/magicgamesbolivia.com\/index.php\/wp-json\/wp\/v2\/types\/product"}],"replies":[{"embeddable":true,"href":"https:\/\/magicgamesbolivia.com\/index.php\/wp-json\/wp\/v2\/comments?post=3320"}],"version-history":[{"count":2,"href":"https:\/\/magicgamesbolivia.com\/index.php\/wp-json\/wp\/v2\/product\/3320\/revisions"}],"predecessor-version":[{"id":3725,"href":"https:\/\/magicgamesbolivia.com\/index.php\/wp-json\/wp\/v2\/product\/3320\/revisions\/3725"}],"wp:featuredmedia":[{"embeddable":true,"href":"https:\/\/magicgamesbolivia.com\/index.php\/wp-json\/wp\/v2\/media\/3321"}],"wp:attachment":[{"href":"https:\/\/magicgamesbolivia.com\/index.php\/wp-json\/wp\/v2\/media?parent=3320"}],"wp:term":[{"taxonomy":"product_brand","embeddable":true,"href":"https:\/\/magicgamesbolivia.com\/index.php\/wp-json\/wp\/v2\/product_brand?post=3320"},{"taxonomy":"product_cat","embeddable":true,"href":"https:\/\/magicgamesbolivia.com\/index.php\/wp-json\/wp\/v2\/product_cat?post=3320"},{"taxonomy":"product_tag","embeddable":true,"href":"https:\/\/magicgamesbolivia.com\/index.php\/wp-json\/wp\/v2\/product_tag?post=3320"}],"curies":[{"name":"wp","href":"https:\/\/api.w.org\/{rel}","templated":true}]}}