{"id":3073,"date":"2022-09-30T14:35:19","date_gmt":"2022-09-30T14:35:19","guid":{"rendered":"http:\/\/magicgamesbolivia.com\/?post_type=product&#038;p=3073"},"modified":"2025-03-11T14:04:59","modified_gmt":"2025-03-11T14:04:59","slug":"unstable-unicorns-expansion-pack-dragons","status":"publish","type":"product","link":"https:\/\/magicgamesbolivia.com\/index.php\/product\/unstable-unicorns-expansion-pack-dragons\/","title":{"rendered":"Unstable Unicorns Expansion Pack Dragons"},"content":{"rendered":"<p><strong><u>Unstable Unicorns Expansion Pack \u2013 Dragons<\/u><\/strong><\/p>\n<p>Unstable Unicorns Dragons Expansion Pack est\u00e1 dise\u00f1ado para ser a\u00f1adido a tu juego de cartas Unicorns Unstable.<\/p>\n<p>Este paquete incluye personajes tem\u00e1ticos de drag\u00f3n, tarjetas m\u00e1gicas, actualizaciones y desfases.<\/p>\n<p>Unicornios inestables es un juego de cartas estrat\u00e9gico que destruir\u00e1 tus amistades&#8230; pero de una buena manera.<\/p>\n","protected":false},"excerpt":{"rendered":"<p><strong><u>Unstable Unicorns Expansion Pack \u2013 Dragons<\/u><\/strong><\/p>\n<p>Unstable Unicorns Dragons Expansion Pack est\u00e1 dise\u00f1ado para ser a\u00f1adido a tu juego de cartas Unicorns Unstable.<\/p>\n<p>Este paquete incluye personajes tem\u00e1ticos de drag\u00f3n, tarjetas m\u00e1gicas, actualizaciones y desfases.<\/p>\n<p>Unicornios inestables es un juego de cartas estrat\u00e9gico que destruir\u00e1 tus amistades&#8230; pero de una buena manera.<\/p>\n","protected":false},"featured_media":3074,"comment_status":"open","ping_status":"closed","template":"","meta":{"_themeisle_gutenberg_block_has_review":false},"product_brand":[],"product_cat":[123,29],"product_tag":[288,219,506,505],"class_list":{"0":"post-3073","1":"product","2":"type-product","3":"status-publish","4":"has-post-thumbnail","6":"product_cat-otros-juegos","7":"product_cat-juegos-de-mesa","8":"product_tag-expansion","9":"product_tag-juegodecartas","10":"product_tag-unestable","11":"product_tag-unicornios","13":"first","14":"outofstock","15":"sold-individually","16":"shipping-taxable","17":"purchasable","18":"product-type-simple"},"_links":{"self":[{"href":"https:\/\/magicgamesbolivia.com\/index.php\/wp-json\/wp\/v2\/product\/3073","targetHints":{"allow":["GET"]}}],"collection":[{"href":"https:\/\/magicgamesbolivia.com\/index.php\/wp-json\/wp\/v2\/product"}],"about":[{"href":"https:\/\/magicgamesbolivia.com\/index.php\/wp-json\/wp\/v2\/types\/product"}],"replies":[{"embeddable":true,"href":"https:\/\/magicgamesbolivia.com\/index.php\/wp-json\/wp\/v2\/comments?post=3073"}],"version-history":[{"count":1,"href":"https:\/\/magicgamesbolivia.com\/index.php\/wp-json\/wp\/v2\/product\/3073\/revisions"}],"predecessor-version":[{"id":3075,"href":"https:\/\/magicgamesbolivia.com\/index.php\/wp-json\/wp\/v2\/product\/3073\/revisions\/3075"}],"wp:featuredmedia":[{"embeddable":true,"href":"https:\/\/magicgamesbolivia.com\/index.php\/wp-json\/wp\/v2\/media\/3074"}],"wp:attachment":[{"href":"https:\/\/magicgamesbolivia.com\/index.php\/wp-json\/wp\/v2\/media?parent=3073"}],"wp:term":[{"taxonomy":"product_brand","embeddable":true,"href":"https:\/\/magicgamesbolivia.com\/index.php\/wp-json\/wp\/v2\/product_brand?post=3073"},{"taxonomy":"product_cat","embeddable":true,"href":"https:\/\/magicgamesbolivia.com\/index.php\/wp-json\/wp\/v2\/product_cat?post=3073"},{"taxonomy":"product_tag","embeddable":true,"href":"https:\/\/magicgamesbolivia.com\/index.php\/wp-json\/wp\/v2\/product_tag?post=3073"}],"curies":[{"name":"wp","href":"https:\/\/api.w.org\/{rel}","templated":true}]}}