{"id":3066,"date":"2022-09-30T14:27:08","date_gmt":"2022-09-30T14:27:08","guid":{"rendered":"http:\/\/magicgamesbolivia.com\/?post_type=product&#038;p=3066"},"modified":"2024-11-25T23:13:32","modified_gmt":"2024-11-25T23:13:32","slug":"unstable-unicorns-unicornios-de-leyenda","status":"publish","type":"product","link":"https:\/\/magicgamesbolivia.com\/index.php\/product\/unstable-unicorns-unicornios-de-leyenda\/","title":{"rendered":"Unstable unicorns: Unicornios de leyenda"},"content":{"rendered":"<p>Los unicornios de todos los reinos han escuchado tu llamada a las armas y quieren unirse a tu ej\u00e9rcito. Alista a toda una variedad de unicornios curtidos por un sinf\u00edn de batallas y lanza poderosos hechizos m\u00e1gicos. \u00a1Aniquila a todos los que se interpongan en tu camino!<\/p>\n<p>Expansion ( no se puede jugar sin el juego base )<\/p>\n","protected":false},"excerpt":{"rendered":"<p>Los unicornios de todos los reinos han escuchado tu llamada a las armas y quieren unirse a tu ej\u00e9rcito. Alista a toda una variedad de unicornios curtidos por un sinf\u00edn de batallas y lanza poderosos hechizos m\u00e1gicos. \u00a1Aniquila a todos los que se interpongan en tu camino!<\/p>\n<p>Expansion ( no se puede jugar sin el juego base )<\/p>\n","protected":false},"featured_media":3067,"comment_status":"open","ping_status":"closed","template":"","meta":{"_themeisle_gutenberg_block_has_review":false},"product_brand":[],"product_cat":[123,29],"product_tag":[288,506,175],"class_list":{"0":"post-3066","1":"product","2":"type-product","3":"status-publish","4":"has-post-thumbnail","6":"product_cat-otros-juegos","7":"product_cat-juegos-de-mesa","8":"product_tag-expansion","9":"product_tag-unestable","10":"product_tag-unicronios","12":"first","13":"instock","14":"sold-individually","15":"shipping-taxable","16":"purchasable","17":"product-type-simple"},"_links":{"self":[{"href":"https:\/\/magicgamesbolivia.com\/index.php\/wp-json\/wp\/v2\/product\/3066","targetHints":{"allow":["GET"]}}],"collection":[{"href":"https:\/\/magicgamesbolivia.com\/index.php\/wp-json\/wp\/v2\/product"}],"about":[{"href":"https:\/\/magicgamesbolivia.com\/index.php\/wp-json\/wp\/v2\/types\/product"}],"replies":[{"embeddable":true,"href":"https:\/\/magicgamesbolivia.com\/index.php\/wp-json\/wp\/v2\/comments?post=3066"}],"version-history":[{"count":1,"href":"https:\/\/magicgamesbolivia.com\/index.php\/wp-json\/wp\/v2\/product\/3066\/revisions"}],"predecessor-version":[{"id":3068,"href":"https:\/\/magicgamesbolivia.com\/index.php\/wp-json\/wp\/v2\/product\/3066\/revisions\/3068"}],"wp:featuredmedia":[{"embeddable":true,"href":"https:\/\/magicgamesbolivia.com\/index.php\/wp-json\/wp\/v2\/media\/3067"}],"wp:attachment":[{"href":"https:\/\/magicgamesbolivia.com\/index.php\/wp-json\/wp\/v2\/media?parent=3066"}],"wp:term":[{"taxonomy":"product_brand","embeddable":true,"href":"https:\/\/magicgamesbolivia.com\/index.php\/wp-json\/wp\/v2\/product_brand?post=3066"},{"taxonomy":"product_cat","embeddable":true,"href":"https:\/\/magicgamesbolivia.com\/index.php\/wp-json\/wp\/v2\/product_cat?post=3066"},{"taxonomy":"product_tag","embeddable":true,"href":"https:\/\/magicgamesbolivia.com\/index.php\/wp-json\/wp\/v2\/product_tag?post=3066"}],"curies":[{"name":"wp","href":"https:\/\/api.w.org\/{rel}","templated":true}]}}