{"id":3045,"date":"2022-09-28T21:24:17","date_gmt":"2022-09-28T21:24:17","guid":{"rendered":"http:\/\/magicgamesbolivia.com\/?post_type=product&#038;p=3045"},"modified":"2024-09-28T20:12:41","modified_gmt":"2024-09-28T20:12:41","slug":"cortex-challange-3","status":"publish","type":"product","link":"https:\/\/magicgamesbolivia.com\/index.php\/product\/cortex-challange-3\/","title":{"rendered":"Cortex Challange 3"},"content":{"rendered":"<p>Cortex pone a juego tu agilidad visual, tu coordinaci\u00f3n, tu memoria, capacidad de razonamiento.<\/p>\n<p>\u00a1Desaf\u00eda a tu cerebro con un divertido juego que pondr\u00e1 a prueba tu razonamiento, memoria y rapidez! Compite con los dem\u00e1s jugadores en 8 tipos de retos que estimular\u00e1n tus habilidades cognitivas: pruebas t\u00e1ctiles, observaci\u00f3n, an\u00e1lisis, laberintos, coordinaci\u00f3n\u2026<\/p>\n<p><strong>CONTENIDO<\/strong><br \/>\n90 cartas (74 cartas Prueba, 6 cartas Desaf\u00edo t\u00e1ctil, 10 cartas t\u00e1ctiles en relieve), 6 puzzle-cerebro (24 piezas) e instrucciones.<\/p>\n","protected":false},"excerpt":{"rendered":"<table class=\"gvi gvi-name-value font-name-value\">\n<tbody>\n<tr>\n<td class=\"name\">Categor\u00eda<\/td>\n<td class=\"value\">Juego de Cartas<\/td>\n<\/tr>\n<tr>\n<td class=\"name\">Colecci\u00f3n<\/td>\n<td class=\"value\">Cortex<\/td>\n<\/tr>\n<tr>\n<td class=\"name\">Idioma<\/td>\n<td class=\"value\">Espa\u00f1ol<\/td>\n<\/tr>\n<tr>\n<td class=\"name\">Edad m\u00ednima recomendada<\/td>\n<td class=\"value\">8 a\u00f1os<\/td>\n<\/tr>\n<tr>\n<td class=\"name\">Duraci\u00f3n<\/td>\n<td class=\"value\">15&#8242;<\/td>\n<\/tr>\n<tr>\n<td class=\"name\">N\u00famero de jugadores<\/td>\n<td class=\"value\">2 a 6<\/td>\n<\/tr>\n<\/tbody>\n<\/table>\n","protected":false},"featured_media":3046,"comment_status":"open","ping_status":"closed","template":"","meta":{"_themeisle_gutenberg_block_has_review":false},"product_brand":[],"product_cat":[352,29],"product_tag":[502,220,398,155],"class_list":{"0":"post-3045","1":"product","2":"type-product","3":"status-publish","4":"has-post-thumbnail","6":"product_cat-asmodee","7":"product_cat-juegos-de-mesa","8":"product_tag-cajaroja","9":"product_tag-cortex","10":"product_tag-familair","11":"product_tag-juegosdemesa","13":"first","14":"outofstock","15":"sold-individually","16":"shipping-taxable","17":"purchasable","18":"product-type-simple"},"_links":{"self":[{"href":"https:\/\/magicgamesbolivia.com\/index.php\/wp-json\/wp\/v2\/product\/3045","targetHints":{"allow":["GET"]}}],"collection":[{"href":"https:\/\/magicgamesbolivia.com\/index.php\/wp-json\/wp\/v2\/product"}],"about":[{"href":"https:\/\/magicgamesbolivia.com\/index.php\/wp-json\/wp\/v2\/types\/product"}],"replies":[{"embeddable":true,"href":"https:\/\/magicgamesbolivia.com\/index.php\/wp-json\/wp\/v2\/comments?post=3045"}],"version-history":[{"count":1,"href":"https:\/\/magicgamesbolivia.com\/index.php\/wp-json\/wp\/v2\/product\/3045\/revisions"}],"predecessor-version":[{"id":3048,"href":"https:\/\/magicgamesbolivia.com\/index.php\/wp-json\/wp\/v2\/product\/3045\/revisions\/3048"}],"wp:featuredmedia":[{"embeddable":true,"href":"https:\/\/magicgamesbolivia.com\/index.php\/wp-json\/wp\/v2\/media\/3046"}],"wp:attachment":[{"href":"https:\/\/magicgamesbolivia.com\/index.php\/wp-json\/wp\/v2\/media?parent=3045"}],"wp:term":[{"taxonomy":"product_brand","embeddable":true,"href":"https:\/\/magicgamesbolivia.com\/index.php\/wp-json\/wp\/v2\/product_brand?post=3045"},{"taxonomy":"product_cat","embeddable":true,"href":"https:\/\/magicgamesbolivia.com\/index.php\/wp-json\/wp\/v2\/product_cat?post=3045"},{"taxonomy":"product_tag","embeddable":true,"href":"https:\/\/magicgamesbolivia.com\/index.php\/wp-json\/wp\/v2\/product_tag?post=3045"}],"curies":[{"name":"wp","href":"https:\/\/api.w.org\/{rel}","templated":true}]}}