{"id":3041,"date":"2022-09-28T21:19:34","date_gmt":"2022-09-28T21:19:34","guid":{"rendered":"http:\/\/magicgamesbolivia.com\/?post_type=product&#038;p=3041"},"modified":"2026-02-18T14:35:20","modified_gmt":"2026-02-18T14:35:20","slug":"cortex-challange-original","status":"publish","type":"product","link":"https:\/\/magicgamesbolivia.com\/index.php\/product\/cortex-challange-original\/","title":{"rendered":"Cortex Challange Original"},"content":{"rendered":"<div><strong>\u00a1Bienvenido al universo\u00a0<span class=\"il\">Cortex<\/span>!<\/strong><\/div>\n<div><\/div>\n<div><\/div>\n<div><strong><span class=\"il\">Cortex<\/span>\u00a0Challenge<\/strong>\u00a0es un juego de mesa que pone a juego tu agilidad visual, tu coordinaci\u00f3n, tu memoria, capacidad de razonamiento &#8230;\u00a0<strong>\u00a1incluso la sensibilidad de tu tacto!<\/strong><\/div>\n<div><\/div>\n<div><\/div>\n<div>El objetivo del juego es<strong>\u00a0ganar la mayor cantidad de cartas reto.<\/strong>\u00a0Para ello, tendr\u00e1s que ser el primer jugador en tapar la carta en curso con la mano y dar la respuesta correcta.<\/div>\n<div><\/div>\n<div><\/div>\n<div>Coloca el mazo de cartas, boca abajo, en el centro de la mesa. El dibujo del reverso de la primera carta os indicar\u00e1 el tipo de prueba que se va a jugar:\u00a0<strong>memoria, laberinto, color, coordinaci\u00f3n,\u00a0pa\u00eds, bandera, repetici\u00f3n, Todos menos uno, poblaci\u00f3n o desaf\u00edo t\u00e1cil&#8230;<\/strong>\u00a0Contad hasta tres y dad la vuelta a la carta.\u00a0<strong>\u00bfqui\u00e9n ser\u00e1 el primero en resolver el acertijo?<\/strong><\/div>\n<div><\/div>\n<div><\/div>\n<div>Cuando un jugador consiga tener dos cartas del mismo tipo de prueba, podr\u00e1 cambiarlas por una de las 4 piezas del puzzle-cerebro que ha de completar,<strong>\u00a0\u00a1si quiere ser el ganador de la partida!<\/strong><\/div>\n","protected":false},"excerpt":{"rendered":"<p><strong><span class=\"il\">Cortex<\/span>\u00a0Challenge<\/strong>\u00a0es un juego de mesa que pone a juego tu agilidad visual, tu coordinaci\u00f3n, tu memoria, capacidad de razonamiento &#8230;\u00a0<strong>\u00a1incluso la sensibilidad de tu tacto!<\/strong>\u00a0El objetivo del juego es<strong>\u00a0ganar la mayor cantidad de cartas reto.<\/strong>\u00a0Para ello, tendr\u00e1s que ser el primer jugador en tapar la carta en curso con la mano y dar la respuesta correcta.<\/p>\n<table class=\"table-data-sheet\">\n<tbody>\n<tr class=\"odd\">\n<td>N\u00famero de jugadores:<\/td>\n<td>De 2 a 6 jugadores<\/td>\n<\/tr>\n<tr class=\"even\">\n<td>Duraci\u00f3n aproximada del juego:<\/td>\n<td>15 Minutos<\/td>\n<\/tr>\n<tr class=\"odd\">\n<td>Edad m\u00ednima recomendada:<\/td>\n<td>8 a\u00f1os<\/td>\n<\/tr>\n<\/tbody>\n<\/table>\n","protected":false},"featured_media":3042,"comment_status":"open","ping_status":"closed","template":"","meta":{"_themeisle_gutenberg_block_has_review":false},"product_brand":[],"product_cat":[352,29],"product_tag":[279,220,267,218],"class_list":{"0":"post-3041","1":"product","2":"type-product","3":"status-publish","4":"has-post-thumbnail","6":"product_cat-asmodee","7":"product_cat-juegos-de-mesa","8":"product_tag-asmodee","9":"product_tag-cortex","10":"product_tag-familiar","11":"product_tag-juegodemesa","13":"first","14":"outofstock","15":"sold-individually","16":"shipping-taxable","17":"purchasable","18":"product-type-simple"},"_links":{"self":[{"href":"https:\/\/magicgamesbolivia.com\/index.php\/wp-json\/wp\/v2\/product\/3041","targetHints":{"allow":["GET"]}}],"collection":[{"href":"https:\/\/magicgamesbolivia.com\/index.php\/wp-json\/wp\/v2\/product"}],"about":[{"href":"https:\/\/magicgamesbolivia.com\/index.php\/wp-json\/wp\/v2\/types\/product"}],"replies":[{"embeddable":true,"href":"https:\/\/magicgamesbolivia.com\/index.php\/wp-json\/wp\/v2\/comments?post=3041"}],"version-history":[{"count":1,"href":"https:\/\/magicgamesbolivia.com\/index.php\/wp-json\/wp\/v2\/product\/3041\/revisions"}],"predecessor-version":[{"id":3044,"href":"https:\/\/magicgamesbolivia.com\/index.php\/wp-json\/wp\/v2\/product\/3041\/revisions\/3044"}],"wp:featuredmedia":[{"embeddable":true,"href":"https:\/\/magicgamesbolivia.com\/index.php\/wp-json\/wp\/v2\/media\/3042"}],"wp:attachment":[{"href":"https:\/\/magicgamesbolivia.com\/index.php\/wp-json\/wp\/v2\/media?parent=3041"}],"wp:term":[{"taxonomy":"product_brand","embeddable":true,"href":"https:\/\/magicgamesbolivia.com\/index.php\/wp-json\/wp\/v2\/product_brand?post=3041"},{"taxonomy":"product_cat","embeddable":true,"href":"https:\/\/magicgamesbolivia.com\/index.php\/wp-json\/wp\/v2\/product_cat?post=3041"},{"taxonomy":"product_tag","embeddable":true,"href":"https:\/\/magicgamesbolivia.com\/index.php\/wp-json\/wp\/v2\/product_tag?post=3041"}],"curies":[{"name":"wp","href":"https:\/\/api.w.org\/{rel}","templated":true}]}}