{"id":2906,"date":"2022-09-15T15:19:02","date_gmt":"2022-09-15T15:19:02","guid":{"rendered":"http:\/\/magicgamesbolivia.com\/?post_type=product&#038;p=2906"},"modified":"2023-12-28T20:25:44","modified_gmt":"2023-12-28T20:25:44","slug":"dobble-minions","status":"publish","type":"product","link":"https:\/\/magicgamesbolivia.com\/index.php\/product\/dobble-minions\/","title":{"rendered":"DOBBLE MINIONS"},"content":{"rendered":"<p>Dobble es un juego de cartas que se basa en la velocidad, observaci\u00f3n y reflejos, en el que los jugadores compiten por encontrar el s\u00edmbolo que coincide entre las cartas. \u00a1BANANA \u00a1PAPAYA&#8230; \u00bfSer\u00e1s capaz de encontrar los s\u00edmbolos r\u00e1pidamente? Ahora con los emblem\u00e1ticos, ic\u00f3nicos y amarillos Minions de Tu Villano Favorito.<\/p>\n<div class=\"tags\">\n<div class=\"row\">\n<div class=\"col-12 col-md-6\"><label>Idioma:<\/label>\u00a0Castellano<\/div>\n<div class=\"col-12 col-md-6\"><label>N\u00famero de jugadores:<\/label>\u00a02-8 jugadores<\/div>\n<div class=\"col-12 col-md-6\"><label>Edad:<\/label>\u00a06+<\/div>\n<\/div>\n<\/div>\n","protected":false},"excerpt":{"rendered":"<p>Dobble es un juego de cartas que se basa en la velocidad, observaci\u00f3n y reflejos, en el que los jugadores compiten por encontrar el s\u00edmbolo que coincide entre las cartas. \u00a1BANANA \u00a1PAPAYA&#8230; \u00bfSer\u00e1s capaz de encontrar los s\u00edmbolos r\u00e1pidamente? Ahora con los emblem\u00e1ticos, ic\u00f3nicos y amarillos Minions de Tu Villano Favorito.<\/p>\n<div class=\"tags\">\n<div class=\"row\">\n<div class=\"col-12 col-md-6\"><label>Idioma:<\/label>\u00a0Castellano<\/div>\n<div class=\"col-12 col-md-6\"><label>N\u00famero de jugadores:<\/label>\u00a02-8 jugadores<\/div>\n<div class=\"col-12 col-md-6\"><label>Edad:<\/label>\u00a06+<\/div>\n<\/div>\n<\/div>\n","protected":false},"featured_media":2907,"comment_status":"open","ping_status":"closed","template":"","meta":{"_themeisle_gutenberg_block_has_review":false},"product_brand":[],"product_cat":[123,29],"product_tag":[275,475,476,477],"class_list":{"0":"post-2906","1":"product","2":"type-product","3":"status-publish","4":"has-post-thumbnail","6":"product_cat-otros-juegos","7":"product_cat-juegos-de-mesa","8":"product_tag-dobble","9":"product_tag-dobbleminions","10":"product_tag-juego-de-mesa","11":"product_tag-minions","13":"first","14":"outofstock","15":"sold-individually","16":"shipping-taxable","17":"purchasable","18":"product-type-simple"},"_links":{"self":[{"href":"https:\/\/magicgamesbolivia.com\/index.php\/wp-json\/wp\/v2\/product\/2906","targetHints":{"allow":["GET"]}}],"collection":[{"href":"https:\/\/magicgamesbolivia.com\/index.php\/wp-json\/wp\/v2\/product"}],"about":[{"href":"https:\/\/magicgamesbolivia.com\/index.php\/wp-json\/wp\/v2\/types\/product"}],"replies":[{"embeddable":true,"href":"https:\/\/magicgamesbolivia.com\/index.php\/wp-json\/wp\/v2\/comments?post=2906"}],"version-history":[{"count":2,"href":"https:\/\/magicgamesbolivia.com\/index.php\/wp-json\/wp\/v2\/product\/2906\/revisions"}],"predecessor-version":[{"id":2909,"href":"https:\/\/magicgamesbolivia.com\/index.php\/wp-json\/wp\/v2\/product\/2906\/revisions\/2909"}],"wp:featuredmedia":[{"embeddable":true,"href":"https:\/\/magicgamesbolivia.com\/index.php\/wp-json\/wp\/v2\/media\/2907"}],"wp:attachment":[{"href":"https:\/\/magicgamesbolivia.com\/index.php\/wp-json\/wp\/v2\/media?parent=2906"}],"wp:term":[{"taxonomy":"product_brand","embeddable":true,"href":"https:\/\/magicgamesbolivia.com\/index.php\/wp-json\/wp\/v2\/product_brand?post=2906"},{"taxonomy":"product_cat","embeddable":true,"href":"https:\/\/magicgamesbolivia.com\/index.php\/wp-json\/wp\/v2\/product_cat?post=2906"},{"taxonomy":"product_tag","embeddable":true,"href":"https:\/\/magicgamesbolivia.com\/index.php\/wp-json\/wp\/v2\/product_tag?post=2906"}],"curies":[{"name":"wp","href":"https:\/\/api.w.org\/{rel}","templated":true}]}}