{"id":2899,"date":"2022-09-15T14:18:43","date_gmt":"2022-09-15T14:18:43","guid":{"rendered":"http:\/\/magicgamesbolivia.com\/?post_type=product&#038;p=2899"},"modified":"2025-01-02T14:05:59","modified_gmt":"2025-01-02T14:05:59","slug":"wingspan","status":"publish","type":"product","link":"https:\/\/magicgamesbolivia.com\/index.php\/product\/wingspan\/","title":{"rendered":"\u00a0WINGSPAN"},"content":{"rendered":"<p>En\u00a0<em>Wingspan<\/em>, un juego competitivo de producci\u00f3n y coleccionismo de aves, ser\u00e9is\u00a0unos apasionados de las aves (investigadores, observadores de aves, ornit\u00f3logos y coleccionistas) que intentan descubrir y atraer a las m\u00e1s interesantes a vuestros aviarios. Cada ave es un nuevo engranaje en las potentes cadenas de combinaciones (acciones) que formar\u00e9is en vuestros h\u00e1bitats. Estos h\u00e1bitats se centran en diversos aspectos fundamentales del crecimiento:<br \/>\n\u2022 Gana fichas de alimento con dados especiales que se lanzan en una torre de\u00a0dados con forma de comedero de aves<br \/>\n\u2022 Pon huevos usando miniaturas jaspeadas en diversos colores<br \/>\n\u2022 Elige entre cientos de cartas de ave \u00fanicas y ju\u00e9galas<\/p>\n<p>El ganador ser\u00e1 quien m\u00e1s puntos acumule sumando aves, cartas de bonificaci\u00f3n, objetivos de final de ronda, huevos, alimento acumulado y aves solapadas.<\/p>\n","protected":false},"excerpt":{"rendered":"<div class=\"fusion-layout-column fusion_builder_column_inner fusion-builder-nested-column-0 fusion_builder_column_inner_1_2 1_2 fusion-one-half fusion-column-first\">\n<div class=\"fusion-column-wrapper fusion-flex-column-wrapper-legacy\">\n<div class=\"fusion-text fusion-text-3\">\n<div class=\"cl-juego-ii-autor\"><strong>Autor:\u00a0<\/strong>Elizabeth Hargrave<\/div>\n<div class=\"cl-juego-ii-jug\"><strong>Jugadores:\u00a0<\/strong>1-5<\/div>\n<div class=\"cl-juego-ii-dur\"><strong>Duraci\u00f3n:\u00a0<\/strong>40-70 minutos<\/div>\n<\/div>\n<\/div>\n<\/div>\n<div class=\"fusion-layout-column fusion_builder_column_inner fusion-builder-nested-column-1 fusion_builder_column_inner_1_2 1_2 fusion-one-half fusion-column-last\">\n<div class=\"fusion-column-wrapper fusion-flex-column-wrapper-legacy\">\n<div class=\"fusion-text fusion-text-4\">\n<div class=\"cl-juego-ii-edad\"><strong>Edad:\u00a0<\/strong>a partir de 10 a\u00f1os<\/div>\n<\/div>\n<\/div>\n<\/div>\n","protected":false},"featured_media":2900,"comment_status":"open","ping_status":"closed","template":"","meta":{"_themeisle_gutenberg_block_has_review":false},"product_brand":[],"product_cat":[29,93],"product_tag":[344,155,197,99],"class_list":{"0":"post-2899","1":"product","2":"type-product","3":"status-publish","4":"has-post-thumbnail","6":"product_cat-juegos-de-mesa","7":"product_cat-maldito-games","8":"product_tag-bgg","9":"product_tag-juegosdemesa","10":"product_tag-malditogames","11":"product_tag-wingspan","13":"first","14":"outofstock","15":"sold-individually","16":"shipping-taxable","17":"purchasable","18":"product-type-simple"},"_links":{"self":[{"href":"https:\/\/magicgamesbolivia.com\/index.php\/wp-json\/wp\/v2\/product\/2899","targetHints":{"allow":["GET"]}}],"collection":[{"href":"https:\/\/magicgamesbolivia.com\/index.php\/wp-json\/wp\/v2\/product"}],"about":[{"href":"https:\/\/magicgamesbolivia.com\/index.php\/wp-json\/wp\/v2\/types\/product"}],"replies":[{"embeddable":true,"href":"https:\/\/magicgamesbolivia.com\/index.php\/wp-json\/wp\/v2\/comments?post=2899"}],"version-history":[{"count":2,"href":"https:\/\/magicgamesbolivia.com\/index.php\/wp-json\/wp\/v2\/product\/2899\/revisions"}],"predecessor-version":[{"id":3601,"href":"https:\/\/magicgamesbolivia.com\/index.php\/wp-json\/wp\/v2\/product\/2899\/revisions\/3601"}],"wp:featuredmedia":[{"embeddable":true,"href":"https:\/\/magicgamesbolivia.com\/index.php\/wp-json\/wp\/v2\/media\/2900"}],"wp:attachment":[{"href":"https:\/\/magicgamesbolivia.com\/index.php\/wp-json\/wp\/v2\/media?parent=2899"}],"wp:term":[{"taxonomy":"product_brand","embeddable":true,"href":"https:\/\/magicgamesbolivia.com\/index.php\/wp-json\/wp\/v2\/product_brand?post=2899"},{"taxonomy":"product_cat","embeddable":true,"href":"https:\/\/magicgamesbolivia.com\/index.php\/wp-json\/wp\/v2\/product_cat?post=2899"},{"taxonomy":"product_tag","embeddable":true,"href":"https:\/\/magicgamesbolivia.com\/index.php\/wp-json\/wp\/v2\/product_tag?post=2899"}],"curies":[{"name":"wp","href":"https:\/\/api.w.org\/{rel}","templated":true}]}}