{"id":2888,"date":"2022-09-04T15:00:38","date_gmt":"2022-09-04T15:00:38","guid":{"rendered":"http:\/\/magicgamesbolivia.com\/?post_type=product&#038;p=2888"},"modified":"2023-03-23T23:08:24","modified_gmt":"2023-03-23T23:08:24","slug":"angmar-despertado-expansion-de-campana-el-senor-de-los-anillos-juego-de-cartas-lcg","status":"publish","type":"product","link":"https:\/\/magicgamesbolivia.com\/index.php\/product\/angmar-despertado-expansion-de-campana-el-senor-de-los-anillos-juego-de-cartas-lcg\/","title":{"rendered":"El Senor de los Anillos juego de cartas LCG Angmar despertado Expansi\u00f3n de Campa\u00f1a"},"content":{"rendered":"<ul>\n<li>Angmar despertado Expansi\u00f3n de Campa\u00f1a El Senor de los Anillos juego de cartas LCG<\/li>\n<li>Editorial: ASMODEE, Fantasy Flight Games<\/li>\n<li>Dise\u00f1ador: Nate French<\/li>\n<li>Arte:\u00a0 Even Mehl Amundsen, Erfian Asafat, Tiziano Baracchi, Ryan Barger 56+<\/li>\n<\/ul>\n<p>\u201cLuego les dijo que estas hojas hab\u00edan sido forjadas mucho tiempo atr\u00e1s por los hombres de Oesternesse; eran enemigos del Se\u00f1or Oscuro, pero hab\u00edan sido vencidos por el malvado rey de Carn D\u00fbm en la Tierra de Angmar.\u201d \u2014La Comunidad del Anillo<br \/>\nGracias a la vigilancia de los Montaraces del Norte, las tierras occidentales de Eriador han disfrutado largo tiempo de la paz. Sin embargo, no hay tumba que pueda contener las fuerzas malignas de Angmar, al acecho siempre en lugares salvajes y antiguos, que obligan a los valientes montaraces D\u00fanedain a dispersar sus fuerzas a lo largo y ancho en su af\u00e1n de proteger la tierra.<\/p>\n<p>En Angmar Despertado, de uno a cuatro jugadores unen sus fuerzas con los D\u00fanedain para defender Eriador e investigar el origen del mal que asola esta tierra. A lo largo de nueve escenarios que pueden jugarse por orden como una campa\u00f1a, deber\u00e1n enfrentarse a orcos, trolls, espectros y a un astuto villano que domina la hechicer\u00eda oscura.<\/p>\n<p>Esta expansi\u00f3n incluye todos los escenarios que originalmente aparec\u00edan en la expansi\u00f3n El Reino Perdido y el ciclo Angmar Despertado, unidos ahora en una sola caja, junto con contenido de campa\u00f1a totalmente nuevo.<\/p>\n<p>CONTENIDO<br \/>\n1 reglamento de campa\u00f1a, 290 cartas de Encuentro, 24 cartas de Misi\u00f3n, 9 cartas de Campa\u00f1a, 36 cartas de ayuda\/carga.<\/p>\n<p>Si los buenos juegos de cartas son lo tuyo, echa un vistazo a<a href=\"https:\/\/www.planetongames.com\/es\/arkham-horror-el-juego-de-cartas-p-6431.html\" target=\"_blank\" rel=\"noreferrer noopener\">\u00a0Arkham Horror el juego de cartas<\/a>, con una mec\u00e1nica similar a la del Se\u00f1or de los Anillos pero ambientado en los mitos de Cthulhu de H.P. Lovecraft.<\/p>\n<ul>\n<li>Jugadores: 1-4<\/li>\n<li>Duraci\u00f3n: 60 min.<\/li>\n<li>Lenguaje: Espa\u00f1ol<\/li>\n<li>Age: 13+<\/li>\n<\/ul>\n","protected":false},"excerpt":{"rendered":"<p>Esta expansi\u00f3n incluye todos los escenarios que originalmente aparec\u00edan en la expansi\u00f3n El Reino Perdido y el ciclo Angmar Despertado, unidos ahora en una sola caja, junto con contenido de campa\u00f1a totalmente nuevo.<\/p>\n","protected":false},"featured_media":2889,"comment_status":"open","ping_status":"closed","template":"","meta":{"_themeisle_gutenberg_block_has_review":false},"product_brand":[],"product_cat":[123,29],"product_tag":[474,288,419,289],"class_list":{"0":"post-2888","1":"product","2":"type-product","3":"status-publish","4":"has-post-thumbnail","6":"product_cat-otros-juegos","7":"product_cat-juegos-de-mesa","8":"product_tag-elsenordelosanillos","9":"product_tag-expansion","10":"product_tag-lcg","11":"product_tag-lordoftherings","13":"first","14":"instock","15":"shipping-taxable","16":"purchasable","17":"product-type-simple"},"_links":{"self":[{"href":"https:\/\/magicgamesbolivia.com\/index.php\/wp-json\/wp\/v2\/product\/2888","targetHints":{"allow":["GET"]}}],"collection":[{"href":"https:\/\/magicgamesbolivia.com\/index.php\/wp-json\/wp\/v2\/product"}],"about":[{"href":"https:\/\/magicgamesbolivia.com\/index.php\/wp-json\/wp\/v2\/types\/product"}],"replies":[{"embeddable":true,"href":"https:\/\/magicgamesbolivia.com\/index.php\/wp-json\/wp\/v2\/comments?post=2888"}],"version-history":[{"count":2,"href":"https:\/\/magicgamesbolivia.com\/index.php\/wp-json\/wp\/v2\/product\/2888\/revisions"}],"predecessor-version":[{"id":3971,"href":"https:\/\/magicgamesbolivia.com\/index.php\/wp-json\/wp\/v2\/product\/2888\/revisions\/3971"}],"wp:featuredmedia":[{"embeddable":true,"href":"https:\/\/magicgamesbolivia.com\/index.php\/wp-json\/wp\/v2\/media\/2889"}],"wp:attachment":[{"href":"https:\/\/magicgamesbolivia.com\/index.php\/wp-json\/wp\/v2\/media?parent=2888"}],"wp:term":[{"taxonomy":"product_brand","embeddable":true,"href":"https:\/\/magicgamesbolivia.com\/index.php\/wp-json\/wp\/v2\/product_brand?post=2888"},{"taxonomy":"product_cat","embeddable":true,"href":"https:\/\/magicgamesbolivia.com\/index.php\/wp-json\/wp\/v2\/product_cat?post=2888"},{"taxonomy":"product_tag","embeddable":true,"href":"https:\/\/magicgamesbolivia.com\/index.php\/wp-json\/wp\/v2\/product_tag?post=2888"}],"curies":[{"name":"wp","href":"https:\/\/api.w.org\/{rel}","templated":true}]}}