{"id":2879,"date":"2022-09-04T14:25:52","date_gmt":"2022-09-04T14:25:52","guid":{"rendered":"http:\/\/magicgamesbolivia.com\/?post_type=product&#038;p=2879"},"modified":"2023-01-03T14:31:23","modified_gmt":"2023-01-03T14:31:23","slug":"las-mansiones-de-la-locura-calles-de-arkham","status":"publish","type":"product","link":"https:\/\/magicgamesbolivia.com\/index.php\/product\/las-mansiones-de-la-locura-calles-de-arkham\/","title":{"rendered":"Las Mansiones de la Locura Calles de Arkham"},"content":{"rendered":"<p>Una ciudad en peligro&#8230; La titilante luz de las farolas no basta para disipar la oscuridad que acecha en las calles de Arkham. En los silenciosos pasillos de la Universidad Miskatonic, el profesorado se esfuerza por hallar respuestas que la humanidad no est\u00e1 destinada a conocer. Las Reliquias expuestas en el Museo Miskatonic no pueden desligarse de su extra\u00f1o y sangriento pasado. Y en \u00e1mbitos menos decorosos, la corrupci\u00f3n y la violencia de las bandas de O&#8217;Bannion y Sheldon causan estragos entre los ciudadanos de este misterioso pueblo de Massachusetts.<\/p>\n<p>La expansi\u00f3n\u00a0<strong>Las Mansiones de la Locura: Calles de Arkham<\/strong>\u00a0presenta los lugares m\u00e1s emblem\u00e1ticos de Arkham y los siniestros secretos que encierran.<\/p>\n<p>3 nuevos Escenarios pondr\u00e1n a prueba la entereza de los Investigadores enfrent\u00e1ndolos a visitantes de las estrellas, a fuerzas m\u00e1s all\u00e1 de todo entendimiento y a violentos criminales. Para acabar con ambos males, tanto antiguos como contempor\u00e1neos, los Investigadores tendr\u00e1n que desarrollar todo su potencial empleando sortilegios, artefactos poderosos y extra\u00f1os elixires. Sea cual sea el precio, la ciudad de Arkham debe ser salvada.<\/p>\n<div class=\"product_components double-top\">\n<p>Contiene: 1 Encarte de Reglas, 4 Cartas y Miniaturas de Investigador, 17 M\u00f3dulos de Tablero, 11 Cartas de Objeto Com\u00fan, 9 Cartas de Objeto \u00danico, 15 Cartas de Hechizo, 8 Cartas de Estado, 5 Cartas de Da\u00f1o, 5 Cartas de Horror, 6 Cartas de Elixir, 7 Indicadores y Miniaturas de Monstruo, 30 Fichas de Mejora y 12 Fichas de Personaje.<\/p>\n<\/div>\n","protected":false},"excerpt":{"rendered":"<table class=\"table-data-sheet table-bordered\">\n<tbody>\n<tr class=\"odd\">\n<td>Idioma<\/td>\n<td>Castellano<\/td>\n<\/tr>\n<tr class=\"even\">\n<td>N\u00famero Jugadores<\/td>\n<td>1-5<\/td>\n<\/tr>\n<tr class=\"odd\">\n<td>Edad m\u00ednima recomendada<\/td>\n<td>14+<\/td>\n<\/tr>\n<tr class=\"even\">\n<td>Duraci\u00f3n<\/td>\n<td>120-180 minutos<\/td>\n<\/tr>\n<tr class=\"odd\">\n<td>N\u00famero de Cartas<\/td>\n<td>4 + 59<\/td>\n<\/tr>\n<tr class=\"even\">\n<td>Editorial<\/td>\n<td>Fantasy Flight Games<\/td>\n<\/tr>\n<\/tbody>\n<\/table>\n","protected":false},"featured_media":2880,"comment_status":"open","ping_status":"closed","template":"","meta":{"_themeisle_gutenberg_block_has_review":false},"product_brand":[],"product_cat":[29,104],"product_tag":[472,288,172,161,471],"class_list":{"0":"post-2879","1":"product","2":"type-product","3":"status-publish","4":"has-post-thumbnail","6":"product_cat-juegos-de-mesa","7":"product_cat-edge","8":"product_tag-arkham","9":"product_tag-expansion","10":"product_tag-lovecraft","11":"product_tag-mansionesdelalocura","12":"product_tag-ph","14":"first","15":"outofstock","16":"sold-individually","17":"shipping-taxable","18":"purchasable","19":"product-type-simple"},"_links":{"self":[{"href":"https:\/\/magicgamesbolivia.com\/index.php\/wp-json\/wp\/v2\/product\/2879","targetHints":{"allow":["GET"]}}],"collection":[{"href":"https:\/\/magicgamesbolivia.com\/index.php\/wp-json\/wp\/v2\/product"}],"about":[{"href":"https:\/\/magicgamesbolivia.com\/index.php\/wp-json\/wp\/v2\/types\/product"}],"replies":[{"embeddable":true,"href":"https:\/\/magicgamesbolivia.com\/index.php\/wp-json\/wp\/v2\/comments?post=2879"}],"version-history":[{"count":1,"href":"https:\/\/magicgamesbolivia.com\/index.php\/wp-json\/wp\/v2\/product\/2879\/revisions"}],"predecessor-version":[{"id":2881,"href":"https:\/\/magicgamesbolivia.com\/index.php\/wp-json\/wp\/v2\/product\/2879\/revisions\/2881"}],"wp:featuredmedia":[{"embeddable":true,"href":"https:\/\/magicgamesbolivia.com\/index.php\/wp-json\/wp\/v2\/media\/2880"}],"wp:attachment":[{"href":"https:\/\/magicgamesbolivia.com\/index.php\/wp-json\/wp\/v2\/media?parent=2879"}],"wp:term":[{"taxonomy":"product_brand","embeddable":true,"href":"https:\/\/magicgamesbolivia.com\/index.php\/wp-json\/wp\/v2\/product_brand?post=2879"},{"taxonomy":"product_cat","embeddable":true,"href":"https:\/\/magicgamesbolivia.com\/index.php\/wp-json\/wp\/v2\/product_cat?post=2879"},{"taxonomy":"product_tag","embeddable":true,"href":"https:\/\/magicgamesbolivia.com\/index.php\/wp-json\/wp\/v2\/product_tag?post=2879"}],"curies":[{"name":"wp","href":"https:\/\/api.w.org\/{rel}","templated":true}]}}