{"id":2863,"date":"2022-09-04T13:31:15","date_gmt":"2022-09-04T13:31:15","guid":{"rendered":"http:\/\/magicgamesbolivia.com\/?post_type=product&#038;p=2863"},"modified":"2025-07-01T19:47:25","modified_gmt":"2025-07-01T19:47:25","slug":"dixit-memories","status":"publish","type":"product","link":"https:\/\/magicgamesbolivia.com\/index.php\/product\/dixit-memories\/","title":{"rendered":"DIXIT MEMORIES"},"content":{"rendered":"<section class=\"tm-tabcontent\">\n<div class=\"center_bottom\">\n<div class=\"tab-content\">\n<p><strong>DixiT MEMORIES <\/strong>\u00a0 es una\u00a0<strong>expansi\u00f3n para Dixit<\/strong>\u00a0con\u00a0<strong>84 nuevas cartas<\/strong>,\u00a0<strong>fant\u00e1sticas y surrealistas obras de arte<\/strong>. Estas cartas se pueden utilizar con los componentes del juego de base para proporcionar m\u00e1s variedad a\u00a0<strong>Dixit.<\/strong><\/p>\n<p>En\u00a0<strong>Dixit<\/strong>,\u00a0<strong>cada uno de los jugadores asume durante su turno el papel de narrador<\/strong>. El narrador, elegir\u00e1 una carta de su mano,\u00a0<strong>contar\u00e1 una historia, cantar\u00e1 una canci\u00f3n o dir\u00e1 algo que en su opini\u00f3n est\u00e1 asociado con la carta jugada.<\/strong>\u00a0En este momento,\u00a0<strong>el resto de jugadores \u00a0elegir\u00e1n una carta de su mano que sea acorde al tema propuesto y se la dar\u00e1n al narrador en secreto.<\/strong>\u00a0Estas cartas se barajar\u00e1n y se revelar\u00e1n y los jugadores votar\u00e1n a la carta que crean que ha sido puesta por el narrador. Si el narrador se lleva 0 o todos los votos, no recibir\u00e1 puntos; si recibi\u00f3 alg\u00fan voto pero no todos los votos, se anotar\u00e1 puntos en el marcador de puntuaci\u00f3n. Cada jugador que present\u00f3 un voto correcto o que recibi\u00f3 un voto en la presentaci\u00f3n de su carta tambi\u00e9n puntuar\u00e1.\u00a0<strong>Al final de la partida, el jugador con m\u00e1s puntos ser\u00e1 el ganador y el mejor narrador de Dixit.\u00a0<\/strong><\/p>\n<\/div>\n<\/div>\n<\/section>\n<div class=\"center_bottom\">\n<div class=\"center_top1\"><\/div>\n<\/div>\n","protected":false},"excerpt":{"rendered":"<p>Dixit Memories es una <strong>expansi\u00f3n para Dixit<\/strong>\u00a0con\u00a0<strong>84 nuevas cartas<\/strong>,\u00a0<strong>fant\u00e1sticas y surrealistas obras de arte<\/strong>. Estas cartas se pueden utilizar con los componentes del juego de base para proporcionar m\u00e1s variedad a\u00a0<strong>Dixit.<\/strong><\/p>\n","protected":false},"featured_media":5007,"comment_status":"open","ping_status":"closed","template":"","meta":{"_themeisle_gutenberg_block_has_review":false},"product_brand":[],"product_cat":[123,29],"product_tag":[124,288,469],"class_list":{"0":"post-2863","1":"product","2":"type-product","3":"status-publish","4":"has-post-thumbnail","6":"product_cat-otros-juegos","7":"product_cat-juegos-de-mesa","8":"product_tag-dixit","9":"product_tag-expansion","10":"product_tag-memories","12":"first","13":"outofstock","14":"sold-individually","15":"shipping-taxable","16":"purchasable","17":"product-type-simple"},"_links":{"self":[{"href":"https:\/\/magicgamesbolivia.com\/index.php\/wp-json\/wp\/v2\/product\/2863","targetHints":{"allow":["GET"]}}],"collection":[{"href":"https:\/\/magicgamesbolivia.com\/index.php\/wp-json\/wp\/v2\/product"}],"about":[{"href":"https:\/\/magicgamesbolivia.com\/index.php\/wp-json\/wp\/v2\/types\/product"}],"replies":[{"embeddable":true,"href":"https:\/\/magicgamesbolivia.com\/index.php\/wp-json\/wp\/v2\/comments?post=2863"}],"version-history":[{"count":2,"href":"https:\/\/magicgamesbolivia.com\/index.php\/wp-json\/wp\/v2\/product\/2863\/revisions"}],"predecessor-version":[{"id":4232,"href":"https:\/\/magicgamesbolivia.com\/index.php\/wp-json\/wp\/v2\/product\/2863\/revisions\/4232"}],"wp:featuredmedia":[{"embeddable":true,"href":"https:\/\/magicgamesbolivia.com\/index.php\/wp-json\/wp\/v2\/media\/5007"}],"wp:attachment":[{"href":"https:\/\/magicgamesbolivia.com\/index.php\/wp-json\/wp\/v2\/media?parent=2863"}],"wp:term":[{"taxonomy":"product_brand","embeddable":true,"href":"https:\/\/magicgamesbolivia.com\/index.php\/wp-json\/wp\/v2\/product_brand?post=2863"},{"taxonomy":"product_cat","embeddable":true,"href":"https:\/\/magicgamesbolivia.com\/index.php\/wp-json\/wp\/v2\/product_cat?post=2863"},{"taxonomy":"product_tag","embeddable":true,"href":"https:\/\/magicgamesbolivia.com\/index.php\/wp-json\/wp\/v2\/product_tag?post=2863"}],"curies":[{"name":"wp","href":"https:\/\/api.w.org\/{rel}","templated":true}]}}