{"id":2853,"date":"2022-08-10T20:28:59","date_gmt":"2022-08-10T20:28:59","guid":{"rendered":"http:\/\/magicgamesbolivia.com\/?post_type=product&#038;p=2853"},"modified":"2025-03-11T01:11:29","modified_gmt":"2025-03-11T01:11:29","slug":"catan-el-duelo","status":"publish","type":"product","link":"https:\/\/magicgamesbolivia.com\/index.php\/product\/catan-el-duelo\/","title":{"rendered":"CATAN EL DUELO"},"content":{"rendered":"<p>Nueva edici\u00f3n de un cl\u00e1sico de Catan<\/p>\n<p>Desarrolla tu territorio y supera a tu rival en este juego para 2 jugadores.<\/p>\n<p>Cat\u00e1n es el juego del Siglo XXI. Millones de jugadores en todo el mundo as\u00ed lo afirman y lo demuestran continuamente. Ahora<br \/>\nDevir lanza Catan Duelo, un t\u00edtulo independiente y jugable por s\u00ed mismo, anteriormente conocido como Los Pr\u00edncipes de Catan.<br \/>\nSe trata del juego de cartas de Cat\u00e1n para dos jugadores, uno de los juegos m\u00e1s populares del universo Catan. La nueva edici\u00f3n<br \/>\nde este juego incorpora algunas de las expansiones del juego (que nunca hab\u00edan sido publicadas en castellano) y muchas m\u00e1s<br \/>\nnovedades. Adem\u00e1s, el juego ha sido redise\u00f1ado por el propio Klaus Teuber (creador de Cat\u00e1n) convirtiendo este t\u00edtulo una vez<br \/>\nm\u00e1s en una de las mejores opciones para jugar en pareja del mercado.<\/p>\n","protected":false},"excerpt":{"rendered":"<table class=\"woocommerce-product-attributes shop_attributes table table-striped\">\n<tbody>\n<tr class=\"woocommerce-product-attributes-item woocommerce-product-attributes-item--attribute_pa_edad\">\n<th class=\"woocommerce-product-attributes-item__label\">Edad<\/th>\n<td class=\"woocommerce-product-attributes-item__value\"><a href=\"https:\/\/deviramericas.com\/edad\/10\/\" rel=\"tag\">10<\/a><\/td>\n<\/tr>\n<tr class=\"woocommerce-product-attributes-item woocommerce-product-attributes-item--attribute_pa_jugadores\">\n<th class=\"woocommerce-product-attributes-item__label\">Jugadores<\/th>\n<td class=\"woocommerce-product-attributes-item__value\"><a href=\"https:\/\/deviramericas.com\/jugadores\/2\/\" rel=\"tag\">2+<\/a><\/td>\n<\/tr>\n<tr class=\"woocommerce-product-attributes-item woocommerce-product-attributes-item--attribute_pa_mecanicas\">\n<th class=\"woocommerce-product-attributes-item__label\">Mec\u00e1nicas<\/th>\n<td class=\"woocommerce-product-attributes-item__value\"><a href=\"https:\/\/deviramericas.com\/mecanicas\/lanzamiento-de-dados\/\" rel=\"tag\">Lanzamiento de dados<\/a>,\u00a0<a href=\"https:\/\/deviramericas.com\/mecanicas\/administracion-de-cartas\/\" rel=\"tag\">Administraci\u00f3n de Cartas<\/a><\/td>\n<\/tr>\n<tr class=\"woocommerce-product-attributes-item woocommerce-product-attributes-item--attribute_pa_tiempo-de-juego\">\n<th class=\"woocommerce-product-attributes-item__label\">Tiempo de juego<\/th>\n<td class=\"woocommerce-product-attributes-item__value\"><a href=\"https:\/\/deviramericas.com\/tiempo-de-juego\/30-75\/\" rel=\"tag\">30-75<\/a><\/td>\n<\/tr>\n<\/tbody>\n<\/table>\n","protected":false},"featured_media":2854,"comment_status":"open","ping_status":"closed","template":"","meta":{"_themeisle_gutenberg_block_has_review":false},"product_brand":[],"product_cat":[29,30],"product_tag":[32,468,244,31],"class_list":{"0":"post-2853","1":"product","2":"type-product","3":"status-publish","4":"has-post-thumbnail","6":"product_cat-juegos-de-mesa","7":"product_cat-devir","8":"product_tag-catan","9":"product_tag-catanelduelo","10":"product_tag-colonosdecatan","11":"product_tag-devir","13":"first","14":"outofstock","15":"sold-individually","16":"shipping-taxable","17":"purchasable","18":"product-type-simple"},"_links":{"self":[{"href":"https:\/\/magicgamesbolivia.com\/index.php\/wp-json\/wp\/v2\/product\/2853","targetHints":{"allow":["GET"]}}],"collection":[{"href":"https:\/\/magicgamesbolivia.com\/index.php\/wp-json\/wp\/v2\/product"}],"about":[{"href":"https:\/\/magicgamesbolivia.com\/index.php\/wp-json\/wp\/v2\/types\/product"}],"replies":[{"embeddable":true,"href":"https:\/\/magicgamesbolivia.com\/index.php\/wp-json\/wp\/v2\/comments?post=2853"}],"version-history":[{"count":2,"href":"https:\/\/magicgamesbolivia.com\/index.php\/wp-json\/wp\/v2\/product\/2853\/revisions"}],"predecessor-version":[{"id":3650,"href":"https:\/\/magicgamesbolivia.com\/index.php\/wp-json\/wp\/v2\/product\/2853\/revisions\/3650"}],"wp:featuredmedia":[{"embeddable":true,"href":"https:\/\/magicgamesbolivia.com\/index.php\/wp-json\/wp\/v2\/media\/2854"}],"wp:attachment":[{"href":"https:\/\/magicgamesbolivia.com\/index.php\/wp-json\/wp\/v2\/media?parent=2853"}],"wp:term":[{"taxonomy":"product_brand","embeddable":true,"href":"https:\/\/magicgamesbolivia.com\/index.php\/wp-json\/wp\/v2\/product_brand?post=2853"},{"taxonomy":"product_cat","embeddable":true,"href":"https:\/\/magicgamesbolivia.com\/index.php\/wp-json\/wp\/v2\/product_cat?post=2853"},{"taxonomy":"product_tag","embeddable":true,"href":"https:\/\/magicgamesbolivia.com\/index.php\/wp-json\/wp\/v2\/product_tag?post=2853"}],"curies":[{"name":"wp","href":"https:\/\/api.w.org\/{rel}","templated":true}]}}