{"id":2805,"date":"2022-08-09T15:34:56","date_gmt":"2022-08-09T15:34:56","guid":{"rendered":"http:\/\/magicgamesbolivia.com\/?post_type=product&#038;p=2805"},"modified":"2023-08-14T20:26:40","modified_gmt":"2023-08-14T20:26:40","slug":"dragon-shield-matte-blue-100-sleeves","status":"publish","type":"product","link":"https:\/\/magicgamesbolivia.com\/index.php\/product\/dragon-shield-matte-blue-100-sleeves\/","title":{"rendered":"Dragon Shield Blue &#8211; Matte Sleeves &#8211; Standard Size"},"content":{"rendered":"<p>Frente transparente y parte trasera azul. Como una perla celeste del mar profundo.<\/p>\n<p>Las fundas mate son nuestra l\u00ednea popular de Dragon Shield con textura y manejo superior. Una combinaci\u00f3n perfecta de durabilidad y facilidad para barajar. La elecci\u00f3n n\u00famero 1 del Profesor para fundas de cartas.<\/p>\n<p>La resistente caja de cart\u00f3n puede contener m\u00e1s de 75 cartas con funda individual o m\u00e1s de 65 cartas con funda doble. Cada caja tiene una etiqueta en la parte superior para personalizaci\u00f3n.<\/p>\n<p>Excelentes fundas para juegos de cartas coleccionables como MTG, Pok\u00e9mon, Flesh &amp; Blood y Digimon.<\/p>\n<p>Cantidad 100<\/p>\n","protected":false},"excerpt":{"rendered":"<p>Frente transparente y parte trasera azul. Como una perla celeste del mar profundo.<\/p>\n<p>Las fundas mate son nuestra l\u00ednea popular de Dragon Shield con textura y manejo superior. Una combinaci\u00f3n perfecta de durabilidad y facilidad para barajar. La elecci\u00f3n n\u00famero 1 del Profesor para fundas de cartas.<\/p>\n<p>La resistente caja de cart\u00f3n puede contener m\u00e1s de 75 cartas con funda individual o m\u00e1s de 65 cartas con funda doble. Cada caja tiene una etiqueta en la parte superior para personalizaci\u00f3n.<\/p>\n<p>Excelentes fundas para juegos de cartas coleccionables como MTG, Pok\u00e9mon, Flesh &amp; Blood y Digimon.<\/p>\n<p>Cantidad 100<\/p>\n<p>Cantidad 100<\/p>\n","protected":false},"featured_media":4407,"comment_status":"open","ping_status":"closed","template":"","meta":{"_themeisle_gutenberg_block_has_review":false},"product_brand":[],"product_cat":[131,167],"product_tag":[450,451,165,133],"class_list":{"0":"post-2805","1":"product","2":"type-product","3":"status-publish","4":"has-post-thumbnail","6":"product_cat-accesorios","7":"product_cat-prg","8":"product_tag-dragonshield","9":"product_tag-matte","10":"product_tag-protectores","11":"product_tag-sleeves","13":"first","14":"instock","15":"shipping-taxable","16":"purchasable","17":"product-type-simple"},"_links":{"self":[{"href":"https:\/\/magicgamesbolivia.com\/index.php\/wp-json\/wp\/v2\/product\/2805","targetHints":{"allow":["GET"]}}],"collection":[{"href":"https:\/\/magicgamesbolivia.com\/index.php\/wp-json\/wp\/v2\/product"}],"about":[{"href":"https:\/\/magicgamesbolivia.com\/index.php\/wp-json\/wp\/v2\/types\/product"}],"replies":[{"embeddable":true,"href":"https:\/\/magicgamesbolivia.com\/index.php\/wp-json\/wp\/v2\/comments?post=2805"}],"version-history":[{"count":3,"href":"https:\/\/magicgamesbolivia.com\/index.php\/wp-json\/wp\/v2\/product\/2805\/revisions"}],"predecessor-version":[{"id":4409,"href":"https:\/\/magicgamesbolivia.com\/index.php\/wp-json\/wp\/v2\/product\/2805\/revisions\/4409"}],"wp:featuredmedia":[{"embeddable":true,"href":"https:\/\/magicgamesbolivia.com\/index.php\/wp-json\/wp\/v2\/media\/4407"}],"wp:attachment":[{"href":"https:\/\/magicgamesbolivia.com\/index.php\/wp-json\/wp\/v2\/media?parent=2805"}],"wp:term":[{"taxonomy":"product_brand","embeddable":true,"href":"https:\/\/magicgamesbolivia.com\/index.php\/wp-json\/wp\/v2\/product_brand?post=2805"},{"taxonomy":"product_cat","embeddable":true,"href":"https:\/\/magicgamesbolivia.com\/index.php\/wp-json\/wp\/v2\/product_cat?post=2805"},{"taxonomy":"product_tag","embeddable":true,"href":"https:\/\/magicgamesbolivia.com\/index.php\/wp-json\/wp\/v2\/product_tag?post=2805"}],"curies":[{"name":"wp","href":"https:\/\/api.w.org\/{rel}","templated":true}]}}