{"id":2797,"date":"2022-08-09T15:02:04","date_gmt":"2022-08-09T15:02:04","guid":{"rendered":"http:\/\/magicgamesbolivia.com\/?post_type=product&#038;p=2797"},"modified":"2022-12-22T23:50:29","modified_gmt":"2022-12-22T23:50:29","slug":"scythe-encuentros","status":"publish","type":"product","link":"https:\/\/magicgamesbolivia.com\/index.php\/product\/scythe-encuentros\/","title":{"rendered":"SCYTHE  Encuentros"},"content":{"rendered":"<div class=\"clGa-baseGame\">expansi\u00f3n para:\u00a0<span class=\"clGa-baseGame-bg\">SCYTHE<\/span><\/div>\n<div class=\"fusion-text fusion-text-2\">\n<p>En el verano de 2018, Jamey Stegmaier desafi\u00f3 a los aficionados\u00a0a Scythe de todo el mundo a que dise\u00f1aran 32 nuevas cartas de encuentro. El resultado fue una efusi\u00f3n de creatividad que Jamey destil\u00f3, revis\u00f3 y realz\u00f3.<\/p>\n<p>Esta expansi\u00f3n para\u00a0<em>Scythe<\/em>\u00a0a\u00f1ade 32 cartas de encuentro con opciones \u00fanicas y habilidades secretas, aportando variedad a las partidas. Aunque estas cartas pueden y deben ser barajadas con el resto de cartas de encuentro, te recomendamos que juegues unas cuantas partidas solo con este mazo, sin mirarlo antes.<\/p>\n<p>Idioma Esp<\/p>\n<\/div>\n","protected":false},"excerpt":{"rendered":"<div class=\"clGa-baseGame\">expansi\u00f3n para:\u00a0<span class=\"clGa-baseGame-bg\">SCYTHE<\/span><\/div>\n<div class=\"fusion-text fusion-text-2\">\n<p>En el verano de 2018, Jamey Stegmaier desafi\u00f3 a los aficionados\u00a0a Scythe de todo el mundo a que dise\u00f1aran 32 nuevas cartas de encuentro. El resultado fue una efusi\u00f3n de creatividad que Jamey destil\u00f3, revis\u00f3 y realz\u00f3.<\/p>\n<p>Esta expansi\u00f3n para\u00a0<em>Scythe<\/em>\u00a0a\u00f1ade 32 cartas de encuentro con opciones \u00fanicas y habilidades secretas, aportando variedad a las partidas. Aunque estas cartas pueden y deben ser barajadas con el resto de cartas de encuentro, te recomendamos que juegues unas cuantas partidas solo con este mazo, sin mirarlo antes.<\/p>\n<p>Idioma Esp<\/p>\n<\/div>\n","protected":false},"featured_media":2798,"comment_status":"open","ping_status":"closed","template":"","meta":{"_themeisle_gutenberg_block_has_review":false},"product_brand":[],"product_cat":[29,93],"product_tag":[156,448,155,197,442],"class_list":{"0":"post-2797","1":"product","2":"type-product","3":"status-publish","4":"has-post-thumbnail","6":"product_cat-juegos-de-mesa","7":"product_cat-maldito-games","8":"product_tag-boardgames","9":"product_tag-encuentros","10":"product_tag-juegosdemesa","11":"product_tag-malditogames","12":"product_tag-scythe","14":"first","15":"outofstock","16":"sold-individually","17":"shipping-taxable","18":"purchasable","19":"product-type-simple"},"_links":{"self":[{"href":"https:\/\/magicgamesbolivia.com\/index.php\/wp-json\/wp\/v2\/product\/2797","targetHints":{"allow":["GET"]}}],"collection":[{"href":"https:\/\/magicgamesbolivia.com\/index.php\/wp-json\/wp\/v2\/product"}],"about":[{"href":"https:\/\/magicgamesbolivia.com\/index.php\/wp-json\/wp\/v2\/types\/product"}],"replies":[{"embeddable":true,"href":"https:\/\/magicgamesbolivia.com\/index.php\/wp-json\/wp\/v2\/comments?post=2797"}],"version-history":[{"count":1,"href":"https:\/\/magicgamesbolivia.com\/index.php\/wp-json\/wp\/v2\/product\/2797\/revisions"}],"predecessor-version":[{"id":2800,"href":"https:\/\/magicgamesbolivia.com\/index.php\/wp-json\/wp\/v2\/product\/2797\/revisions\/2800"}],"wp:featuredmedia":[{"embeddable":true,"href":"https:\/\/magicgamesbolivia.com\/index.php\/wp-json\/wp\/v2\/media\/2798"}],"wp:attachment":[{"href":"https:\/\/magicgamesbolivia.com\/index.php\/wp-json\/wp\/v2\/media?parent=2797"}],"wp:term":[{"taxonomy":"product_brand","embeddable":true,"href":"https:\/\/magicgamesbolivia.com\/index.php\/wp-json\/wp\/v2\/product_brand?post=2797"},{"taxonomy":"product_cat","embeddable":true,"href":"https:\/\/magicgamesbolivia.com\/index.php\/wp-json\/wp\/v2\/product_cat?post=2797"},{"taxonomy":"product_tag","embeddable":true,"href":"https:\/\/magicgamesbolivia.com\/index.php\/wp-json\/wp\/v2\/product_tag?post=2797"}],"curies":[{"name":"wp","href":"https:\/\/api.w.org\/{rel}","templated":true}]}}