{"id":2767,"date":"2022-08-09T00:46:41","date_gmt":"2022-08-09T00:46:41","guid":{"rendered":"http:\/\/magicgamesbolivia.com\/?post_type=product&#038;p=2767"},"modified":"2025-07-19T22:48:43","modified_gmt":"2025-07-19T22:48:43","slug":"galaxy-trucker-nueva-edicion","status":"publish","type":"product","link":"https:\/\/magicgamesbolivia.com\/index.php\/product\/galaxy-trucker-nueva-edicion\/","title":{"rendered":"GALAXY TRUCKER: NUEVA EDICION"},"content":{"rendered":"<p><strong>Construcciones M\u00f3viles Sociedad Espacial An\u00f3nima<\/strong>\u00a0(CoMoSEA) es una empresa de construcci\u00f3n interplanetaria que construye los sistemas de alcantarillado y casas de bajo coste en los planetas menos desarrollados de la\u00a0<strong>Galaxia.<\/strong><\/p>\n<p>Durante a\u00f1os\u00a0<strong>CoMoSEA<\/strong>\u00a0se ha encontrado al borde de la quiebra: el transporte de materiales de construcci\u00f3n al borde de la\u00a0<strong>Galaxia,<\/strong>\u00a0donde la necesidad por sus servicios es mayor, es un negocio arriesgado.<\/p>\n<p>La compa\u00f1\u00eda fue salvada por unos visionarios en el consejo de direcci\u00f3n. En vez de enviar materiales a la Periferia, pensaron, \u00bfPor qu\u00e9 no construimos las naves con estos materiales\u00a0 y que vuelen ellas solas? Adem\u00e1s, \u00bfPor qu\u00e9 contratar pilotos cuando hay locos que lo har\u00e1n gratis?<\/p>\n<p>Aqu\u00ed es donde entras t\u00fa. S\u00f3lo firma el contrato y tendr\u00e1s acceso total al almac\u00e9n de\u00a0<strong>CoMoSEA.<\/strong><\/p>\n<p>Construye tu propia nave con todas las piezas prefabricadas disponibles, y vuela hacia la Periferia.\u00a0 Naturalmente, te comer\u00e1s las p\u00e9rdidas, pero cualquier beneficio que consigas durante el camino es todo tuyo y\u00a0<strong>CoMoSEA<\/strong>\u00a0te pagar\u00e1 una bonificaci\u00f3n por entrega r\u00e1pida.<\/p>\n<p>Es posible que acabes con una deuda insuperable y termines tus d\u00edas mendigando en las calles de Deneb III, pero si la diosa fortuna te sonr\u00ede\u00a0<em><strong>\u00a1puede ser que te encuentres entre los 10 millones de personas m\u00e1s ricas de la Galaxia!<\/strong><\/em><\/p>\n<p>El juego de mesa<strong>\u00a0Galaxy Trucker<\/strong>\u00a0consiste en 3 rondas.\u00a0 En cada una de ellas, los jugadores empiezan dando vueltas por el Almac\u00e9n, intentando conseguir las mejores piezas y construir la mejor nave espacial. Una vez que las naves est\u00e1n en camino, los jugadores deben intentar evitar los peligros y obst\u00e1culos mientras aprovechan las oportunidades de negocio, intentando ser el primero en llegar con una nave entera.<\/p>\n<p><em><strong>En la ronda 1, se construyen naves de Clase I y se da un peque\u00f1o viaje.<\/strong><\/em><\/p>\n<p><em><strong>En la ronda 2, las naves son de Clase II y el viaje es m\u00e1s osado.<\/strong><\/em><\/p>\n<p><em><strong>En la ronda 3, se construyen enormes naves de Clase III y se viaja a los m\u00e1s lejanos y peligrosos confines de la Galaxia.<\/strong><\/em><\/p>\n<p>Cuanto m\u00e1s largo el viaje, m\u00e1s recompensa puede obtenerse,\u00a0 pero tambi\u00e9n es m\u00e1s peligroso. Para estos viajes,\u00a0<strong>CoMoSEA<\/strong>\u00a0s\u00f3lo acepta candidatos con un buen cr\u00e9dito financiero (y un alto poder adquisitivo para que, en caso necesario,\u00a0<strong>CoMoSEA<\/strong>\u00a0pueda pagar las deudas contra\u00eddas por el piloto).<\/p>\n<p>Convi\u00e9rtete un\u00a0<strong>Camionero Gal\u00e1ctico<\/strong>\u00a0y divi\u00e9rtete en el espacio con el juego de mesa\u00a0<strong>Galaxy Trucker.<\/strong><\/p>\n","protected":false},"excerpt":{"rendered":"<p>En una galaxia muy, muy lejana&#8230; tambi\u00e9n necesitan alcantarillado y\u00a0<strong>\u00abConstrucciones M\u00f3viles\u00bb<\/strong>\u00a0lo construye. Todos conocen a sus pilotos, hombres y mujeres valientes, sin miedo al peligro que si la paga es buena, volar\u00e1n a trav\u00e9s del\u00a0<strong>infierno.<\/strong><\/p>\n<p>Ahora, puedes ser uno de ellos. S\u00e9 un\u00a0<strong>Camionero Gal\u00e1ctico<\/strong>\u00a0y divi\u00e9rtete en el espacio con el juego de mesa\u00a0<strong>Galaxy Trucker.<\/strong><\/p>\n<table class=\"table-data-sheet\">\n<tbody>\n<tr class=\"odd\">\n<td>N\u00famero de jugadores:<\/td>\n<td>De 2 a 4 jugadores<\/td>\n<\/tr>\n<tr class=\"even\">\n<td>Duraci\u00f3n aproximada del juego:<\/td>\n<td>60 minutos<\/td>\n<\/tr>\n<tr class=\"odd\">\n<td>Edad m\u00ednima recomendada:<\/td>\n<td>8 a\u00f1os<\/td>\n<\/tr>\n<tr class=\"even\">\n<td>Tipo:<\/td>\n<td>Juego de tablero<\/td>\n<\/tr>\n<tr class=\"odd\">\n<td>G\u00e9nero:<\/td>\n<td>Ciencia Ficci\u00f3n<\/td>\n<\/tr>\n<tr class=\"even\">\n<td>Idioma:<\/td>\n<td>Espa\u00f1ol<\/td>\n<\/tr>\n<tr class=\"odd\">\n<td>Marca:<\/td>\n<td>Devir<\/td>\n<\/tr>\n<\/tbody>\n<\/table>\n","protected":false},"featured_media":2768,"comment_status":"open","ping_status":"closed","template":"","meta":{"_themeisle_gutenberg_block_has_review":false},"product_brand":[],"product_cat":[29,30],"product_tag":[31,435,155,436],"class_list":{"0":"post-2767","1":"product","2":"type-product","3":"status-publish","4":"has-post-thumbnail","6":"product_cat-juegos-de-mesa","7":"product_cat-devir","8":"product_tag-devir","9":"product_tag-galaxytrucker","10":"product_tag-juegosdemesa","11":"product_tag-nuevo","13":"first","14":"instock","15":"sold-individually","16":"shipping-taxable","17":"purchasable","18":"product-type-simple"},"_links":{"self":[{"href":"https:\/\/magicgamesbolivia.com\/index.php\/wp-json\/wp\/v2\/product\/2767","targetHints":{"allow":["GET"]}}],"collection":[{"href":"https:\/\/magicgamesbolivia.com\/index.php\/wp-json\/wp\/v2\/product"}],"about":[{"href":"https:\/\/magicgamesbolivia.com\/index.php\/wp-json\/wp\/v2\/types\/product"}],"replies":[{"embeddable":true,"href":"https:\/\/magicgamesbolivia.com\/index.php\/wp-json\/wp\/v2\/comments?post=2767"}],"version-history":[{"count":1,"href":"https:\/\/magicgamesbolivia.com\/index.php\/wp-json\/wp\/v2\/product\/2767\/revisions"}],"predecessor-version":[{"id":2770,"href":"https:\/\/magicgamesbolivia.com\/index.php\/wp-json\/wp\/v2\/product\/2767\/revisions\/2770"}],"wp:featuredmedia":[{"embeddable":true,"href":"https:\/\/magicgamesbolivia.com\/index.php\/wp-json\/wp\/v2\/media\/2768"}],"wp:attachment":[{"href":"https:\/\/magicgamesbolivia.com\/index.php\/wp-json\/wp\/v2\/media?parent=2767"}],"wp:term":[{"taxonomy":"product_brand","embeddable":true,"href":"https:\/\/magicgamesbolivia.com\/index.php\/wp-json\/wp\/v2\/product_brand?post=2767"},{"taxonomy":"product_cat","embeddable":true,"href":"https:\/\/magicgamesbolivia.com\/index.php\/wp-json\/wp\/v2\/product_cat?post=2767"},{"taxonomy":"product_tag","embeddable":true,"href":"https:\/\/magicgamesbolivia.com\/index.php\/wp-json\/wp\/v2\/product_tag?post=2767"}],"curies":[{"name":"wp","href":"https:\/\/api.w.org\/{rel}","templated":true}]}}