{"id":2762,"date":"2022-08-07T14:22:40","date_gmt":"2022-08-07T14:22:40","guid":{"rendered":"http:\/\/magicgamesbolivia.com\/?post_type=product&#038;p=2762"},"modified":"2026-01-14T14:19:55","modified_gmt":"2026-01-14T14:19:55","slug":"sushi-go-party","status":"publish","type":"product","link":"https:\/\/magicgamesbolivia.com\/index.php\/product\/sushi-go-party\/","title":{"rendered":"SUHI GO PARTY"},"content":{"rendered":"<div class=\"aawp-product__content\">\n<div class=\"aawp-product__description\">\n<ul>\n<li>Se trata de una bandeja para fiesta con s\u00faper sashimi, mega maki, y un sinf\u00edn de edamame en esta versi\u00f3n ampliada del juego de cartas m\u00e1s vendido.<\/li>\n<li>Todav\u00eda ganas puntos al completar combos de Sushi, pero ahora puedes personalizar cada juego eligiendo a la carta de un men\u00fa de m\u00e1s de 20\u00a0platos exquisitos.<\/li>\n<li>La variedad de tarjetas ofrece muchas nuevas oportunidades.<\/li>\n<li>Tendr\u00e1s que cambiar tu estrategia de juego a juego dependiendo del men\u00fa que has elegido.<\/li>\n<li>Ideal para 2 a 8 jugadores mayores de 8 a\u00f1os.<\/li>\n<\/ul>\n<\/div>\n<\/div>\n<div class=\"aawp-product__footer\"><\/div>\n","protected":false},"excerpt":{"rendered":"<p><strong>N\u00ba de jugadores:\u00a0<\/strong>De 2 a 8 jugadores.<br \/>\n<strong>Edad recomendada:\u00a0<\/strong>A partir de 8 a\u00f1os.<br \/>\n<strong>Duraci\u00f3n de la partida:\u00a0<\/strong>20 minutos.<\/p>\n","protected":false},"featured_media":2763,"comment_status":"open","ping_status":"closed","template":"","meta":{"_themeisle_gutenberg_block_has_review":false},"product_brand":[],"product_cat":[29,30],"product_tag":[31,382,434,85,433],"class_list":{"0":"post-2762","1":"product","2":"type-product","3":"status-publish","4":"has-post-thumbnail","6":"product_cat-juegos-de-mesa","7":"product_cat-devir","8":"product_tag-devir","9":"product_tag-divertido","10":"product_tag-party","11":"product_tag-sushi","12":"product_tag-sushigo","14":"first","15":"instock","16":"sold-individually","17":"shipping-taxable","18":"purchasable","19":"product-type-simple"},"_links":{"self":[{"href":"https:\/\/magicgamesbolivia.com\/index.php\/wp-json\/wp\/v2\/product\/2762","targetHints":{"allow":["GET"]}}],"collection":[{"href":"https:\/\/magicgamesbolivia.com\/index.php\/wp-json\/wp\/v2\/product"}],"about":[{"href":"https:\/\/magicgamesbolivia.com\/index.php\/wp-json\/wp\/v2\/types\/product"}],"replies":[{"embeddable":true,"href":"https:\/\/magicgamesbolivia.com\/index.php\/wp-json\/wp\/v2\/comments?post=2762"}],"version-history":[{"count":2,"href":"https:\/\/magicgamesbolivia.com\/index.php\/wp-json\/wp\/v2\/product\/2762\/revisions"}],"predecessor-version":[{"id":3651,"href":"https:\/\/magicgamesbolivia.com\/index.php\/wp-json\/wp\/v2\/product\/2762\/revisions\/3651"}],"wp:featuredmedia":[{"embeddable":true,"href":"https:\/\/magicgamesbolivia.com\/index.php\/wp-json\/wp\/v2\/media\/2763"}],"wp:attachment":[{"href":"https:\/\/magicgamesbolivia.com\/index.php\/wp-json\/wp\/v2\/media?parent=2762"}],"wp:term":[{"taxonomy":"product_brand","embeddable":true,"href":"https:\/\/magicgamesbolivia.com\/index.php\/wp-json\/wp\/v2\/product_brand?post=2762"},{"taxonomy":"product_cat","embeddable":true,"href":"https:\/\/magicgamesbolivia.com\/index.php\/wp-json\/wp\/v2\/product_cat?post=2762"},{"taxonomy":"product_tag","embeddable":true,"href":"https:\/\/magicgamesbolivia.com\/index.php\/wp-json\/wp\/v2\/product_tag?post=2762"}],"curies":[{"name":"wp","href":"https:\/\/api.w.org\/{rel}","templated":true}]}}