{"id":2751,"date":"2022-08-05T22:08:34","date_gmt":"2022-08-05T22:08:34","guid":{"rendered":"http:\/\/magicgamesbolivia.com\/?post_type=product&#038;p=2751"},"modified":"2022-08-05T22:08:34","modified_gmt":"2022-08-05T22:08:34","slug":"double-masters-2022","status":"publish","type":"product","link":"https:\/\/magicgamesbolivia.com\/index.php\/product\/double-masters-2022\/","title":{"rendered":"DOUBLE MASTERS 2022"},"content":{"rendered":"<h1 class=\"a-size-base-plus a-text-bold\"><\/h1>\n<ul class=\"a-unordered-list a-vertical a-spacing-mini\">\n<li><span class=\"a-list-item\">24 potenciadores de draft MTG de Double Masters 2022<\/span><\/li>\n<li><span class=\"a-list-item\">16 cartas m\u00e1gicas por borrador de refuerzo<\/span><\/li>\n<li><span class=\"a-list-item\">2-4 cartas de rareza raras o m\u00e1s en cada paquete<\/span><\/li>\n<li><span class=\"a-list-item\">2 tarjetas tradicionales de aluminio en cada paquete<\/span><\/li>\n<li><span class=\"a-list-item\">Obt\u00e9n una dosis doble de algunas de las cartas m\u00e1gicas m\u00e1s fuertes y geniales jam\u00e1s hechas<\/span><\/li>\n<li>Idioma Ingles<\/li>\n<\/ul>\n","protected":false},"excerpt":{"rendered":"<ul class=\"a-unordered-list a-vertical a-spacing-mini\">\n<li><span class=\"a-list-item\">24 potenciadores de draft MTG de Double Masters 2022<\/span><\/li>\n<li><span class=\"a-list-item\">16 cartas m\u00e1gicas por borrador de refuerzo<\/span><\/li>\n<li><span class=\"a-list-item\">2-4 cartas de rareza raras o m\u00e1s en cada paquete<\/span><\/li>\n<li><span class=\"a-list-item\">2 tarjetas tradicionales de aluminio en cada paquete<\/span><\/li>\n<li><span class=\"a-list-item\">Obt\u00e9n una dosis doble de algunas de las cartas m\u00e1gicas m\u00e1s fuertes y geniales jam\u00e1s hechas<\/span><\/li>\n<li>Idioma Ingles<\/li>\n<\/ul>\n","protected":false},"featured_media":2752,"comment_status":"open","ping_status":"closed","template":"","meta":{"_themeisle_gutenberg_block_has_review":false},"product_brand":[],"product_cat":[427],"product_tag":[429,428,198,201],"class_list":{"0":"post-2751","1":"product","2":"type-product","3":"status-publish","4":"has-post-thumbnail","6":"product_cat-magic-the-gathering","7":"product_tag-double-masters-2022","8":"product_tag-doublemaster","9":"product_tag-magicthegathering","10":"product_tag-mtg","12":"first","13":"instock","14":"sold-individually","15":"shipping-taxable","16":"purchasable","17":"product-type-simple"},"_links":{"self":[{"href":"https:\/\/magicgamesbolivia.com\/index.php\/wp-json\/wp\/v2\/product\/2751","targetHints":{"allow":["GET"]}}],"collection":[{"href":"https:\/\/magicgamesbolivia.com\/index.php\/wp-json\/wp\/v2\/product"}],"about":[{"href":"https:\/\/magicgamesbolivia.com\/index.php\/wp-json\/wp\/v2\/types\/product"}],"replies":[{"embeddable":true,"href":"https:\/\/magicgamesbolivia.com\/index.php\/wp-json\/wp\/v2\/comments?post=2751"}],"version-history":[{"count":1,"href":"https:\/\/magicgamesbolivia.com\/index.php\/wp-json\/wp\/v2\/product\/2751\/revisions"}],"predecessor-version":[{"id":2756,"href":"https:\/\/magicgamesbolivia.com\/index.php\/wp-json\/wp\/v2\/product\/2751\/revisions\/2756"}],"wp:featuredmedia":[{"embeddable":true,"href":"https:\/\/magicgamesbolivia.com\/index.php\/wp-json\/wp\/v2\/media\/2752"}],"wp:attachment":[{"href":"https:\/\/magicgamesbolivia.com\/index.php\/wp-json\/wp\/v2\/media?parent=2751"}],"wp:term":[{"taxonomy":"product_brand","embeddable":true,"href":"https:\/\/magicgamesbolivia.com\/index.php\/wp-json\/wp\/v2\/product_brand?post=2751"},{"taxonomy":"product_cat","embeddable":true,"href":"https:\/\/magicgamesbolivia.com\/index.php\/wp-json\/wp\/v2\/product_cat?post=2751"},{"taxonomy":"product_tag","embeddable":true,"href":"https:\/\/magicgamesbolivia.com\/index.php\/wp-json\/wp\/v2\/product_tag?post=2751"}],"curies":[{"name":"wp","href":"https:\/\/api.w.org\/{rel}","templated":true}]}}