{"id":2714,"date":"2022-08-03T20:26:52","date_gmt":"2022-08-03T20:26:52","guid":{"rendered":"http:\/\/magicgamesbolivia.com\/?post_type=product&#038;p=2714"},"modified":"2024-06-03T22:52:56","modified_gmt":"2024-06-03T22:52:56","slug":"el-dilema-del-rey","status":"publish","type":"product","link":"https:\/\/magicgamesbolivia.com\/index.php\/product\/el-dilema-del-rey\/","title":{"rendered":"EL DILEMA DEL REY"},"content":{"rendered":"<p><strong>El Dilema del Rey<\/strong>\u00a0es un\u00a0<strong>juego de mesa<\/strong>\u00a0que nos sumerge en una experiencia<strong>\u00a0interactiva<\/strong>\u00a0y\u00a0<strong>narrativa<\/strong>\u00a0donde representaremos distintas<strong>\u00a0casas<\/strong>\u00a0del\u00a0<strong>reino de Ankist<\/strong>. Tendremos que<strong>\u00a0defender<\/strong>\u00a0la\u00a0<strong>integridad\u00a0<\/strong>y el bienestar del reino mediante nuestras\u00a0<strong>decisiones<\/strong>. Usando mec\u00e1nicas\u00a0<strong>legacy\u00a0<\/strong>y un mazo de\u00a0<strong>cartas\u00a0<\/strong>de\u00a0<strong>evento evolutivo<\/strong>, podremos explorar una gran\u00a0<strong>variedad de tramas<\/strong>\u00a0con multitud de\u00a0<strong>finales<\/strong>\u00a0posibles.<\/p>\n<p>&nbsp;<\/p>\n<p>Los jugadores representan a las diferentes\u00a0<strong>Casas<\/strong>\u00a0que controlan el gobierno del\u00a0<strong>reino de Ankist<\/strong>. En cada ronda, robar\u00e1s una carta del mazo de Dilemas y vivir\u00e1s c\u00f3mo se desarrolla la\u00a0<strong>historia<\/strong>\u00a0del juego. Cada carta plantear\u00e1 un\u00a0<strong>problema que el Consejo<\/strong>\u00a0deber\u00e1\u00a0<strong>resolver\u00a0<\/strong>en nombre del\u00a0<strong>rey<\/strong>. Como miembros del c\u00edrculo cercano del rey, vuestras decisiones determinar\u00e1n c\u00f3mo avanza la historia y, por tanto, el\u00a0<strong>destino del reino<\/strong>. Cada evento solo ocurre una vez, as\u00ed que tendr\u00e1s que dialogar y negociar con los dem\u00e1s jugadores para despu\u00e9s tomar una decisi\u00f3n que tendr\u00e1 unas consecuencias y har\u00e1 avanzar la historia del juego, desbloqueando m\u00e1s eventos.<\/p>\n<p>&nbsp;<\/p>\n<p>Tendr\u00e1s que mantener la\u00a0<strong>estabilidad del reino<\/strong>\u00a0a la vez que buscas beneficios para tu propia\u00a0<strong>Casa<\/strong>. La lucha de poder entre las\u00a0<strong>Casas\u00a0<\/strong>podr\u00eda provocar la aparici\u00f3n de guerras, hambrunas o revueltas, o podr\u00eda generar\u00a0<strong>riqueza<\/strong>\u00a0y<strong>\u00a0bienestar<\/strong>\u00a0para el<strong>\u00a0reino<\/strong>. \u00a1Todo depender\u00e1 de tus decisiones! No obstante, cada decisi\u00f3n tiene sus consecuencias y lo que es bueno para el reino puede ser malo para tu Casa.<\/p>\n","protected":false},"excerpt":{"rendered":"<p><strong>El Dilema del Rey<\/strong>\u00a0es un\u00a0<strong>juego de mesa<\/strong>\u00a0que nos sumerge en una experiencia<strong>\u00a0interactiva<\/strong>\u00a0y\u00a0<strong>narrativa<\/strong>\u00a0donde representaremos distintas<strong>\u00a0casas<\/strong>\u00a0del\u00a0<strong>reino de Ankist<\/strong>. Tendremos que<strong>\u00a0defender<\/strong>\u00a0la\u00a0<strong>integridad\u00a0<\/strong>y el bienestar del reino mediante nuestras\u00a0<strong>decisiones<\/strong>. Usando mec\u00e1nicas\u00a0<strong>legacy\u00a0<\/strong>y un mazo de\u00a0<strong>cartas\u00a0<\/strong>de\u00a0<strong>evento evolutivo<\/strong>, podremos explorar una gran\u00a0<strong>variedad de tramas<\/strong>\u00a0con multitud de\u00a0<strong>finales<\/strong>\u00a0posibles.<\/p>\n<table class=\"table-data-sheet\">\n<tbody>\n<tr class=\"odd\">\n<td>N\u00famero de jugadores:<\/td>\n<td>De 3 a 5 jugadores<\/td>\n<\/tr>\n<tr class=\"even\">\n<td>Duraci\u00f3n aproximada del juego:<\/td>\n<td>60 minutos<\/td>\n<\/tr>\n<tr class=\"odd\">\n<td>Edad m\u00ednima recomendada:<\/td>\n<td>14 a\u00f1os<\/td>\n<\/tr>\n<tr class=\"even\">\n<td>Tipo:<\/td>\n<td>Juego de tablero<\/td>\n<\/tr>\n<tr class=\"odd\">\n<td>G\u00e9nero:<\/td>\n<td>Estrategia<\/td>\n<\/tr>\n<tr class=\"even\">\n<td>Idioma:<\/td>\n<td>Espa\u00f1ol<\/td>\n<\/tr>\n<tr class=\"odd\">\n<td>Marca:<\/td>\n<td>Asmodee<\/td>\n<\/tr>\n<\/tbody>\n<\/table>\n","protected":false},"featured_media":2715,"comment_status":"open","ping_status":"closed","template":"","meta":{"_themeisle_gutenberg_block_has_review":false},"product_brand":[],"product_cat":[352,29],"product_tag":[225,421,218,422,423],"class_list":{"0":"post-2714","1":"product","2":"type-product","3":"status-publish","4":"has-post-thumbnail","6":"product_cat-asmodee","7":"product_cat-juegos-de-mesa","8":"product_tag-asmode","9":"product_tag-dilemadelrey","10":"product_tag-juegodemesa","11":"product_tag-legacy","12":"product_tag-roles","14":"first","15":"outofstock","16":"sold-individually","17":"shipping-taxable","18":"purchasable","19":"product-type-simple"},"_links":{"self":[{"href":"https:\/\/magicgamesbolivia.com\/index.php\/wp-json\/wp\/v2\/product\/2714","targetHints":{"allow":["GET"]}}],"collection":[{"href":"https:\/\/magicgamesbolivia.com\/index.php\/wp-json\/wp\/v2\/product"}],"about":[{"href":"https:\/\/magicgamesbolivia.com\/index.php\/wp-json\/wp\/v2\/types\/product"}],"replies":[{"embeddable":true,"href":"https:\/\/magicgamesbolivia.com\/index.php\/wp-json\/wp\/v2\/comments?post=2714"}],"version-history":[{"count":2,"href":"https:\/\/magicgamesbolivia.com\/index.php\/wp-json\/wp\/v2\/product\/2714\/revisions"}],"predecessor-version":[{"id":3604,"href":"https:\/\/magicgamesbolivia.com\/index.php\/wp-json\/wp\/v2\/product\/2714\/revisions\/3604"}],"wp:featuredmedia":[{"embeddable":true,"href":"https:\/\/magicgamesbolivia.com\/index.php\/wp-json\/wp\/v2\/media\/2715"}],"wp:attachment":[{"href":"https:\/\/magicgamesbolivia.com\/index.php\/wp-json\/wp\/v2\/media?parent=2714"}],"wp:term":[{"taxonomy":"product_brand","embeddable":true,"href":"https:\/\/magicgamesbolivia.com\/index.php\/wp-json\/wp\/v2\/product_brand?post=2714"},{"taxonomy":"product_cat","embeddable":true,"href":"https:\/\/magicgamesbolivia.com\/index.php\/wp-json\/wp\/v2\/product_cat?post=2714"},{"taxonomy":"product_tag","embeddable":true,"href":"https:\/\/magicgamesbolivia.com\/index.php\/wp-json\/wp\/v2\/product_tag?post=2714"}],"curies":[{"name":"wp","href":"https:\/\/api.w.org\/{rel}","templated":true}]}}