{"id":2693,"date":"2022-08-02T15:23:14","date_gmt":"2022-08-02T15:23:14","guid":{"rendered":"http:\/\/magicgamesbolivia.com\/?post_type=product&#038;p=2693"},"modified":"2026-01-14T14:01:10","modified_gmt":"2026-01-14T14:01:10","slug":"marvel-united","status":"publish","type":"product","link":"https:\/\/magicgamesbolivia.com\/index.php\/product\/marvel-united\/","title":{"rendered":"MARVEL UNITED"},"content":{"rendered":"<p><strong>Marvel<\/strong>\u00a0<strong>United<\/strong>\u00a0es un\u00a0<strong>juego<\/strong>\u00a0<strong>de<\/strong>\u00a0<strong>mesa<\/strong>\u00a0en el que encarnar\u00e9is a los m\u00e1s carism\u00e1ticos\u00a0<strong>h\u00e9roes<\/strong>\u00a0de\u00a0<strong>Marvel<\/strong>\u00a0<strong>colaborando<\/strong>\u00a0para frustrar los planes de los m\u00e1s\u00a0<strong>temibles<\/strong>\u00a0<strong>villanos<\/strong>\u00a0del universo. Cada\u00a0<strong>Villano<\/strong>\u00a0desvela su\u00a0<strong>plan<\/strong>\u00a0<strong>maestro<\/strong>\u00a0\u00fanico, con cartas que activan distintos efectos y retos para los H\u00e9roes. Usad y\u00a0<strong>combinad<\/strong>\u00a0vuestras\u00a0<strong>acciones<\/strong>\u00a0y\u00a0<strong>poderes<\/strong>\u00a0para\u00a0<strong>salvar<\/strong>\u00a0el\u00a0<strong>mundo<\/strong>.<\/p>\n<p>&nbsp;<\/p>\n<p><strong>Crear\u00e1s<\/strong>\u00a0una\u00a0<strong>Trama<\/strong>\u00a0robando las\u00a0<strong>cartas<\/strong>\u00a0del\u00a0<strong>Villano<\/strong>\u00a0y jugando tus cartas de\u00a0<strong>H\u00e9roe<\/strong>\u00a0para\u00a0<strong>contrarrestar<\/strong>\u00a0las estratagemas del\u00a0<strong>Villano<\/strong>. Tus cartas te permiten\u00a0<strong>mover<\/strong>\u00a0a tu H\u00e9roe,\u00a0<strong>rescatar<\/strong>\u00a0Civiles,\u00a0<strong>derrotar<\/strong>\u00a0Matones,\u00a0<strong>eliminar<\/strong>\u00a0Amenazas y emplear los\u00a0<strong>poderes<\/strong>\u00a0\u00fanicos de tu\u00a0<strong>H\u00e9roe<\/strong>. Elige las cartas con cabeza, porque los\u00a0<strong>H\u00e9roes<\/strong>\u00a0pueden unir sus capacidades para actuar como un equipo perfecto. Por su parte, el\u00a0<strong>Villano<\/strong>\u00a0recorre la ciudad mientras urde su plan, siembra el caos, despliega\u00a0<strong>Secuaces<\/strong>\u00a0y ataca a los\u00a0<strong>H\u00e9roes<\/strong>. Hasta que no cumplan las\u00a0<strong>Misiones<\/strong>\u00a0<strong>necesarias<\/strong>, los\u00a0<strong>H\u00e9roes<\/strong>\u00a0no estar\u00e1n listos para atacar al\u00a0<strong>Villano<\/strong>\u00a0directamente y acabar con \u00e9l de una vez por todas.<\/p>\n<p>Aparecen nuevas\u00a0<strong>amenazas<\/strong>\u00a0por todo el\u00a0<strong>mundo<\/strong>\u00a0mientras los\u00a0<strong>Supervillanos<\/strong>\u00a0siembran la\u00a0<strong>discordia<\/strong>, se hacen con el poder y oprimen a la gente de a pie bajo sus botas. \u00bfQu\u00e9 esperanza queda en un mundo en el que sus planes maestros no encuentran oposici\u00f3n? Pero \u00a1donde aparecen fuertes\u00a0<strong>Villanos<\/strong>, tambi\u00e9n hay poderosos H\u00e9roes! \u00a1Viajar\u00e1n por el mundo en un intento a la desesperada por\u00a0<strong>proteger<\/strong>\u00a0a los\u00a0<strong>inocentes<\/strong>,\u00a0<strong>eliminar<\/strong>\u00a0siniestras\u00a0<strong>amenazas<\/strong>\u00a0y enfrentarse a estos\u00a0<strong>Villanos<\/strong>\u00a0de una vez por todas!<\/p>\n","protected":false},"excerpt":{"rendered":"<p><strong>Marvel<\/strong>\u00a0<strong>United<\/strong>\u00a0es un\u00a0<strong>juego<\/strong>\u00a0<strong>de<\/strong>\u00a0<strong>mesa<\/strong>\u00a0en el que encarnar\u00e9is a los m\u00e1s carism\u00e1ticos\u00a0<strong>h\u00e9roes<\/strong>\u00a0de\u00a0<strong>Marvel<\/strong>\u00a0<strong>colaborando<\/strong>\u00a0para frustrar los planes de los m\u00e1s\u00a0<strong>temibles<\/strong>\u00a0<strong>villanos<\/strong>\u00a0del universo. Cada\u00a0<strong>Villano<\/strong>\u00a0desvela su\u00a0<strong>plan<\/strong>\u00a0<strong>maestro<\/strong>\u00a0\u00fanico, con cartas que activan distintos efectos y retos para los H\u00e9roes. Usad y\u00a0<strong>combinad<\/strong>\u00a0vuestras\u00a0<strong>acciones<\/strong>\u00a0y\u00a0<strong>poderes<\/strong>\u00a0para\u00a0<strong>salvar<\/strong>\u00a0el\u00a0<strong>mundo<\/strong>.<\/p>\n<table class=\"table-data-sheet\">\n<tbody>\n<tr class=\"odd\">\n<td>N\u00famero de jugadores:<\/td>\n<td>De 1 a 4 jugadores<\/td>\n<\/tr>\n<tr class=\"even\">\n<td>Duraci\u00f3n aproximada del juego:<\/td>\n<td>60 minutos<\/td>\n<\/tr>\n<tr class=\"odd\">\n<td>Edad m\u00ednima recomendada:<\/td>\n<td>14 a\u00f1os<\/td>\n<\/tr>\n<tr class=\"even\">\n<td>Tipo:<\/td>\n<td>Juego de tablero<\/td>\n<\/tr>\n<tr class=\"odd\">\n<td>G\u00e9nero:<\/td>\n<td>Cooperativo<\/td>\n<\/tr>\n<tr class=\"even\">\n<td>Idioma:<\/td>\n<td>Espa\u00f1ol<\/td>\n<\/tr>\n<tr class=\"odd\">\n<td>Marca:<\/td>\n<td>Asmodee<\/td>\n<\/tr>\n<\/tbody>\n<\/table>\n","protected":false},"featured_media":2694,"comment_status":"open","ping_status":"closed","template":"","meta":{"_themeisle_gutenberg_block_has_review":false},"product_brand":[],"product_cat":[352,29],"product_tag":[279,291,218,140],"class_list":{"0":"post-2693","1":"product","2":"type-product","3":"status-publish","4":"has-post-thumbnail","6":"product_cat-asmodee","7":"product_cat-juegos-de-mesa","8":"product_tag-asmodee","9":"product_tag-coperativo","10":"product_tag-juegodemesa","11":"product_tag-marvel","13":"first","14":"instock","15":"sold-individually","16":"shipping-taxable","17":"purchasable","18":"product-type-simple"},"_links":{"self":[{"href":"https:\/\/magicgamesbolivia.com\/index.php\/wp-json\/wp\/v2\/product\/2693","targetHints":{"allow":["GET"]}}],"collection":[{"href":"https:\/\/magicgamesbolivia.com\/index.php\/wp-json\/wp\/v2\/product"}],"about":[{"href":"https:\/\/magicgamesbolivia.com\/index.php\/wp-json\/wp\/v2\/types\/product"}],"replies":[{"embeddable":true,"href":"https:\/\/magicgamesbolivia.com\/index.php\/wp-json\/wp\/v2\/comments?post=2693"}],"version-history":[{"count":1,"href":"https:\/\/magicgamesbolivia.com\/index.php\/wp-json\/wp\/v2\/product\/2693\/revisions"}],"predecessor-version":[{"id":2698,"href":"https:\/\/magicgamesbolivia.com\/index.php\/wp-json\/wp\/v2\/product\/2693\/revisions\/2698"}],"wp:featuredmedia":[{"embeddable":true,"href":"https:\/\/magicgamesbolivia.com\/index.php\/wp-json\/wp\/v2\/media\/2694"}],"wp:attachment":[{"href":"https:\/\/magicgamesbolivia.com\/index.php\/wp-json\/wp\/v2\/media?parent=2693"}],"wp:term":[{"taxonomy":"product_brand","embeddable":true,"href":"https:\/\/magicgamesbolivia.com\/index.php\/wp-json\/wp\/v2\/product_brand?post=2693"},{"taxonomy":"product_cat","embeddable":true,"href":"https:\/\/magicgamesbolivia.com\/index.php\/wp-json\/wp\/v2\/product_cat?post=2693"},{"taxonomy":"product_tag","embeddable":true,"href":"https:\/\/magicgamesbolivia.com\/index.php\/wp-json\/wp\/v2\/product_tag?post=2693"}],"curies":[{"name":"wp","href":"https:\/\/api.w.org\/{rel}","templated":true}]}}