{"id":2684,"date":"2022-08-02T15:05:17","date_gmt":"2022-08-02T15:05:17","guid":{"rendered":"http:\/\/magicgamesbolivia.com\/?post_type=product&#038;p=2684"},"modified":"2025-10-03T01:53:38","modified_gmt":"2025-10-03T01:53:38","slug":"risk-clasico","status":"publish","type":"product","link":"https:\/\/magicgamesbolivia.com\/index.php\/product\/risk-clasico\/","title":{"rendered":"RISK CLASICO"},"content":{"rendered":"<h2>Juego de Mesa Risk Cl\u00e1sico<\/h2>\n<p>Domina el mundo en este juego de conquista estrat\u00e9gica, ahora con figuras actualizadas y cartas de Misi\u00f3n mejoradas. En el juego\u00a0<b>Risk<\/b>, el objetivo es simple: los jugadores tienen que conquistar territorios enemigos creando un ej\u00e9rcito, moviendo sus tropas y luchando en batallas. Dependiendo del resultado de los dados, \u00a1un jugador vencer\u00e1 al enemigo o ser\u00e1 vencido! Este emocionante juego est\u00e1 lleno de traiciones, alianzas y ataques sorpresa. En el campo de batalla, \u00a1todo puede ocurrir! Derrota todas las tropas enemigas en un territorio para conquistar ese territorio \u00a1y estar un paso m\u00e1s cerca de la conquista global! El jugador que complete primero su misi\u00f3n secreta, y revela la carta de Misi\u00f3n Secreta para demostrarlo, gana. Y recuerda\u00bfcuando se trata de conquistar el mundo, lo importante es qui\u00e9n se atreve a asumir el mayor riesgo Risk. De 2 a 5 jugadores.<\/p>\n","protected":false},"excerpt":{"rendered":"<h2>Juego de Mesa Risk Cl\u00e1sico<\/h2>\n<p>Domina el mundo en este juego de conquista estrat\u00e9gica, ahora con figuras actualizadas y cartas de Misi\u00f3n mejoradas. En el juego\u00a0<b>Risk<\/b>, el objetivo es simple: los jugadores tienen que conquistar territorios enemigos creando un ej\u00e9rcito, moviendo sus tropas y luchando en batallas. Dependiendo del resultado de los dados, \u00a1un jugador vencer\u00e1 al enemigo o ser\u00e1 vencido! Este emocionante juego est\u00e1 lleno de traiciones, alianzas y ataques sorpresa. En el campo de batalla, \u00a1todo puede ocurrir! Derrota todas las tropas enemigas en un territorio para conquistar ese territorio \u00a1y estar un paso m\u00e1s cerca de la conquista global! El jugador que complete primero su misi\u00f3n secreta, y revela la carta de Misi\u00f3n Secreta para demostrarlo, gana. Y recuerda\u00bfcuando se trata de conquistar el mundo, lo importante es qui\u00e9n se atreve a asumir el mayor riesgo Risk. De 2 a 5 jugadores.<\/p>\n","protected":false},"featured_media":2685,"comment_status":"open","ping_status":"closed","template":"","meta":{"_themeisle_gutenberg_block_has_review":false},"product_brand":[],"product_cat":[812,29],"product_tag":[325,218,269,418],"class_list":{"0":"post-2684","1":"product","2":"type-product","3":"status-publish","4":"has-post-thumbnail","6":"product_cat-hasbro","7":"product_cat-juegos-de-mesa","8":"product_tag-hasbro","9":"product_tag-juegodemesa","10":"product_tag-risk","11":"product_tag-wargame","13":"first","14":"instock","15":"sold-individually","16":"shipping-taxable","17":"purchasable","18":"product-type-simple"},"_links":{"self":[{"href":"https:\/\/magicgamesbolivia.com\/index.php\/wp-json\/wp\/v2\/product\/2684","targetHints":{"allow":["GET"]}}],"collection":[{"href":"https:\/\/magicgamesbolivia.com\/index.php\/wp-json\/wp\/v2\/product"}],"about":[{"href":"https:\/\/magicgamesbolivia.com\/index.php\/wp-json\/wp\/v2\/types\/product"}],"replies":[{"embeddable":true,"href":"https:\/\/magicgamesbolivia.com\/index.php\/wp-json\/wp\/v2\/comments?post=2684"}],"version-history":[{"count":2,"href":"https:\/\/magicgamesbolivia.com\/index.php\/wp-json\/wp\/v2\/product\/2684\/revisions"}],"predecessor-version":[{"id":3653,"href":"https:\/\/magicgamesbolivia.com\/index.php\/wp-json\/wp\/v2\/product\/2684\/revisions\/3653"}],"wp:featuredmedia":[{"embeddable":true,"href":"https:\/\/magicgamesbolivia.com\/index.php\/wp-json\/wp\/v2\/media\/2685"}],"wp:attachment":[{"href":"https:\/\/magicgamesbolivia.com\/index.php\/wp-json\/wp\/v2\/media?parent=2684"}],"wp:term":[{"taxonomy":"product_brand","embeddable":true,"href":"https:\/\/magicgamesbolivia.com\/index.php\/wp-json\/wp\/v2\/product_brand?post=2684"},{"taxonomy":"product_cat","embeddable":true,"href":"https:\/\/magicgamesbolivia.com\/index.php\/wp-json\/wp\/v2\/product_cat?post=2684"},{"taxonomy":"product_tag","embeddable":true,"href":"https:\/\/magicgamesbolivia.com\/index.php\/wp-json\/wp\/v2\/product_tag?post=2684"}],"curies":[{"name":"wp","href":"https:\/\/api.w.org\/{rel}","templated":true}]}}