{"id":2678,"date":"2022-08-02T14:55:03","date_gmt":"2022-08-02T14:55:03","guid":{"rendered":"http:\/\/magicgamesbolivia.com\/?post_type=product&#038;p=2678"},"modified":"2026-01-14T14:02:16","modified_gmt":"2026-01-14T14:02:16","slug":"munchkin-8-centauros-de-la-mazmorra","status":"publish","type":"product","link":"https:\/\/magicgamesbolivia.com\/index.php\/product\/munchkin-8-centauros-de-la-mazmorra\/","title":{"rendered":"Munchkin 8: Centauros de la Mazmorra"},"content":{"rendered":"<p>\u00a1Centauros y Hombres Lagarto!<\/p>\n<p>Estas dos razas cl\u00e1sicas de la fantas\u00eda se munchkinizan en\u00a0<em>Centauros de la Mazmorra<\/em>.<\/p>\n<p>Adem\u00e1s, en esta expansi\u00f3n encontrar\u00e1s nuevas Mejoras de Raza y Clase. Ahora puedes ser De \u00c9lite, Legendario o Primigenio, \u00a1o las tres a la vez! Necesitar\u00e1s eso y m\u00e1s cuando te enfrentes al poderoso RuiSe\u00f1or del Metal, el horripilante Centaur\u00f3podo o la apocal\u00edptica Serpiente de Midgard!<\/p>\n","protected":false},"excerpt":{"rendered":"<p>\u00a1Centauros y Hombres Lagarto!<\/p>\n<p>Estas dos razas cl\u00e1sicas de la fantas\u00eda se munchkinizan en\u00a0<em>Centauros de la Mazmorra<\/em>.<\/p>\n","protected":false},"featured_media":2679,"comment_status":"open","ping_status":"closed","template":"","meta":{"_themeisle_gutenberg_block_has_review":false},"product_brand":[],"product_cat":[29,104],"product_tag":[181,219,218,415,227,416],"class_list":{"0":"post-2678","1":"product","2":"type-product","3":"status-publish","4":"has-post-thumbnail","6":"product_cat-juegos-de-mesa","7":"product_cat-edge","8":"product_tag-edge","9":"product_tag-juegodecartas","10":"product_tag-juegodemesa","11":"product_tag-munchkin8","12":"product_tag-rol","13":"product_tag-stevjackson","15":"first","16":"instock","17":"sold-individually","18":"shipping-taxable","19":"purchasable","20":"product-type-simple"},"_links":{"self":[{"href":"https:\/\/magicgamesbolivia.com\/index.php\/wp-json\/wp\/v2\/product\/2678","targetHints":{"allow":["GET"]}}],"collection":[{"href":"https:\/\/magicgamesbolivia.com\/index.php\/wp-json\/wp\/v2\/product"}],"about":[{"href":"https:\/\/magicgamesbolivia.com\/index.php\/wp-json\/wp\/v2\/types\/product"}],"replies":[{"embeddable":true,"href":"https:\/\/magicgamesbolivia.com\/index.php\/wp-json\/wp\/v2\/comments?post=2678"}],"version-history":[{"count":1,"href":"https:\/\/magicgamesbolivia.com\/index.php\/wp-json\/wp\/v2\/product\/2678\/revisions"}],"predecessor-version":[{"id":2680,"href":"https:\/\/magicgamesbolivia.com\/index.php\/wp-json\/wp\/v2\/product\/2678\/revisions\/2680"}],"wp:featuredmedia":[{"embeddable":true,"href":"https:\/\/magicgamesbolivia.com\/index.php\/wp-json\/wp\/v2\/media\/2679"}],"wp:attachment":[{"href":"https:\/\/magicgamesbolivia.com\/index.php\/wp-json\/wp\/v2\/media?parent=2678"}],"wp:term":[{"taxonomy":"product_brand","embeddable":true,"href":"https:\/\/magicgamesbolivia.com\/index.php\/wp-json\/wp\/v2\/product_brand?post=2678"},{"taxonomy":"product_cat","embeddable":true,"href":"https:\/\/magicgamesbolivia.com\/index.php\/wp-json\/wp\/v2\/product_cat?post=2678"},{"taxonomy":"product_tag","embeddable":true,"href":"https:\/\/magicgamesbolivia.com\/index.php\/wp-json\/wp\/v2\/product_tag?post=2678"}],"curies":[{"name":"wp","href":"https:\/\/api.w.org\/{rel}","templated":true}]}}