{"id":2674,"date":"2022-08-02T14:51:34","date_gmt":"2022-08-02T14:51:34","guid":{"rendered":"http:\/\/magicgamesbolivia.com\/?post_type=product&#038;p=2674"},"modified":"2026-01-14T14:02:51","modified_gmt":"2026-01-14T14:02:51","slug":"munchkin-7-trampas-a-dos-manos","status":"publish","type":"product","link":"https:\/\/magicgamesbolivia.com\/index.php\/product\/munchkin-7-trampas-a-dos-manos\/","title":{"rendered":"Munchkin 7: Trampas a dos manos"},"content":{"rendered":"<p><em>Munchkin 7: Trampas a Dos Manos\u00a0<\/em>ha sido creado para las partidas en las que todo vale y ning\u00fan combo resulta demasiado extra\u00f1o. \u00bfPor qu\u00e9 conformarte con ser un S\u00faper Munchkin cuando puedes ser un Ultra Munchkin? Y por si los Bastardos no eran su ciente, tambi\u00e9n traemos Superbastardos. Y si las cartas de \u00a1Eso Es Trampa! se te hab\u00edan quedado peque\u00f1as, ahora te decimos: Haz Trampas como Si no Hubiese un Ma\u00f1ana.<\/p>\n<p>Hay montones de Mejoras de objetos y monstruo, y un nuevo tipo de carta, \u00a1la Mejora de Mejoras! Adem\u00e1s tambi\u00e9n podr\u00e1s encontrar un pu\u00f1ado de monstruos de bajo Nivel para ayudarte a conseguir v\u00edctimas f\u00e1ciles\u2026 hasta que alguien coja la Marioneta de Calcet\u00edn y la convierta en una Marioneta de Calcet\u00edn Sigilosa y Sorprendentemente Ultra Rara con Extra de Queso.<\/p>\n","protected":false},"excerpt":{"rendered":"<p>Esta expansi\u00f3n es extra\u00f1a. Sus cartas son desproporcionadamente poderosas. La quieres.<\/p>\n<div class=\"news_box background_color_grey_light product_components\">\n<div class=\"news_box_content\">\n<h6><span class=\"color_grey_dark\">CONTENIDO<\/span><\/h6>\n<\/div>\n<hr \/>\n<div class=\"news_box_content\">112 cartas y un reglamento.<\/div>\n<\/div>\n","protected":false},"featured_media":2675,"comment_status":"open","ping_status":"closed","template":"","meta":{"_themeisle_gutenberg_block_has_review":false},"product_brand":[],"product_cat":[29,104],"product_tag":[181,288,218,413,414],"class_list":{"0":"post-2674","1":"product","2":"type-product","3":"status-publish","4":"has-post-thumbnail","6":"product_cat-juegos-de-mesa","7":"product_cat-edge","8":"product_tag-edge","9":"product_tag-expansion","10":"product_tag-juegodemesa","11":"product_tag-munckin7","12":"product_tag-stejejackson","14":"first","15":"instock","16":"sold-individually","17":"shipping-taxable","18":"purchasable","19":"product-type-simple"},"_links":{"self":[{"href":"https:\/\/magicgamesbolivia.com\/index.php\/wp-json\/wp\/v2\/product\/2674","targetHints":{"allow":["GET"]}}],"collection":[{"href":"https:\/\/magicgamesbolivia.com\/index.php\/wp-json\/wp\/v2\/product"}],"about":[{"href":"https:\/\/magicgamesbolivia.com\/index.php\/wp-json\/wp\/v2\/types\/product"}],"replies":[{"embeddable":true,"href":"https:\/\/magicgamesbolivia.com\/index.php\/wp-json\/wp\/v2\/comments?post=2674"}],"version-history":[{"count":1,"href":"https:\/\/magicgamesbolivia.com\/index.php\/wp-json\/wp\/v2\/product\/2674\/revisions"}],"predecessor-version":[{"id":2677,"href":"https:\/\/magicgamesbolivia.com\/index.php\/wp-json\/wp\/v2\/product\/2674\/revisions\/2677"}],"wp:featuredmedia":[{"embeddable":true,"href":"https:\/\/magicgamesbolivia.com\/index.php\/wp-json\/wp\/v2\/media\/2675"}],"wp:attachment":[{"href":"https:\/\/magicgamesbolivia.com\/index.php\/wp-json\/wp\/v2\/media?parent=2674"}],"wp:term":[{"taxonomy":"product_brand","embeddable":true,"href":"https:\/\/magicgamesbolivia.com\/index.php\/wp-json\/wp\/v2\/product_brand?post=2674"},{"taxonomy":"product_cat","embeddable":true,"href":"https:\/\/magicgamesbolivia.com\/index.php\/wp-json\/wp\/v2\/product_cat?post=2674"},{"taxonomy":"product_tag","embeddable":true,"href":"https:\/\/magicgamesbolivia.com\/index.php\/wp-json\/wp\/v2\/product_tag?post=2674"}],"curies":[{"name":"wp","href":"https:\/\/api.w.org\/{rel}","templated":true}]}}