{"id":2670,"date":"2022-08-02T14:46:39","date_gmt":"2022-08-02T14:46:39","guid":{"rendered":"http:\/\/magicgamesbolivia.com\/?post_type=product&#038;p=2670"},"modified":"2026-01-14T14:03:02","modified_gmt":"2026-01-14T14:03:02","slug":"munchkin-6-mazmorras-majaretas","status":"publish","type":"product","link":"https:\/\/magicgamesbolivia.com\/index.php\/product\/munchkin-6-mazmorras-majaretas\/","title":{"rendered":"Munchkin 6: Mazmorras Majaretas"},"content":{"rendered":"<p><em>Mazmorras Majaretas<\/em>\u00a0presenta un nuevo giro para tus partidas de\u00a0<em>Munchkin<\/em>. Ahora puedes entrar en la Mazmorra del Exceso \u00c9lfico, o coger el Portal m\u00e1s cercano hacia la Mazmorra del Toqueteo Tentacular, \u00a1o incluso explorar ambas Mazmorras a la vez!<\/p>\n<p>Cada una de estas 20 cartas de doble tama\u00f1o a\u00f1ade una nueva regla que afecta a todos los jugadores, y quiz\u00e1s tambi\u00e9n a los monstruos. \u00a1Usa las 16 cartas de Portal para saltar de una Mazmorra a la siguiente en tu b\u00fasqueda de oro y gloria (y m\u00e1s oro)!<\/p>\n","protected":false},"excerpt":{"rendered":"<p>\u00a120 Mazmorras y 16 Portales para\u00a0<em>Munchkin<\/em>!<\/p>\n<p>\u00a1Ahora S\u00cd que saquear\u00e1s mazmorras!<\/p>\n<p><em>Munchkin<\/em>\u00a0va de echar las puertas abajo, matar monstruos, y robarles el tesoro. Pero, \u00bfy la mazmorra?<\/p>\n","protected":false},"featured_media":2671,"comment_status":"open","ping_status":"closed","template":"","meta":{"_themeisle_gutenberg_block_has_review":false},"product_brand":[],"product_cat":[29,104],"product_tag":[181,288,412,408],"class_list":{"0":"post-2670","1":"product","2":"type-product","3":"status-publish","4":"has-post-thumbnail","6":"product_cat-juegos-de-mesa","7":"product_cat-edge","8":"product_tag-edge","9":"product_tag-expansion","10":"product_tag-minchkin6","11":"product_tag-stevejackson","13":"first","14":"instock","15":"sold-individually","16":"shipping-taxable","17":"purchasable","18":"product-type-simple"},"_links":{"self":[{"href":"https:\/\/magicgamesbolivia.com\/index.php\/wp-json\/wp\/v2\/product\/2670","targetHints":{"allow":["GET"]}}],"collection":[{"href":"https:\/\/magicgamesbolivia.com\/index.php\/wp-json\/wp\/v2\/product"}],"about":[{"href":"https:\/\/magicgamesbolivia.com\/index.php\/wp-json\/wp\/v2\/types\/product"}],"replies":[{"embeddable":true,"href":"https:\/\/magicgamesbolivia.com\/index.php\/wp-json\/wp\/v2\/comments?post=2670"}],"version-history":[{"count":1,"href":"https:\/\/magicgamesbolivia.com\/index.php\/wp-json\/wp\/v2\/product\/2670\/revisions"}],"predecessor-version":[{"id":2673,"href":"https:\/\/magicgamesbolivia.com\/index.php\/wp-json\/wp\/v2\/product\/2670\/revisions\/2673"}],"wp:featuredmedia":[{"embeddable":true,"href":"https:\/\/magicgamesbolivia.com\/index.php\/wp-json\/wp\/v2\/media\/2671"}],"wp:attachment":[{"href":"https:\/\/magicgamesbolivia.com\/index.php\/wp-json\/wp\/v2\/media?parent=2670"}],"wp:term":[{"taxonomy":"product_brand","embeddable":true,"href":"https:\/\/magicgamesbolivia.com\/index.php\/wp-json\/wp\/v2\/product_brand?post=2670"},{"taxonomy":"product_cat","embeddable":true,"href":"https:\/\/magicgamesbolivia.com\/index.php\/wp-json\/wp\/v2\/product_cat?post=2670"},{"taxonomy":"product_tag","embeddable":true,"href":"https:\/\/magicgamesbolivia.com\/index.php\/wp-json\/wp\/v2\/product_tag?post=2670"}],"curies":[{"name":"wp","href":"https:\/\/api.w.org\/{rel}","templated":true}]}}