{"id":2666,"date":"2022-08-02T14:43:13","date_gmt":"2022-08-02T14:43:13","guid":{"rendered":"http:\/\/magicgamesbolivia.com\/?post_type=product&#038;p=2666"},"modified":"2026-01-14T14:03:13","modified_gmt":"2026-01-14T14:03:13","slug":"munchkin-5-exploradores-explotadores","status":"publish","type":"product","link":"https:\/\/magicgamesbolivia.com\/index.php\/product\/munchkin-5-exploradores-explotadores\/","title":{"rendered":"Munchkin 5: Exploradores Explotadores"},"content":{"rendered":"<p>\u00a1Una Expansi\u00f3n Monstruosa!<\/p>\n<p>\u00a1Ahora con ilustraciones a todo color!<\/p>\n<p>Presentando una nueva clase\u2026 \u00a1el Explorador! \u00a1Ahora podr\u00e1s domar a los monstruos y convertirlos en Monturas!<\/p>\n<p>Pero esta expansi\u00f3n tiene algo m\u00e1s que una nueva y totalmente descompensada Clase de personaje\u2026<\/p>\n<ul>\n<li>\u00a1Tesoros! Tienta a los monstruos con el Pinchito de M\u00faltiples Cosas o prot\u00e9gete de ellos con el poderoso Escudo Humano.<\/li>\n<li>\u00a1Monstruos! Escapa de las temibles Pulgas de la Pifia, y por favor, acaba de una vez con el Operador de Telemarketing.<\/li>\n<li>\u00a1Niveles! Aprov\u00e9chate del M\u00e1ster Novato y Cr\u00e9dulo o Acaba con la Ch\u00e1chara en la partida\u2026 \u00a1Lo que sea para subir un Nivel!<\/li>\n<\/ul>\n","protected":false},"excerpt":{"rendered":"<p>No hay amistad, grupo de juego, o nueva edici\u00f3n que pueda evitarlo: \u00a1Es hora de Explorar los m\u00e1s bajos instintos del munchkineo de competici\u00f3n!<\/p>\n<p>Esta caja es una expansi\u00f3n de\u00a0<i>Munchkin<\/i>. Necesitar\u00e1s la caja b\u00e1sica de\u00a0<i>Munchkin\u00a0<\/i>para poder jugar.<\/p>\n<div class=\"news_box background_color_grey_light product_components\">\n<div class=\"news_box_content\">\n<h6><span class=\"color_grey_dark\">CONTENIDO<\/span><\/h6>\n<\/div>\n<hr \/>\n<div class=\"news_box_content\">112 cartas.<\/div>\n<\/div>\n","protected":false},"featured_media":2668,"comment_status":"open","ping_status":"closed","template":"","meta":{"_themeisle_gutenberg_block_has_review":false},"product_brand":[],"product_cat":[29,104],"product_tag":[411,410,155,409],"class_list":{"0":"post-2666","1":"product","2":"type-product","3":"status-publish","4":"has-post-thumbnail","6":"product_cat-juegos-de-mesa","7":"product_cat-edge","8":"product_tag-edgee","9":"product_tag-expansiones","10":"product_tag-juegosdemesa","11":"product_tag-munchkin5","13":"first","14":"instock","15":"sold-individually","16":"shipping-taxable","17":"purchasable","18":"product-type-simple"},"_links":{"self":[{"href":"https:\/\/magicgamesbolivia.com\/index.php\/wp-json\/wp\/v2\/product\/2666","targetHints":{"allow":["GET"]}}],"collection":[{"href":"https:\/\/magicgamesbolivia.com\/index.php\/wp-json\/wp\/v2\/product"}],"about":[{"href":"https:\/\/magicgamesbolivia.com\/index.php\/wp-json\/wp\/v2\/types\/product"}],"replies":[{"embeddable":true,"href":"https:\/\/magicgamesbolivia.com\/index.php\/wp-json\/wp\/v2\/comments?post=2666"}],"version-history":[{"count":1,"href":"https:\/\/magicgamesbolivia.com\/index.php\/wp-json\/wp\/v2\/product\/2666\/revisions"}],"predecessor-version":[{"id":2669,"href":"https:\/\/magicgamesbolivia.com\/index.php\/wp-json\/wp\/v2\/product\/2666\/revisions\/2669"}],"wp:featuredmedia":[{"embeddable":true,"href":"https:\/\/magicgamesbolivia.com\/index.php\/wp-json\/wp\/v2\/media\/2668"}],"wp:attachment":[{"href":"https:\/\/magicgamesbolivia.com\/index.php\/wp-json\/wp\/v2\/media?parent=2666"}],"wp:term":[{"taxonomy":"product_brand","embeddable":true,"href":"https:\/\/magicgamesbolivia.com\/index.php\/wp-json\/wp\/v2\/product_brand?post=2666"},{"taxonomy":"product_cat","embeddable":true,"href":"https:\/\/magicgamesbolivia.com\/index.php\/wp-json\/wp\/v2\/product_cat?post=2666"},{"taxonomy":"product_tag","embeddable":true,"href":"https:\/\/magicgamesbolivia.com\/index.php\/wp-json\/wp\/v2\/product_tag?post=2666"}],"curies":[{"name":"wp","href":"https:\/\/api.w.org\/{rel}","templated":true}]}}