{"id":2663,"date":"2022-08-02T14:37:39","date_gmt":"2022-08-02T14:37:39","guid":{"rendered":"http:\/\/magicgamesbolivia.com\/?post_type=product&#038;p=2663"},"modified":"2026-01-14T14:03:27","modified_gmt":"2026-01-14T14:03:27","slug":"munchkin-4-que-locura-de-montura","status":"publish","type":"product","link":"https:\/\/magicgamesbolivia.com\/index.php\/product\/munchkin-4-que-locura-de-montura\/","title":{"rendered":"Munchkin 4 ! Que Locura de Montura !"},"content":{"rendered":"<p>Galopa por el Dungeon montado en tu Tigre, Drag\u00f3n, Gerbo Gigante Mutante, \u00c1guila, \u00a1o incluso en una Gallina!, cada uno con ese particular poder absolutamente IRRACIONAL que puedes esperar de\u00a0<i>Munchkin<\/i>.<\/p>\n<p>En<i>\u00a0<\/i><em>\u00a1Qu\u00e9 Locura de Montura!<\/em>\u00a0encontrar\u00e1s 112 nuevas cartas para\u00a0<em>Munchkin<\/em>, el archifamoso juego de pu\u00f1aladas traperas, saqueos y caos en estado puro. En esta ampliaci\u00f3n encontrar\u00e1s tambi\u00e9n un mont\u00f3n de Escuderos, que podr\u00e1s a\u00f1adir a tu s\u00e9quito para que uses sus habilidades especiales, y que se sacrificar\u00e1n para que salves tu miserable pellejo. O mejor a\u00fan, mata al Escudero de otro munchkin. \u00a1As\u00ed es como act\u00faa un verdadero munchkin!<\/p>\n<div class=\"news_box background_color_grey_light product_components\">\n<div class=\"news_box_content\">\n<h6><span class=\"color_grey_dark\">CONTENIDO<\/span><\/h6>\n<\/div>\n<hr \/>\n<div class=\"news_box_content\">112 cartas.<\/div>\n<\/div>\n","protected":false},"excerpt":{"rendered":"<p><em>\u00a1Munchkin a troche y esmoche!<\/em><\/p>\n<p>\u00a1Ahora con ilustraciones a todo color!<\/p>\n<p>Un gran h\u00e9roe necesita una gran montura para entrar en combate. Y un gran munchkin necesita una montura abusivamente poderosa. En esta ampliaci\u00f3n, te damos lo que te mereces.<\/p>\n<p>Galopa por el Dungeon montado en tu Tigre, Drag\u00f3n, Gerbo Gigante Mutante, \u00c1guila, \u00a1o incluso en una Gallina!, cada uno con ese particular poder absolutamente IRRACIONAL que puedes esperar de\u00a0<i>Munchkin<\/i>.<\/p>\n","protected":false},"featured_media":2664,"comment_status":"open","ping_status":"closed","template":"","meta":{"_themeisle_gutenberg_block_has_review":false},"product_brand":[],"product_cat":[29,104],"product_tag":[288,155,108,408],"class_list":{"0":"post-2663","1":"product","2":"type-product","3":"status-publish","4":"has-post-thumbnail","6":"product_cat-juegos-de-mesa","7":"product_cat-edge","8":"product_tag-expansion","9":"product_tag-juegosdemesa","10":"product_tag-munchkin","11":"product_tag-stevejackson","13":"first","14":"instock","15":"sold-individually","16":"shipping-taxable","17":"purchasable","18":"product-type-simple"},"_links":{"self":[{"href":"https:\/\/magicgamesbolivia.com\/index.php\/wp-json\/wp\/v2\/product\/2663","targetHints":{"allow":["GET"]}}],"collection":[{"href":"https:\/\/magicgamesbolivia.com\/index.php\/wp-json\/wp\/v2\/product"}],"about":[{"href":"https:\/\/magicgamesbolivia.com\/index.php\/wp-json\/wp\/v2\/types\/product"}],"replies":[{"embeddable":true,"href":"https:\/\/magicgamesbolivia.com\/index.php\/wp-json\/wp\/v2\/comments?post=2663"}],"version-history":[{"count":2,"href":"https:\/\/magicgamesbolivia.com\/index.php\/wp-json\/wp\/v2\/product\/2663\/revisions"}],"predecessor-version":[{"id":2667,"href":"https:\/\/magicgamesbolivia.com\/index.php\/wp-json\/wp\/v2\/product\/2663\/revisions\/2667"}],"wp:featuredmedia":[{"embeddable":true,"href":"https:\/\/magicgamesbolivia.com\/index.php\/wp-json\/wp\/v2\/media\/2664"}],"wp:attachment":[{"href":"https:\/\/magicgamesbolivia.com\/index.php\/wp-json\/wp\/v2\/media?parent=2663"}],"wp:term":[{"taxonomy":"product_brand","embeddable":true,"href":"https:\/\/magicgamesbolivia.com\/index.php\/wp-json\/wp\/v2\/product_brand?post=2663"},{"taxonomy":"product_cat","embeddable":true,"href":"https:\/\/magicgamesbolivia.com\/index.php\/wp-json\/wp\/v2\/product_cat?post=2663"},{"taxonomy":"product_tag","embeddable":true,"href":"https:\/\/magicgamesbolivia.com\/index.php\/wp-json\/wp\/v2\/product_tag?post=2663"}],"curies":[{"name":"wp","href":"https:\/\/api.w.org\/{rel}","templated":true}]}}